{"id":10343,"date":"2019-09-17T12:58:45","date_gmt":"2019-09-17T10:58:45","guid":{"rendered":"https:\/\/acana.com.pl\/karma\/?page_id=10343"},"modified":"2024-06-04T14:31:00","modified_gmt":"2024-06-04T12:31:00","slug":"whimzees","status":"publish","type":"page","link":"https:\/\/acana.com.pl\/karma\/nasze-marki\/whimzees\/","title":{"rendered":"Whimzees"},"content":{"rendered":"\n<p class=\"has-text-align-center\"><a href=\"https:\/\/sklep.acana.com.pl\/45-gryzaki-dentystyczne-dla-psa\" target=\"_blank\" rel=\"noopener noreferrer\"><span style=\"font-size: 20px;\"><strong>Gryzaki dentystyczne Whimzees dla ps\u00f3w<\/strong><\/span><\/a><\/p>\n\n\n<div class=\"wp-block-image\">\n<figure class=\"aligncenter size-full\"><img loading=\"lazy\" decoding=\"async\" width=\"266\" height=\"93\" src=\"https:\/\/acana.com.pl\/karma\/wp-content\/uploads\/2024\/06\/WHIMZEES-logo.png\" alt=\"\" class=\"wp-image-13023\"\/><\/figure>\n<\/div>\n\n\n<div style=\"height:30px\" aria-hidden=\"true\" class=\"wp-block-spacer\"><\/div>\n\n\n\n<p>F<strong>irma WellPet to grupa ludzi kochaj\u0105cych psy, ludzi i Ziemi\u0119. Maj\u0105 obsesj\u0119 na punkcie wprowadzania na rynek wy\u0142\u0105cznie najlepszych, najzdrowszych i najciekawszych do zabawy produkt\u00f3w dla ps\u00f3w. Robi\u0105 to w zr\u00f3wnowa\u017cony i spo\u0142ecznie odpowiedzialny spos\u00f3b. Tak powsta\u0142a marka Whimzees.<\/strong><\/p>\n\n\n\n<p>Whimzees to najlepsze na \u015bwiecie gryzaki dentystyczne, stworzone z my\u015bl\u0105 o higienie jamy ustnej ps\u00f3w. Wytwarzane s\u0105 w Holandii z najdoskonalszych sk\u0142adnik\u00f3w, wed\u0142ug najwy\u017cszych standard\u00f3w. To, co szczeg\u00f3lnie wa\u017cne, ca\u0142a ich produkcja odbywa si\u0119 w trosce o \u015brodowisko naturalne poprzez oszcz\u0119dno\u015b\u0107 energii, recykling i zarz\u0105dzanie odpadami.<\/p>\n\n\n\n<p><strong>Dlaczego gryzaki dentystyczne Whimzees s\u0105 tak wa\u017cne dla zdrowia Twojego psa? <\/strong><\/p>\n\n\n\n<p>Gryzaki dentystyczne WHIMZEES opracowano, aby pom\u00f3c w usuni\u0119ciu p\u0142ytki naz\u0119bnej i kamienia naz\u0119bnego u doros\u0142ych ps\u00f3w, poprzez mechaniczne \u015bcieranie. Dzi\u0119ki twardej konsystencji i unikatowym wzorom WHIMZEES zach\u0119caj\u0105 do d\u0142u\u017cszego \u017cucia, wyd\u0142u\u017caj\u0105c czas czyszczenia. Posiadaj\u0105 r\u00f3wnie\u017c wypustki i kraw\u0119dzie u\u0142atwiaj\u0105ce czyszczenie trudno dost\u0119pnych miejsc na podobie\u0144stwo w\u0142osia szczoteczki do z\u0119b\u00f3w. Dodatkow\u0105 zalet\u0105 gryzak\u00f3w dentystycznych jest to, \u017ce kiedy pies \u017cuje lub gryzie je przez d\u0142u\u017cszy czas, nast\u0119puje pobudzenie \u015blinianek i zwi\u0119kszone wydzielanie \u015bliny do jamy ustnej. \u015alina ps\u00f3w ma w\u0142a\u015bciwo\u015bci przeciwbakteryjne i jest szczeg\u00f3lnie skuteczna przeciwko bakteriom <em>Escherichia coli <\/em>i <em>Streptococcus canis<\/em>, dzi\u0119ki czemu mo\u017ce pom\u00f3c ograniczy\u0107 rozw\u00f3j p\u0142ytki naz\u0119bnej, poprawiaj\u0105c og\u00f3lny stan zdrowia z\u0119b\u00f3w.<\/p>\n\n\n\n<p><strong>Dlaczego piel\u0119gnacja z\u0119b\u00f3w jest wa\u017cna dla zdrowia psa?<\/strong><\/p>\n\n\n\n<p>Piel\u0119gnacja z\u0119b\u00f3w jest wa\u017cna dla zdrowia psa, poniewa\u017c je\u015bli jest niewystarczaj\u0105ca, mo\u017ce prowadzi\u0107 do rozwoju chor\u00f3b przyz\u0119bia. Choroby te s\u0105 bardzo powszechnym problemem zdrowotnym, wyst\u0119puj\u0105 u 80% ps\u00f3w. W grupie najwi\u0119kszego ryzyka znajduj\u0105 si\u0119 rasy ma\u0142e i psy w podesz\u0142ym wieku. W szczeg\u00f3lno\u015bci w przypadku ma\u0142ych ps\u00f3w brak miejsca w jamie ustnej powoduje st\u0142oczenie z\u0119b\u00f3w. Jest to bezpo\u015bredni\u0105 przyczyn\u0105 nasilonego wzrostu p\u0142ytki bakteryjnej. Psy mniejszych ras cz\u0119sto \u017cyj\u0105 te\u017c d\u0142u\u017cej, w zwi\u0105zku z czym w starszym wieku s\u0105 jeszcze bardziej podatne na wyst\u0119powanie chor\u00f3b przyz\u0119bia.<\/p>\n\n\n\n<p>Choroby przyz\u0119bia s\u0105 szczeg\u00f3lnie cz\u0119ste u starszych ps\u00f3w. Wyst\u0119puj\u0105 nawet u 96% ps\u00f3w w wieku od 12 do 14 lat. Do chor\u00f3b przyz\u0119bia zalicza si\u0119 wszelkie dolegliwo\u015bci zdrowotne w obr\u0119bie jamy ustnej. To m.in. stan zapalny, kamie\u0144 naz\u0119bny, zapalenie dzi\u0105se\u0142 i paradontoz\u0119. Od 2006 r. cz\u0119sto\u015b\u0107 wyst\u0119powania chor\u00f3b przyz\u0119bia u ps\u00f3w zwi\u0119kszy\u0142a si\u0119 o 23,3 proc. i z roku na rok wci\u0105\u017c ro\u015bnie. Profilaktyka we wczesnym okresie \u017cycia mo\u017ce pom\u00f3c zmniejszy\u0107 cz\u0119sto\u015b\u0107 wyst\u0119powania i dotkliwo\u015b\u0107 chor\u00f3b przyz\u0119bia u starszych ps\u00f3w.<\/p>\n\n\n\n<p>Jedynie 14 proc. ps\u00f3w poddawanych jest piel\u0119gnacji z\u0119b\u00f3w w klinice weterynaryjnej. Zaledwie 2 proc. w\u0142a\u015bcicieli codziennie szczotkuje swoim pupilom z\u0119by. Dane te powi\u0105zano z wysokim wska\u017anikiem wyst\u0119powania chor\u00f3b przyz\u0119bia. To wskazuje na to, \u017ce u wi\u0119kszo\u015bci ps\u00f3w z\u0119by nie s\u0105 nale\u017cycie piel\u0119gnowane. Na to nak\u0142ada si\u0119 fakt, \u017ce w\u0142a\u015bciciele ps\u00f3w cz\u0119sto b\u0142\u0119dnie uznaj\u0105 nieprzyjemny oddech, kamie\u0144, \u015blinienie si\u0119 oraz inne objawy za naturalne. Jednocze\u015bnie nie dostrzegaj\u0105c wczesnych sygna\u0142\u00f3w \u015bwiadcz\u0105cych o z\u0142ym stanie z\u0119b\u00f3w.<\/p>\n\n\n\n<p><strong>Manifest Whimzees:<\/strong><\/p>\n\n\n\n<p>Pies jest nasz\u0105 w\u0142asno\u015bci\u0105. To najlepszy przyjaciel cz\u0142owieka. Wydobywa z nas ludzi to, co najlepsze. Obdarza nas bezwarunkow\u0105 mi\u0142o\u015bci\u0105, mimo \u017ce mamy tylko dwie nogi i absolutnie wszystko musimy dok\u0142adnie przemy\u015ble\u0107. Oto nasza obietnica: K<em>ochamy Przyjacielu &#8211; obiecujemy ci zdrowie. Nasze produkty s\u0105 wytwarzane wy\u0142\u0105cznie z naturalnych sk\u0142adnik\u00f3w. Obiecujemy ci \u017cycie w lepszym \u015bwiecie. Nie zgodzimy si\u0119 na \u017cadne ust\u0119pstwa w dziedzinie naszych zr\u00f3wnowa\u017conych praktyk produkcyjnych. Obiecujemy ci r\u00f3wnie\u017c szcz\u0119\u015bcie. Je\u015bli istnieje jaka\u015b ko\u015b\u0107, kt\u00f3r\u0105 oboje lubimy, jest to weso\u0142a ko\u015b\u0107. Wierzymy, \u017ce jest to najwa\u017cniejsza ko\u015b\u0107 ze wszystkich. Kochamy ci\u0119 a nasza misja to sprawi\u0107, aby\u015b ty kocha\u0142 nas.<\/em><\/p>\n","protected":false},"excerpt":{"rendered":"<p>Gryzaki dentystyczne Whimzees dla ps\u00f3w Firma WellPet to grupa ludzi kochaj\u0105cych psy, ludzi i Ziemi\u0119. Maj\u0105 obsesj\u0119 na punkcie wprowadzania na rynek wy\u0142\u0105cznie najlepszych, najzdrowszych i najciekawszych do zabawy produkt\u00f3w dla ps\u00f3w. Robi\u0105 to w zr\u00f3wnowa\u017cony i spo\u0142ecznie odpowiedzialny spos\u00f3b. Tak powsta\u0142a marka Whimzees. Whimzees to najlepsze na \u015bwiecie gryzaki dentystyczne, stworzone z my\u015bl\u0105 o [&hellip;]<\/p>\n","protected":false},"author":9,"featured_media":0,"parent":5,"menu_order":0,"comment_status":"closed","ping_status":"closed","template":"","meta":{"_acf_changed":false,"_editorskit_title_hidden":false,"_editorskit_reading_time":0,"_editorskit_is_block_options_detached":false,"_editorskit_block_options_position":"{}","ngg_post_thumbnail":0,"footnotes":""},"class_list":["post-10343","page","type-page","status-publish","hentry"],"acf":[],"yoast_head":"<!-- This site is optimized with the Yoast SEO Premium plugin v27.4 (Yoast SEO v27.4) - https:\/\/yoast.com\/product\/yoast-seo-premium-wordpress\/ -->\n<title>Whimzees - Blog Acana Polska<\/title>\n<meta name=\"robots\" content=\"noindex, follow\" \/>\n<meta property=\"og:locale\" content=\"pl_PL\" \/>\n<meta property=\"og:type\" content=\"article\" \/>\n<meta property=\"og:title\" content=\"Whimzees\" \/>\n<meta property=\"og:description\" content=\"Gryzaki dentystyczne Whimzees dla ps\u00f3w Firma WellPet to grupa ludzi kochaj\u0105cych psy, ludzi i Ziemi\u0119. Maj\u0105 obsesj\u0119 na punkcie wprowadzania na rynek wy\u0142\u0105cznie najlepszych, najzdrowszych i najciekawszych do zabawy produkt\u00f3w dla ps\u00f3w. Robi\u0105 to w zr\u00f3wnowa\u017cony i spo\u0142ecznie odpowiedzialny spos\u00f3b. Tak powsta\u0142a marka Whimzees. Whimzees to najlepsze na \u015bwiecie gryzaki dentystyczne, stworzone z my\u015bl\u0105 o [&hellip;]\" \/>\n<meta property=\"og:url\" content=\"https:\/\/acana.com.pl\/karma\/nasze-marki\/whimzees\/\" \/>\n<meta property=\"og:site_name\" content=\"Blog Acana Polska\" \/>\n<meta property=\"article:publisher\" content=\"https:\/\/www.facebook.com\/acanapolska\/\" \/>\n<meta property=\"article:modified_time\" content=\"2024-06-04T12:31:00+00:00\" \/>\n<meta property=\"og:image\" content=\"https:\/\/acana.com.pl\/karma\/wp-content\/uploads\/2024\/06\/WHIMZEES-logo.png\" \/>\n<meta name=\"twitter:card\" content=\"summary_large_image\" \/>\n<meta name=\"twitter:label1\" content=\"Szacowany czas czytania\" \/>\n\t<meta name=\"twitter:data1\" content=\"4 minuty\" \/>\n<script type=\"application\/ld+json\" class=\"yoast-schema-graph\">{\"@context\":\"https:\\\/\\\/schema.org\",\"@graph\":[{\"@type\":\"WebPage\",\"@id\":\"https:\\\/\\\/acana.com.pl\\\/karma\\\/nasze-marki\\\/whimzees\\\/\",\"url\":\"https:\\\/\\\/acana.com.pl\\\/karma\\\/nasze-marki\\\/whimzees\\\/\",\"name\":\"Whimzees - Blog Acana Polska\",\"isPartOf\":{\"@id\":\"https:\\\/\\\/acana.com.pl\\\/karma\\\/#website\"},\"primaryImageOfPage\":{\"@id\":\"https:\\\/\\\/acana.com.pl\\\/karma\\\/nasze-marki\\\/whimzees\\\/#primaryimage\"},\"image\":{\"@id\":\"https:\\\/\\\/acana.com.pl\\\/karma\\\/nasze-marki\\\/whimzees\\\/#primaryimage\"},\"thumbnailUrl\":\"https:\\\/\\\/acana.com.pl\\\/karma\\\/wp-content\\\/uploads\\\/2024\\\/06\\\/WHIMZEES-logo.png\",\"datePublished\":\"2019-09-17T10:58:45+00:00\",\"dateModified\":\"2024-06-04T12:31:00+00:00\",\"breadcrumb\":{\"@id\":\"https:\\\/\\\/acana.com.pl\\\/karma\\\/nasze-marki\\\/whimzees\\\/#breadcrumb\"},\"inLanguage\":\"pl-PL\",\"potentialAction\":[{\"@type\":\"ReadAction\",\"target\":[\"https:\\\/\\\/acana.com.pl\\\/karma\\\/nasze-marki\\\/whimzees\\\/\"]}]},{\"@type\":\"ImageObject\",\"inLanguage\":\"pl-PL\",\"@id\":\"https:\\\/\\\/acana.com.pl\\\/karma\\\/nasze-marki\\\/whimzees\\\/#primaryimage\",\"url\":\"https:\\\/\\\/acana.com.pl\\\/karma\\\/wp-content\\\/uploads\\\/2024\\\/06\\\/WHIMZEES-logo.png\",\"contentUrl\":\"https:\\\/\\\/acana.com.pl\\\/karma\\\/wp-content\\\/uploads\\\/2024\\\/06\\\/WHIMZEES-logo.png\",\"width\":266,\"height\":93},{\"@type\":\"BreadcrumbList\",\"@id\":\"https:\\\/\\\/acana.com.pl\\\/karma\\\/nasze-marki\\\/whimzees\\\/#breadcrumb\",\"itemListElement\":[{\"@type\":\"ListItem\",\"position\":1,\"name\":\"Strona g\u0142\u00f3wna\",\"item\":\"https:\\\/\\\/acana.com.pl\\\/karma\\\/\"},{\"@type\":\"ListItem\",\"position\":2,\"name\":\"Nasze marki\",\"item\":\"https:\\\/\\\/acana.com.pl\\\/karma\\\/nasze-marki\\\/\"},{\"@type\":\"ListItem\",\"position\":3,\"name\":\"Whimzees\"}]},{\"@type\":\"WebSite\",\"@id\":\"https:\\\/\\\/acana.com.pl\\\/karma\\\/#website\",\"url\":\"https:\\\/\\\/acana.com.pl\\\/karma\\\/\",\"name\":\"Blog Acana Polska\",\"description\":\"\",\"publisher\":{\"@id\":\"https:\\\/\\\/acana.com.pl\\\/karma\\\/#organization\"},\"potentialAction\":[{\"@type\":\"SearchAction\",\"target\":{\"@type\":\"EntryPoint\",\"urlTemplate\":\"https:\\\/\\\/acana.com.pl\\\/karma\\\/?s={search_term_string}\"},\"query-input\":{\"@type\":\"PropertyValueSpecification\",\"valueRequired\":true,\"valueName\":\"search_term_string\"}}],\"inLanguage\":\"pl-PL\"},{\"@type\":\"Organization\",\"@id\":\"https:\\\/\\\/acana.com.pl\\\/karma\\\/#organization\",\"name\":\"ACANA POLSKA Sp. z o.o. Sp. K.\",\"url\":\"https:\\\/\\\/acana.com.pl\\\/karma\\\/\",\"logo\":{\"@type\":\"ImageObject\",\"inLanguage\":\"pl-PL\",\"@id\":\"https:\\\/\\\/acana.com.pl\\\/karma\\\/#\\\/schema\\\/logo\\\/image\\\/\",\"url\":\"https:\\\/\\\/acana.com.pl\\\/karma\\\/wp-content\\\/uploads\\\/2018\\\/02\\\/logo-Acana-1.png\",\"contentUrl\":\"https:\\\/\\\/acana.com.pl\\\/karma\\\/wp-content\\\/uploads\\\/2018\\\/02\\\/logo-Acana-1.png\",\"width\":154,\"height\":74,\"caption\":\"ACANA POLSKA Sp. z o.o. Sp. K.\"},\"image\":{\"@id\":\"https:\\\/\\\/acana.com.pl\\\/karma\\\/#\\\/schema\\\/logo\\\/image\\\/\"},\"sameAs\":[\"https:\\\/\\\/www.facebook.com\\\/acanapolska\\\/\"]}]}<\/script>\n<!-- \/ Yoast SEO Premium plugin. -->","yoast_head_json":{"title":"Whimzees - Blog Acana Polska","robots":{"index":"noindex","follow":"follow"},"og_locale":"pl_PL","og_type":"article","og_title":"Whimzees","og_description":"Gryzaki dentystyczne Whimzees dla ps\u00f3w Firma WellPet to grupa ludzi kochaj\u0105cych psy, ludzi i Ziemi\u0119. Maj\u0105 obsesj\u0119 na punkcie wprowadzania na rynek wy\u0142\u0105cznie najlepszych, najzdrowszych i najciekawszych do zabawy produkt\u00f3w dla ps\u00f3w. Robi\u0105 to w zr\u00f3wnowa\u017cony i spo\u0142ecznie odpowiedzialny spos\u00f3b. Tak powsta\u0142a marka Whimzees. Whimzees to najlepsze na \u015bwiecie gryzaki dentystyczne, stworzone z my\u015bl\u0105 o [&hellip;]","og_url":"https:\/\/acana.com.pl\/karma\/nasze-marki\/whimzees\/","og_site_name":"Blog Acana Polska","article_publisher":"https:\/\/www.facebook.com\/acanapolska\/","article_modified_time":"2024-06-04T12:31:00+00:00","og_image":[{"url":"https:\/\/acana.com.pl\/karma\/wp-content\/uploads\/2024\/06\/WHIMZEES-logo.png","type":"","width":"","height":""}],"twitter_card":"summary_large_image","twitter_misc":{"Szacowany czas czytania":"4 minuty"},"schema":{"@context":"https:\/\/schema.org","@graph":[{"@type":"WebPage","@id":"https:\/\/acana.com.pl\/karma\/nasze-marki\/whimzees\/","url":"https:\/\/acana.com.pl\/karma\/nasze-marki\/whimzees\/","name":"Whimzees - Blog Acana Polska","isPartOf":{"@id":"https:\/\/acana.com.pl\/karma\/#website"},"primaryImageOfPage":{"@id":"https:\/\/acana.com.pl\/karma\/nasze-marki\/whimzees\/#primaryimage"},"image":{"@id":"https:\/\/acana.com.pl\/karma\/nasze-marki\/whimzees\/#primaryimage"},"thumbnailUrl":"https:\/\/acana.com.pl\/karma\/wp-content\/uploads\/2024\/06\/WHIMZEES-logo.png","datePublished":"2019-09-17T10:58:45+00:00","dateModified":"2024-06-04T12:31:00+00:00","breadcrumb":{"@id":"https:\/\/acana.com.pl\/karma\/nasze-marki\/whimzees\/#breadcrumb"},"inLanguage":"pl-PL","potentialAction":[{"@type":"ReadAction","target":["https:\/\/acana.com.pl\/karma\/nasze-marki\/whimzees\/"]}]},{"@type":"ImageObject","inLanguage":"pl-PL","@id":"https:\/\/acana.com.pl\/karma\/nasze-marki\/whimzees\/#primaryimage","url":"https:\/\/acana.com.pl\/karma\/wp-content\/uploads\/2024\/06\/WHIMZEES-logo.png","contentUrl":"https:\/\/acana.com.pl\/karma\/wp-content\/uploads\/2024\/06\/WHIMZEES-logo.png","width":266,"height":93},{"@type":"BreadcrumbList","@id":"https:\/\/acana.com.pl\/karma\/nasze-marki\/whimzees\/#breadcrumb","itemListElement":[{"@type":"ListItem","position":1,"name":"Strona g\u0142\u00f3wna","item":"https:\/\/acana.com.pl\/karma\/"},{"@type":"ListItem","position":2,"name":"Nasze marki","item":"https:\/\/acana.com.pl\/karma\/nasze-marki\/"},{"@type":"ListItem","position":3,"name":"Whimzees"}]},{"@type":"WebSite","@id":"https:\/\/acana.com.pl\/karma\/#website","url":"https:\/\/acana.com.pl\/karma\/","name":"Blog Acana Polska","description":"","publisher":{"@id":"https:\/\/acana.com.pl\/karma\/#organization"},"potentialAction":[{"@type":"SearchAction","target":{"@type":"EntryPoint","urlTemplate":"https:\/\/acana.com.pl\/karma\/?s={search_term_string}"},"query-input":{"@type":"PropertyValueSpecification","valueRequired":true,"valueName":"search_term_string"}}],"inLanguage":"pl-PL"},{"@type":"Organization","@id":"https:\/\/acana.com.pl\/karma\/#organization","name":"ACANA POLSKA Sp. z o.o. Sp. K.","url":"https:\/\/acana.com.pl\/karma\/","logo":{"@type":"ImageObject","inLanguage":"pl-PL","@id":"https:\/\/acana.com.pl\/karma\/#\/schema\/logo\/image\/","url":"https:\/\/acana.com.pl\/karma\/wp-content\/uploads\/2018\/02\/logo-Acana-1.png","contentUrl":"https:\/\/acana.com.pl\/karma\/wp-content\/uploads\/2018\/02\/logo-Acana-1.png","width":154,"height":74,"caption":"ACANA POLSKA Sp. z o.o. Sp. K."},"image":{"@id":"https:\/\/acana.com.pl\/karma\/#\/schema\/logo\/image\/"},"sameAs":["https:\/\/www.facebook.com\/acanapolska\/"]}]}},"_links":{"self":[{"href":"https:\/\/acana.com.pl\/karma\/wp-json\/wp\/v2\/pages\/10343","targetHints":{"allow":["GET"]}}],"collection":[{"href":"https:\/\/acana.com.pl\/karma\/wp-json\/wp\/v2\/pages"}],"about":[{"href":"https:\/\/acana.com.pl\/karma\/wp-json\/wp\/v2\/types\/page"}],"author":[{"embeddable":true,"href":"https:\/\/acana.com.pl\/karma\/wp-json\/wp\/v2\/users\/9"}],"replies":[{"embeddable":true,"href":"https:\/\/acana.com.pl\/karma\/wp-json\/wp\/v2\/comments?post=10343"}],"version-history":[{"count":0,"href":"https:\/\/acana.com.pl\/karma\/wp-json\/wp\/v2\/pages\/10343\/revisions"}],"up":[{"embeddable":true,"href":"https:\/\/acana.com.pl\/karma\/wp-json\/wp\/v2\/pages\/5"}],"wp:attachment":[{"href":"https:\/\/acana.com.pl\/karma\/wp-json\/wp\/v2\/media?parent=10343"}],"curies":[{"name":"wp","href":"https:\/\/api.w.org\/{rel}","templated":true}]}}