{"id":104,"date":"2013-12-12T16:57:59","date_gmt":"2013-12-12T15:57:59","guid":{"rendered":"http:\/\/acana.com.pl\/?page_id=104"},"modified":"2021-03-15T12:16:32","modified_gmt":"2021-03-15T11:16:32","slug":"zespol","status":"publish","type":"page","link":"https:\/\/acana.com.pl\/karma\/o-nas\/zespol\/","title":{"rendered":"Zesp\u00f3\u0142"},"content":{"rendered":"<table border=\"0\" width=\"600\" cellspacing=\"5\" cellpadding=\"5\">\n<tbody>\n<tr>\n<td style=\"text-align: center;\" colspan=\"3\">\n<table border=\"0\" width=\"100%\" cellspacing=\"5\" cellpadding=\"5\">\n<tbody>\n<tr>\n<td>\n<div align=\"center\"><img loading=\"lazy\" decoding=\"async\" class=\"aligncenter size-medium wp-image-307\" src=\"https:\/\/acana.com.pl\/karma\/wp-content\/uploads\/2013\/12\/ewa_naworol-199x300.jpg\" alt=\"ewa_naworol\" width=\"180\" height=\"271\" srcset=\"https:\/\/acana.com.pl\/karma\/wp-content\/uploads\/2013\/12\/ewa_naworol-199x300.jpg 199w, https:\/\/acana.com.pl\/karma\/wp-content\/uploads\/2013\/12\/ewa_naworol.jpg 533w\" sizes=\"auto, (max-width: 180px) 100vw, 180px\" \/><strong>Ewa Naworol<\/strong> <em><br \/>\nW\u0142a\u015bciciel Firmy<\/em><\/div>\n<\/td>\n<td>\n<div align=\"center\"><img loading=\"lazy\" decoding=\"async\" class=\"aligncenter size-medium wp-image-314\" src=\"https:\/\/acana.com.pl\/karma\/wp-content\/uploads\/2013\/12\/dariusz_naworol-200x300.jpg\" alt=\"dariusz_naworol\" width=\"180\" height=\"271\" srcset=\"https:\/\/acana.com.pl\/karma\/wp-content\/uploads\/2013\/12\/dariusz_naworol-200x300.jpg 200w, https:\/\/acana.com.pl\/karma\/wp-content\/uploads\/2013\/12\/dariusz_naworol.jpg 534w\" sizes=\"auto, (max-width: 180px) 100vw, 180px\" \/><strong>Dariusz Naworol<\/strong> <em><br \/>\nDyrektor Zarz\u0105dzaj\u0105cy<\/em><\/div>\n<\/td>\n<\/tr>\n<\/tbody>\n<\/table>\n<\/td>\n<\/tr>\n<tr>\n<td style=\"text-align: center;\" width=\"180\"><img loading=\"lazy\" decoding=\"async\" class=\"aligncenter size-medium wp-image-345\" src=\"https:\/\/acana.com.pl\/karma\/wp-content\/uploads\/2014\/12\/renata_zakrzewska_dobroc.png\" alt=\"\" width=\"180\" height=\"272\"><strong>Renata Zakrzewska-Dobro\u0107 <\/strong><em><br \/>\nManager Dzia\u0142u Handlowego<br \/>\n<\/em><\/td>\n<td style=\"text-align: center;\"><img loading=\"lazy\" decoding=\"async\" class=\"aligncenter size-medium wp-image-345\" src=\"https:\/\/acana.com.pl\/karma\/wp-content\/uploads\/2014\/12\/katarzyna_makuch.jpg\" alt=\"kasia_makuch\" width=\"180\" height=\"272\"><strong>Katarzyna Makuch<\/strong><br \/>\n<em>Kierownik Dzia\u0142u Obs\u0142ugi Klienta<\/em><\/td>\n<td style=\"text-align: center;\"><img loading=\"lazy\" decoding=\"async\" class=\"aligncenter size-medium wp-image-347\" src=\"https:\/\/acana.com.pl\/karma\/wp-content\/uploads\/2013\/12\/paulina_reczuch-199x300.jpg\" alt=\"paulina_reczuch\" width=\"180\" height=\"272\"><strong>Paulina Reczuch<\/strong><br \/>\n<em>Specjalista ds. Sprzeda\u017cy <\/em><\/td>\n<\/tr>\n<tr>\n<td style=\"text-align: center;\" width=\"183\"><img loading=\"lazy\" decoding=\"async\" class=\"aligncenter size-medium wp-image-348\" src=\"https:\/\/acana.com.pl\/karma\/wp-content\/uploads\/2013\/12\/olga_januszkiewicz-199x300.jpg\" alt=\"olga_januszkiewicz\" width=\"180\" height=\"272\"><strong>Olga Januszkiewicz<\/strong> <em>Specjalista ds. Sprzeda\u017cy<\/em><\/td>\n<td style=\"text-align: center;\" width=\"180\"><img loading=\"lazy\" decoding=\"async\" class=\"aligncenter size-medium wp-image-349\" src=\"https:\/\/acana.com.pl\/karma\/wp-content\/uploads\/2013\/12\/krzysiek_kossakowski-199x300.jpg\" alt=\"krzysiek_kossakowski\" width=\"180\" height=\"272\"><strong>Krzysztof Kosakowski<\/strong><br \/>\n<em>Kierownik Dzia\u0142u Handlowego<\/em><\/td>\n<td style=\"text-align: center;\"><img loading=\"lazy\" decoding=\"async\" class=\"aligncenter size-medium wp-image-354\" src=\"https:\/\/acana.com.pl\/karma\/wp-content\/uploads\/2013\/12\/krzysiek_adamski-199x300.jpg\" alt=\"krzysiek_adamski\" width=\"180\" height=\"272\"><strong>Krzysztof Adamski<\/strong> <em>Przedstawiciel Handlowy<\/em><\/td>\n<\/tr>\n<tr>\n<td style=\"text-align: center;\"><img loading=\"lazy\" decoding=\"async\" class=\"aligncenter size-medium wp-image-355\" src=\"https:\/\/acana.com.pl\/karma\/wp-content\/uploads\/2013\/12\/tomasz_leibschang-199x300.jpg\" alt=\"tomasz_leibschang\" width=\"180\" height=\"270\" srcset=\"https:\/\/acana.com.pl\/karma\/wp-content\/uploads\/2013\/12\/tomasz_leibschang-199x300.jpg 199w, https:\/\/acana.com.pl\/karma\/wp-content\/uploads\/2013\/12\/tomasz_leibschang.jpg 533w\" sizes=\"auto, (max-width: 180px) 100vw, 180px\" \/><strong>Tomasz Leibschang<\/strong> <em>Przedstawiciel Handlowy<\/em><\/td>\n<td style=\"text-align: center;\"><img loading=\"lazy\" decoding=\"async\" class=\"aligncenter size-medium wp-image-351\" src=\"https:\/\/acana.com.pl\/karma\/wp-content\/uploads\/2014\/12\/marcin_wojciechowski.png\" alt=\"marcin_wojciechowski\" width=\"180\" height=\"271\"><strong>Marcin Wojciechowski <\/strong> <em>Przedstawiciel Handlowy<\/em><\/td>\n<td style=\"text-align: center;\"><img loading=\"lazy\" decoding=\"async\" class=\"aligncenter size-medium wp-image-351\" src=\"https:\/\/acana.com.pl\/karma\/wp-content\/uploads\/2014\/12\/pawel_mielniczek.png\" alt=\"dorota_chajdas\" width=\"180\" height=\"271\"><strong>Pawe\u0142 Mielniczek <\/strong> <em>Przedstawiciel Handlowy<\/em><\/td>\n<\/tr>\n<tr>\n<td style=\"text-align: center;\"><img loading=\"lazy\" decoding=\"async\" class=\"aligncenter size-medium wp-image-316\" src=\"https:\/\/acana.com.pl\/karma\/wp-content\/uploads\/2014\/12\/violetta_kania.png\" alt=\"Violetta Kania\" width=\"180\" height=\"271\"><strong>Violetta Kania <\/strong><em><br \/>\nPrzedstawiciel Handlowy <\/em><\/td>\n<td style=\"text-align: center;\"><img loading=\"lazy\" decoding=\"async\" class=\"aligncenter size-medium wp-image-316\" src=\"https:\/\/acana.com.pl\/karma\/wp-content\/uploads\/2013\/12\/paulina_burzynska-199x300.jpg\" alt=\"paulina_burzynska\" width=\"180\" height=\"271\" srcset=\"https:\/\/acana.com.pl\/karma\/wp-content\/uploads\/2013\/12\/paulina_burzynska-199x300.jpg 199w, https:\/\/acana.com.pl\/karma\/wp-content\/uploads\/2013\/12\/paulina_burzynska.jpg 533w\" sizes=\"auto, (max-width: 180px) 100vw, 180px\" \/><strong>Paulina Burzy\u0144ska<\/strong> <em>Asystentka Zarz\u0105du<\/em><\/td>\n<td style=\"text-align: center;\"><img loading=\"lazy\" decoding=\"async\" class=\"aligncenter size-medium wp-image-342\" src=\"https:\/\/acana.com.pl\/karma\/wp-content\/uploads\/2013\/12\/patrycja_weldzinska-199x300.jpg\" alt=\"patrycja_weldzinska\" width=\"180\" height=\"272\"><strong>Patrycja We\u0142dzinska<\/strong> <em>Specjalista ds. Marketingu<\/em><\/td>\n<\/tr>\n<tr>\n<td style=\"text-align: center;\"><img loading=\"lazy\" decoding=\"async\" class=\"aligncenter wp-image-356\" src=\"https:\/\/acana.com.pl\/karma\/wp-content\/uploads\/2014\/03\/DSC_0667_Kita_small.jpg\" alt=\"tomek_sobiecki\" width=\"180\" height=\"272\"><strong>Joanna Kita<\/strong><br \/>\n<em>Grafik\/Projektant<\/em><\/td>\n<td style=\"text-align: center;\"><img loading=\"lazy\" decoding=\"async\" class=\"aligncenter size-medium wp-image-319\" src=\"https:\/\/acana.com.pl\/karma\/wp-content\/uploads\/2013\/12\/magdalena_ziolkowska-199x300.jpg\" alt=\"magdalena_ziolkowska\" width=\"180\" height=\"272\"><strong>Magdalena Zi\u00f3\u0142kowska<\/strong><br \/>\n<em>G\u0142\u00f3wna Ksi\u0119gowa <\/em><\/td>\n<td style=\"text-align: center;\"><img loading=\"lazy\" decoding=\"async\" class=\"aligncenter size-medium wp-image-326\" src=\"https:\/\/acana.com.pl\/karma\/wp-content\/uploads\/2013\/12\/edyta_janik-199x300.jpg\" alt=\"edyta_janik\" width=\"180\" height=\"272\"><strong>Edyta Janik<\/strong> <em><br \/>\nKsi\u0119gowa<\/em><\/td>\n<\/tr>\n<tr>\n<td style=\"text-align: center;\"><img loading=\"lazy\" decoding=\"async\" class=\"aligncenter size-medium wp-image-326\" src=\"https:\/\/acana.com.pl\/karma\/wp-content\/uploads\/2014\/07\/aneta_czesna.jpg\" alt=\"edyta_janik\" width=\"180\" height=\"272\"><strong>Aneta Czesna<\/strong><br \/>\n<em> Ksi\u0119gowa<\/em><\/td>\n<td style=\"text-align: center;\"><img loading=\"lazy\" decoding=\"async\" class=\"aligncenter size-medium wp-image-328\" src=\"https:\/\/acana.com.pl\/karma\/wp-content\/uploads\/2013\/12\/bogus_witek-199x300.jpg\" alt=\"bogus_witek\" width=\"180\" height=\"257\"><strong>Bogus\u0142aw Witek<\/strong> <em> Kierownik Dzia\u0142u Analiz i Logistyki<\/em><\/td>\n<td style=\"text-align: center;\"><img loading=\"lazy\" decoding=\"async\" class=\"aligncenter size-medium wp-image-330\" src=\"https:\/\/acana.com.pl\/karma\/wp-content\/uploads\/2013\/12\/mirek_czastkiewicz-199x300.jpg\" alt=\"mirek_czastkiewicz\" width=\"180\" height=\"271\" srcset=\"https:\/\/acana.com.pl\/karma\/wp-content\/uploads\/2013\/12\/mirek_czastkiewicz-199x300.jpg 199w, https:\/\/acana.com.pl\/karma\/wp-content\/uploads\/2013\/12\/mirek_czastkiewicz.jpg 533w\" sizes=\"auto, (max-width: 180px) 100vw, 180px\" \/> <strong>Miros\u0142aw Cz\u0105stkiewicz<\/strong> <em><em>Kierownik Dzia\u0142u Magazyn<\/em><\/em><\/td>\n<\/tr>\n<tr>\n<td style=\"text-align: center;\"><img loading=\"lazy\" decoding=\"async\" class=\"aligncenter size-medium wp-image-332\" src=\"https:\/\/acana.com.pl\/karma\/wp-content\/uploads\/2013\/12\/slawek_jakob-199x300.jpg\" alt=\"slawek_jakob\" width=\"180\" height=\"272\"> <strong>S\u0142awomir Jak\u00f3b<\/strong> <em><em>Magazynier\/Kierowca<\/em><\/em><\/td>\n<td style=\"text-align: center;\"><img loading=\"lazy\" decoding=\"async\" class=\"aligncenter size-medium wp-image-331\" src=\"https:\/\/acana.com.pl\/karma\/wp-content\/uploads\/2013\/12\/krzysztof_tkaczyk-199x300.jpg\" alt=\"krzysztof_tkaczyk\" width=\"180\" height=\"272\"> <strong>Krzysztof Tkaczyk<\/strong> <em><em>Magazynier\/Kierowca<\/em><\/em><\/td>\n<td style=\"text-align: center;\"><img loading=\"lazy\" decoding=\"async\" class=\"aligncenter size-medium wp-image-333\" src=\"https:\/\/acana.com.pl\/karma\/wp-content\/uploads\/2013\/12\/pawel_witek-199x300.jpg\" alt=\"pawel_witek\" width=\"180\" height=\"272\"> <strong>Pawe\u0142 Witek<\/strong> <em> Magazynier\/Kierowca<\/em><\/td>\n<\/tr>\n<tr>\n<td style=\"text-align: center;\"><img loading=\"lazy\" decoding=\"async\" class=\"aligncenter size-medium wp-image-339\" src=\"https:\/\/acana.com.pl\/karma\/wp-content\/uploads\/2013\/12\/jarek_cwieczkowski-199x300.jpg\" alt=\"jarek_cwieczkowski\" width=\"180\" height=\"272\"><strong>Jaros\u0142aw \u0106wieczkowski<\/strong> <em>Kierowca<\/em><\/td>\n<td style=\"text-align: center;\"><img loading=\"lazy\" decoding=\"async\" class=\"aligncenter size-medium wp-image-340\" src=\"https:\/\/acana.com.pl\/karma\/wp-content\/uploads\/2013\/12\/agnieszka_chrusciel-199x300.jpg\" alt=\"agnieszka_chrusciel\" width=\"180\" height=\"272\"><strong>Agnieszka Chru\u015bciel<\/strong><br \/>\n<em>Asystent ds. Logistyki<\/em><\/td>\n<td style=\"text-align: center;\"><img loading=\"lazy\" decoding=\"async\" class=\"aligncenter wp-image-356\" src=\"https:\/\/acana.com.pl\/wp-content\/uploads\/2014\/03\/DSC_0620_Kasia_small.jpg\" alt=\"tomek_sobiecki\" width=\"180\" height=\"272\"><strong>Katarzyna Florczyk <\/strong> <em>Koordynator ds. Event\u00f3w <\/em><\/td>\n<\/tr>\n<tr>\n<td style=\"text-align: center;\"><img loading=\"lazy\" decoding=\"async\" class=\"aligncenter wp-image-356\" src=\"https:\/\/acana.com.pl\/karma\/wp-content\/uploads\/2014\/03\/DSC_0640_Karolina_small.jpg\" alt=\"tomek_sobiecki\" width=\"180\" height=\"272\"><strong>Karolina Wus <\/strong> <em><br \/>\nTechnik Prac Biurowych <\/em><\/td>\n<td style=\"text-align: center;\"><img loading=\"lazy\" decoding=\"async\" class=\"aligncenter wp-image-356\" src=\"https:\/\/acana.com.pl\/wp-content\/uploads\/2014\/03\/DSC_0665_Marcin_small.jpg\" alt=\"tomek_sobiecki\" width=\"180\" height=\"272\"><strong>Marcin Dr\u0105\u017ckiewicz<\/strong> <em> Magazynier <\/em><\/td>\n<td style=\"text-align: center;\">&nbsp;<\/td>\n<\/tr>\n<\/tbody>\n<\/table>\n","protected":false},"excerpt":{"rendered":"<p>Ewa Naworol W\u0142a\u015bciciel Firmy Dariusz Naworol Dyrektor Zarz\u0105dzaj\u0105cy Renata Zakrzewska-Dobro\u0107 Manager Dzia\u0142u Handlowego Katarzyna Makuch Kierownik Dzia\u0142u Obs\u0142ugi Klienta Paulina Reczuch Specjalista ds. Sprzeda\u017cy Olga Januszkiewicz Specjalista ds. Sprzeda\u017cy Krzysztof Kosakowski Kierownik Dzia\u0142u Handlowego Krzysztof Adamski Przedstawiciel Handlowy Tomasz Leibschang Przedstawiciel Handlowy Marcin Wojciechowski Przedstawiciel Handlowy Pawe\u0142 Mielniczek Przedstawiciel Handlowy Violetta Kania Przedstawiciel Handlowy Paulina [&hellip;]<\/p>\n","protected":false},"author":1,"featured_media":0,"parent":32,"menu_order":2,"comment_status":"closed","ping_status":"closed","template":"","meta":{"_acf_changed":false,"_editorskit_title_hidden":false,"_editorskit_reading_time":0,"_editorskit_is_block_options_detached":false,"_editorskit_block_options_position":"{}","ngg_post_thumbnail":0,"footnotes":""},"class_list":["post-104","page","type-page","status-publish","hentry"],"acf":[],"yoast_head":"<!-- This site is optimized with the Yoast SEO Premium plugin v27.4 (Yoast SEO v27.4) - https:\/\/yoast.com\/product\/yoast-seo-premium-wordpress\/ -->\n<title>Zesp\u00f3\u0142 -<\/title>\n<meta name=\"robots\" content=\"index, follow, max-snippet:-1, max-image-preview:large, max-video-preview:-1\" \/>\n<link rel=\"canonical\" href=\"https:\/\/acana.com.pl\/karma\/o-nas\/zespol\/\" \/>\n<meta property=\"og:locale\" content=\"pl_PL\" \/>\n<meta property=\"og:type\" content=\"article\" \/>\n<meta property=\"og:title\" content=\"Zesp\u00f3\u0142\" \/>\n<meta property=\"og:description\" content=\"Ewa Naworol W\u0142a\u015bciciel Firmy Dariusz Naworol Dyrektor Zarz\u0105dzaj\u0105cy Renata Zakrzewska-Dobro\u0107 Manager Dzia\u0142u Handlowego Katarzyna Makuch Kierownik Dzia\u0142u Obs\u0142ugi Klienta Paulina Reczuch Specjalista ds. Sprzeda\u017cy Olga Januszkiewicz Specjalista ds. Sprzeda\u017cy Krzysztof Kosakowski Kierownik Dzia\u0142u Handlowego Krzysztof Adamski Przedstawiciel Handlowy Tomasz Leibschang Przedstawiciel Handlowy Marcin Wojciechowski Przedstawiciel Handlowy Pawe\u0142 Mielniczek Przedstawiciel Handlowy Violetta Kania Przedstawiciel Handlowy Paulina [&hellip;]\" \/>\n<meta property=\"og:url\" content=\"https:\/\/acana.com.pl\/karma\/o-nas\/zespol\/\" \/>\n<meta property=\"og:site_name\" content=\"Blog Acana Polska\" \/>\n<meta property=\"article:publisher\" content=\"https:\/\/www.facebook.com\/acanapolska\/\" \/>\n<meta property=\"article:modified_time\" content=\"2021-03-15T11:16:32+00:00\" \/>\n<meta property=\"og:image\" content=\"https:\/\/acana.com.pl\/karma\/wp-content\/uploads\/2013\/12\/ewa_naworol-199x300.jpg\" \/>\n<meta name=\"twitter:card\" content=\"summary_large_image\" \/>\n<meta name=\"twitter:label1\" content=\"Szacowany czas czytania\" \/>\n\t<meta name=\"twitter:data1\" content=\"1 minuta\" \/>\n<script type=\"application\/ld+json\" class=\"yoast-schema-graph\">{\"@context\":\"https:\\\/\\\/schema.org\",\"@graph\":[{\"@type\":\"WebPage\",\"@id\":\"https:\\\/\\\/acana.com.pl\\\/karma\\\/o-nas\\\/zespol\\\/\",\"url\":\"https:\\\/\\\/acana.com.pl\\\/karma\\\/o-nas\\\/zespol\\\/\",\"name\":\"Zesp\u00f3\u0142 -\",\"isPartOf\":{\"@id\":\"https:\\\/\\\/acana.com.pl\\\/karma\\\/#website\"},\"primaryImageOfPage\":{\"@id\":\"https:\\\/\\\/acana.com.pl\\\/karma\\\/o-nas\\\/zespol\\\/#primaryimage\"},\"image\":{\"@id\":\"https:\\\/\\\/acana.com.pl\\\/karma\\\/o-nas\\\/zespol\\\/#primaryimage\"},\"thumbnailUrl\":\"https:\\\/\\\/acana.com.pl\\\/karma\\\/wp-content\\\/uploads\\\/2013\\\/12\\\/ewa_naworol-199x300.jpg\",\"datePublished\":\"2013-12-12T15:57:59+00:00\",\"dateModified\":\"2021-03-15T11:16:32+00:00\",\"breadcrumb\":{\"@id\":\"https:\\\/\\\/acana.com.pl\\\/karma\\\/o-nas\\\/zespol\\\/#breadcrumb\"},\"inLanguage\":\"pl-PL\",\"potentialAction\":[{\"@type\":\"ReadAction\",\"target\":[\"https:\\\/\\\/acana.com.pl\\\/karma\\\/o-nas\\\/zespol\\\/\"]}]},{\"@type\":\"ImageObject\",\"inLanguage\":\"pl-PL\",\"@id\":\"https:\\\/\\\/acana.com.pl\\\/karma\\\/o-nas\\\/zespol\\\/#primaryimage\",\"url\":\"https:\\\/\\\/acana.com.pl\\\/karma\\\/wp-content\\\/uploads\\\/2013\\\/12\\\/ewa_naworol.jpg\",\"contentUrl\":\"https:\\\/\\\/acana.com.pl\\\/karma\\\/wp-content\\\/uploads\\\/2013\\\/12\\\/ewa_naworol.jpg\",\"width\":533,\"height\":800},{\"@type\":\"BreadcrumbList\",\"@id\":\"https:\\\/\\\/acana.com.pl\\\/karma\\\/o-nas\\\/zespol\\\/#breadcrumb\",\"itemListElement\":[{\"@type\":\"ListItem\",\"position\":1,\"name\":\"Strona g\u0142\u00f3wna\",\"item\":\"https:\\\/\\\/acana.com.pl\\\/karma\\\/\"},{\"@type\":\"ListItem\",\"position\":2,\"name\":\"O nas\",\"item\":\"https:\\\/\\\/acana.com.pl\\\/karma\\\/o-nas\\\/\"},{\"@type\":\"ListItem\",\"position\":3,\"name\":\"Zesp\u00f3\u0142\"}]},{\"@type\":\"WebSite\",\"@id\":\"https:\\\/\\\/acana.com.pl\\\/karma\\\/#website\",\"url\":\"https:\\\/\\\/acana.com.pl\\\/karma\\\/\",\"name\":\"Blog Acana Polska\",\"description\":\"\",\"publisher\":{\"@id\":\"https:\\\/\\\/acana.com.pl\\\/karma\\\/#organization\"},\"potentialAction\":[{\"@type\":\"SearchAction\",\"target\":{\"@type\":\"EntryPoint\",\"urlTemplate\":\"https:\\\/\\\/acana.com.pl\\\/karma\\\/?s={search_term_string}\"},\"query-input\":{\"@type\":\"PropertyValueSpecification\",\"valueRequired\":true,\"valueName\":\"search_term_string\"}}],\"inLanguage\":\"pl-PL\"},{\"@type\":\"Organization\",\"@id\":\"https:\\\/\\\/acana.com.pl\\\/karma\\\/#organization\",\"name\":\"ACANA POLSKA Sp. z o.o. Sp. K.\",\"url\":\"https:\\\/\\\/acana.com.pl\\\/karma\\\/\",\"logo\":{\"@type\":\"ImageObject\",\"inLanguage\":\"pl-PL\",\"@id\":\"https:\\\/\\\/acana.com.pl\\\/karma\\\/#\\\/schema\\\/logo\\\/image\\\/\",\"url\":\"https:\\\/\\\/acana.com.pl\\\/karma\\\/wp-content\\\/uploads\\\/2018\\\/02\\\/logo-Acana-1.png\",\"contentUrl\":\"https:\\\/\\\/acana.com.pl\\\/karma\\\/wp-content\\\/uploads\\\/2018\\\/02\\\/logo-Acana-1.png\",\"width\":154,\"height\":74,\"caption\":\"ACANA POLSKA Sp. z o.o. Sp. K.\"},\"image\":{\"@id\":\"https:\\\/\\\/acana.com.pl\\\/karma\\\/#\\\/schema\\\/logo\\\/image\\\/\"},\"sameAs\":[\"https:\\\/\\\/www.facebook.com\\\/acanapolska\\\/\"]}]}<\/script>\n<!-- \/ Yoast SEO Premium plugin. -->","yoast_head_json":{"title":"Zesp\u00f3\u0142 -","robots":{"index":"index","follow":"follow","max-snippet":"max-snippet:-1","max-image-preview":"max-image-preview:large","max-video-preview":"max-video-preview:-1"},"canonical":"https:\/\/acana.com.pl\/karma\/o-nas\/zespol\/","og_locale":"pl_PL","og_type":"article","og_title":"Zesp\u00f3\u0142","og_description":"Ewa Naworol W\u0142a\u015bciciel Firmy Dariusz Naworol Dyrektor Zarz\u0105dzaj\u0105cy Renata Zakrzewska-Dobro\u0107 Manager Dzia\u0142u Handlowego Katarzyna Makuch Kierownik Dzia\u0142u Obs\u0142ugi Klienta Paulina Reczuch Specjalista ds. Sprzeda\u017cy Olga Januszkiewicz Specjalista ds. Sprzeda\u017cy Krzysztof Kosakowski Kierownik Dzia\u0142u Handlowego Krzysztof Adamski Przedstawiciel Handlowy Tomasz Leibschang Przedstawiciel Handlowy Marcin Wojciechowski Przedstawiciel Handlowy Pawe\u0142 Mielniczek Przedstawiciel Handlowy Violetta Kania Przedstawiciel Handlowy Paulina [&hellip;]","og_url":"https:\/\/acana.com.pl\/karma\/o-nas\/zespol\/","og_site_name":"Blog Acana Polska","article_publisher":"https:\/\/www.facebook.com\/acanapolska\/","article_modified_time":"2021-03-15T11:16:32+00:00","og_image":[{"url":"https:\/\/acana.com.pl\/karma\/wp-content\/uploads\/2013\/12\/ewa_naworol-199x300.jpg","type":"","width":"","height":""}],"twitter_card":"summary_large_image","twitter_misc":{"Szacowany czas czytania":"1 minuta"},"schema":{"@context":"https:\/\/schema.org","@graph":[{"@type":"WebPage","@id":"https:\/\/acana.com.pl\/karma\/o-nas\/zespol\/","url":"https:\/\/acana.com.pl\/karma\/o-nas\/zespol\/","name":"Zesp\u00f3\u0142 -","isPartOf":{"@id":"https:\/\/acana.com.pl\/karma\/#website"},"primaryImageOfPage":{"@id":"https:\/\/acana.com.pl\/karma\/o-nas\/zespol\/#primaryimage"},"image":{"@id":"https:\/\/acana.com.pl\/karma\/o-nas\/zespol\/#primaryimage"},"thumbnailUrl":"https:\/\/acana.com.pl\/karma\/wp-content\/uploads\/2013\/12\/ewa_naworol-199x300.jpg","datePublished":"2013-12-12T15:57:59+00:00","dateModified":"2021-03-15T11:16:32+00:00","breadcrumb":{"@id":"https:\/\/acana.com.pl\/karma\/o-nas\/zespol\/#breadcrumb"},"inLanguage":"pl-PL","potentialAction":[{"@type":"ReadAction","target":["https:\/\/acana.com.pl\/karma\/o-nas\/zespol\/"]}]},{"@type":"ImageObject","inLanguage":"pl-PL","@id":"https:\/\/acana.com.pl\/karma\/o-nas\/zespol\/#primaryimage","url":"https:\/\/acana.com.pl\/karma\/wp-content\/uploads\/2013\/12\/ewa_naworol.jpg","contentUrl":"https:\/\/acana.com.pl\/karma\/wp-content\/uploads\/2013\/12\/ewa_naworol.jpg","width":533,"height":800},{"@type":"BreadcrumbList","@id":"https:\/\/acana.com.pl\/karma\/o-nas\/zespol\/#breadcrumb","itemListElement":[{"@type":"ListItem","position":1,"name":"Strona g\u0142\u00f3wna","item":"https:\/\/acana.com.pl\/karma\/"},{"@type":"ListItem","position":2,"name":"O nas","item":"https:\/\/acana.com.pl\/karma\/o-nas\/"},{"@type":"ListItem","position":3,"name":"Zesp\u00f3\u0142"}]},{"@type":"WebSite","@id":"https:\/\/acana.com.pl\/karma\/#website","url":"https:\/\/acana.com.pl\/karma\/","name":"Blog Acana Polska","description":"","publisher":{"@id":"https:\/\/acana.com.pl\/karma\/#organization"},"potentialAction":[{"@type":"SearchAction","target":{"@type":"EntryPoint","urlTemplate":"https:\/\/acana.com.pl\/karma\/?s={search_term_string}"},"query-input":{"@type":"PropertyValueSpecification","valueRequired":true,"valueName":"search_term_string"}}],"inLanguage":"pl-PL"},{"@type":"Organization","@id":"https:\/\/acana.com.pl\/karma\/#organization","name":"ACANA POLSKA Sp. z o.o. Sp. K.","url":"https:\/\/acana.com.pl\/karma\/","logo":{"@type":"ImageObject","inLanguage":"pl-PL","@id":"https:\/\/acana.com.pl\/karma\/#\/schema\/logo\/image\/","url":"https:\/\/acana.com.pl\/karma\/wp-content\/uploads\/2018\/02\/logo-Acana-1.png","contentUrl":"https:\/\/acana.com.pl\/karma\/wp-content\/uploads\/2018\/02\/logo-Acana-1.png","width":154,"height":74,"caption":"ACANA POLSKA Sp. z o.o. Sp. K."},"image":{"@id":"https:\/\/acana.com.pl\/karma\/#\/schema\/logo\/image\/"},"sameAs":["https:\/\/www.facebook.com\/acanapolska\/"]}]}},"_links":{"self":[{"href":"https:\/\/acana.com.pl\/karma\/wp-json\/wp\/v2\/pages\/104","targetHints":{"allow":["GET"]}}],"collection":[{"href":"https:\/\/acana.com.pl\/karma\/wp-json\/wp\/v2\/pages"}],"about":[{"href":"https:\/\/acana.com.pl\/karma\/wp-json\/wp\/v2\/types\/page"}],"author":[{"embeddable":true,"href":"https:\/\/acana.com.pl\/karma\/wp-json\/wp\/v2\/users\/1"}],"replies":[{"embeddable":true,"href":"https:\/\/acana.com.pl\/karma\/wp-json\/wp\/v2\/comments?post=104"}],"version-history":[{"count":0,"href":"https:\/\/acana.com.pl\/karma\/wp-json\/wp\/v2\/pages\/104\/revisions"}],"up":[{"embeddable":true,"href":"https:\/\/acana.com.pl\/karma\/wp-json\/wp\/v2\/pages\/32"}],"wp:attachment":[{"href":"https:\/\/acana.com.pl\/karma\/wp-json\/wp\/v2\/media?parent=104"}],"curies":[{"name":"wp","href":"https:\/\/api.w.org\/{rel}","templated":true}]}}