{"id":106,"date":"2013-12-12T16:59:49","date_gmt":"2013-12-12T15:59:49","guid":{"rendered":"http:\/\/acana.com.pl\/?page_id=106"},"modified":"2026-04-21T13:24:48","modified_gmt":"2026-04-21T11:24:48","slug":"kariera","status":"publish","type":"page","link":"https:\/\/acana.com.pl\/karma\/o-nas\/kariera\/","title":{"rendered":"Praca"},"content":{"rendered":"\r\n<p><span style=\"font-size: 16px; font-family: times new roman, times, serif;\">Od ponad 25 lat zapewniamy mi\u0142o\u015bnikom zwierz\u0105t dost\u0119p do najwy\u017cszej klasy jedzenia<\/span><span style=\"font-size: 16px; font-family: times new roman, times, serif;\"> ACANA i ORIJEN oraz akcesori\u00f3w dla ps\u00f3w i kot\u00f3w. Siedziba naszej firmy znajduje si\u0119 w Jelczu-Laskowicach. Tutaj odnajdziesz zar\u00f3wno t\u0119tni\u0105ce \u017cyciem Centrum Dowodzenia \u2013 biura, w kt\u00f3rych zajmujemy si\u0119 obs\u0142ug\u0105 Klient\u00f3w z ca\u0142ej Polski, jak i serce firmy Acana Polska \u2013 magazyn, w kt\u00f3rym przechowujemy ca\u0142\u0105 nasz\u0105 tajemnic\u0119 i klucz do sukcesu: bezkonkurencyjne produkty najlepszych \u015bwiatowych marek.<\/span><\/p>\r\n\r\n\r\n\r\n<p>REKRUTACJA NA STANOWISKA<\/p>\r\n<p><a href=\"https:\/\/acana.com.pl\/karma\/wp-content\/uploads\/2026\/01\/Specjalista-tka-ds.-Marketingu-1.pdf\"><img loading=\"lazy\" decoding=\"async\" class=\"aligncenter wp-image-13793 size-full\" src=\"https:\/\/acana.com.pl\/karma\/wp-content\/uploads\/2026\/03\/Przycisk-Specjalisty_ki_ds.Marketingu.jpg\" alt=\"\" width=\"1080\" height=\"142\" srcset=\"https:\/\/acana.com.pl\/karma\/wp-content\/uploads\/2026\/03\/Przycisk-Specjalisty_ki_ds.Marketingu.jpg 1080w, https:\/\/acana.com.pl\/karma\/wp-content\/uploads\/2026\/03\/Przycisk-Specjalisty_ki_ds.Marketingu-300x39.jpg 300w, https:\/\/acana.com.pl\/karma\/wp-content\/uploads\/2026\/03\/Przycisk-Specjalisty_ki_ds.Marketingu-1024x135.jpg 1024w, https:\/\/acana.com.pl\/karma\/wp-content\/uploads\/2026\/03\/Przycisk-Specjalisty_ki_ds.Marketingu-768x101.jpg 768w\" sizes=\"auto, (max-width: 1080px) 100vw, 1080px\" \/><\/a><\/p>\r\n<p>&nbsp;<\/p>\r\n<p>&nbsp;<\/p>\r\n","protected":false},"excerpt":{"rendered":"<p>Od ponad 25 lat zapewniamy mi\u0142o\u015bnikom zwierz\u0105t dost\u0119p do najwy\u017cszej klasy jedzenia ACANA i ORIJEN oraz akcesori\u00f3w dla ps\u00f3w i kot\u00f3w. Siedziba naszej firmy znajduje si\u0119 w Jelczu-Laskowicach. Tutaj odnajdziesz zar\u00f3wno t\u0119tni\u0105ce \u017cyciem Centrum Dowodzenia \u2013 biura, w kt\u00f3rych zajmujemy si\u0119 obs\u0142ug\u0105 Klient\u00f3w z ca\u0142ej Polski, jak i serce firmy Acana Polska \u2013 magazyn, w [&hellip;]<\/p>\n","protected":false},"author":1,"featured_media":0,"parent":32,"menu_order":3,"comment_status":"closed","ping_status":"closed","template":"submenu-page.php","meta":{"_acf_changed":false,"_editorskit_title_hidden":false,"_editorskit_reading_time":0,"_editorskit_is_block_options_detached":false,"_editorskit_block_options_position":"{}","ngg_post_thumbnail":0,"footnotes":""},"class_list":["post-106","page","type-page","status-publish","hentry"],"acf":[],"yoast_head":"<!-- This site is optimized with the Yoast SEO Premium plugin v27.4 (Yoast SEO v27.4) - https:\/\/yoast.com\/product\/yoast-seo-premium-wordpress\/ -->\n<title>Praca - Blog Acana Polska<\/title>\n<meta name=\"description\" content=\"Praca stacjonarna w Jelczu-Laskowicach - Opiekun\/ka Klienta Biznesowych. Wsparcie sprzeda\u017cy. Utrzymanie pozytywnych relacji z klientami.\" \/>\n<meta name=\"robots\" content=\"index, follow, max-snippet:-1, max-image-preview:large, max-video-preview:-1\" \/>\n<link rel=\"canonical\" href=\"https:\/\/acana.com.pl\/karma\/o-nas\/kariera\/\" \/>\n<meta property=\"og:locale\" content=\"pl_PL\" \/>\n<meta property=\"og:type\" content=\"article\" \/>\n<meta property=\"og:title\" content=\"Praca\" \/>\n<meta property=\"og:description\" content=\"Praca stacjonarna w Jelczu-Laskowicach - Opiekun\/ka Klienta Biznesowych. Wsparcie sprzeda\u017cy. Utrzymanie pozytywnych relacji z klientami.\" \/>\n<meta property=\"og:url\" content=\"https:\/\/acana.com.pl\/karma\/o-nas\/kariera\/\" \/>\n<meta property=\"og:site_name\" content=\"Blog Acana Polska\" \/>\n<meta property=\"article:publisher\" content=\"https:\/\/www.facebook.com\/acanapolska\/\" \/>\n<meta property=\"article:modified_time\" content=\"2026-04-21T11:24:48+00:00\" \/>\n<meta property=\"og:image\" content=\"https:\/\/acana.com.pl\/karma\/wp-content\/uploads\/2026\/03\/Przycisk-Specjalisty_ki_ds.Marketingu.jpg\" \/>\n\t<meta property=\"og:image:width\" content=\"1080\" \/>\n\t<meta property=\"og:image:height\" content=\"142\" \/>\n\t<meta property=\"og:image:type\" content=\"image\/jpeg\" \/>\n<meta name=\"twitter:card\" content=\"summary_large_image\" \/>\n<meta name=\"twitter:label1\" content=\"Szacowany czas czytania\" \/>\n\t<meta name=\"twitter:data1\" content=\"1 minuta\" \/>\n<script type=\"application\/ld+json\" class=\"yoast-schema-graph\">{\"@context\":\"https:\\\/\\\/schema.org\",\"@graph\":[{\"@type\":\"WebPage\",\"@id\":\"https:\\\/\\\/acana.com.pl\\\/karma\\\/o-nas\\\/kariera\\\/\",\"url\":\"https:\\\/\\\/acana.com.pl\\\/karma\\\/o-nas\\\/kariera\\\/\",\"name\":\"Praca - Blog Acana Polska\",\"isPartOf\":{\"@id\":\"https:\\\/\\\/acana.com.pl\\\/karma\\\/#website\"},\"primaryImageOfPage\":{\"@id\":\"https:\\\/\\\/acana.com.pl\\\/karma\\\/o-nas\\\/kariera\\\/#primaryimage\"},\"image\":{\"@id\":\"https:\\\/\\\/acana.com.pl\\\/karma\\\/o-nas\\\/kariera\\\/#primaryimage\"},\"thumbnailUrl\":\"https:\\\/\\\/acana.com.pl\\\/karma\\\/wp-content\\\/uploads\\\/2026\\\/03\\\/Przycisk-Specjalisty_ki_ds.Marketingu.jpg\",\"datePublished\":\"2013-12-12T15:59:49+00:00\",\"dateModified\":\"2026-04-21T11:24:48+00:00\",\"description\":\"Praca stacjonarna w Jelczu-Laskowicach - Opiekun\\\/ka Klienta Biznesowych. Wsparcie sprzeda\u017cy. Utrzymanie pozytywnych relacji z klientami.\",\"breadcrumb\":{\"@id\":\"https:\\\/\\\/acana.com.pl\\\/karma\\\/o-nas\\\/kariera\\\/#breadcrumb\"},\"inLanguage\":\"pl-PL\",\"potentialAction\":[{\"@type\":\"ReadAction\",\"target\":[\"https:\\\/\\\/acana.com.pl\\\/karma\\\/o-nas\\\/kariera\\\/\"]}]},{\"@type\":\"ImageObject\",\"inLanguage\":\"pl-PL\",\"@id\":\"https:\\\/\\\/acana.com.pl\\\/karma\\\/o-nas\\\/kariera\\\/#primaryimage\",\"url\":\"https:\\\/\\\/acana.com.pl\\\/karma\\\/wp-content\\\/uploads\\\/2026\\\/03\\\/Przycisk-Specjalisty_ki_ds.Marketingu.jpg\",\"contentUrl\":\"https:\\\/\\\/acana.com.pl\\\/karma\\\/wp-content\\\/uploads\\\/2026\\\/03\\\/Przycisk-Specjalisty_ki_ds.Marketingu.jpg\",\"width\":1080,\"height\":142},{\"@type\":\"BreadcrumbList\",\"@id\":\"https:\\\/\\\/acana.com.pl\\\/karma\\\/o-nas\\\/kariera\\\/#breadcrumb\",\"itemListElement\":[{\"@type\":\"ListItem\",\"position\":1,\"name\":\"Strona g\u0142\u00f3wna\",\"item\":\"https:\\\/\\\/acana.com.pl\\\/karma\\\/\"},{\"@type\":\"ListItem\",\"position\":2,\"name\":\"O nas\",\"item\":\"https:\\\/\\\/acana.com.pl\\\/karma\\\/o-nas\\\/\"},{\"@type\":\"ListItem\",\"position\":3,\"name\":\"Praca\"}]},{\"@type\":\"WebSite\",\"@id\":\"https:\\\/\\\/acana.com.pl\\\/karma\\\/#website\",\"url\":\"https:\\\/\\\/acana.com.pl\\\/karma\\\/\",\"name\":\"Blog Acana Polska\",\"description\":\"\",\"publisher\":{\"@id\":\"https:\\\/\\\/acana.com.pl\\\/karma\\\/#organization\"},\"potentialAction\":[{\"@type\":\"SearchAction\",\"target\":{\"@type\":\"EntryPoint\",\"urlTemplate\":\"https:\\\/\\\/acana.com.pl\\\/karma\\\/?s={search_term_string}\"},\"query-input\":{\"@type\":\"PropertyValueSpecification\",\"valueRequired\":true,\"valueName\":\"search_term_string\"}}],\"inLanguage\":\"pl-PL\"},{\"@type\":\"Organization\",\"@id\":\"https:\\\/\\\/acana.com.pl\\\/karma\\\/#organization\",\"name\":\"ACANA POLSKA Sp. z o.o. Sp. K.\",\"url\":\"https:\\\/\\\/acana.com.pl\\\/karma\\\/\",\"logo\":{\"@type\":\"ImageObject\",\"inLanguage\":\"pl-PL\",\"@id\":\"https:\\\/\\\/acana.com.pl\\\/karma\\\/#\\\/schema\\\/logo\\\/image\\\/\",\"url\":\"https:\\\/\\\/acana.com.pl\\\/karma\\\/wp-content\\\/uploads\\\/2018\\\/02\\\/logo-Acana-1.png\",\"contentUrl\":\"https:\\\/\\\/acana.com.pl\\\/karma\\\/wp-content\\\/uploads\\\/2018\\\/02\\\/logo-Acana-1.png\",\"width\":154,\"height\":74,\"caption\":\"ACANA POLSKA Sp. z o.o. Sp. K.\"},\"image\":{\"@id\":\"https:\\\/\\\/acana.com.pl\\\/karma\\\/#\\\/schema\\\/logo\\\/image\\\/\"},\"sameAs\":[\"https:\\\/\\\/www.facebook.com\\\/acanapolska\\\/\"]}]}<\/script>\n<!-- \/ Yoast SEO Premium plugin. -->","yoast_head_json":{"title":"Praca - Blog Acana Polska","description":"Praca stacjonarna w Jelczu-Laskowicach - Opiekun\/ka Klienta Biznesowych. Wsparcie sprzeda\u017cy. Utrzymanie pozytywnych relacji z klientami.","robots":{"index":"index","follow":"follow","max-snippet":"max-snippet:-1","max-image-preview":"max-image-preview:large","max-video-preview":"max-video-preview:-1"},"canonical":"https:\/\/acana.com.pl\/karma\/o-nas\/kariera\/","og_locale":"pl_PL","og_type":"article","og_title":"Praca","og_description":"Praca stacjonarna w Jelczu-Laskowicach - Opiekun\/ka Klienta Biznesowych. Wsparcie sprzeda\u017cy. Utrzymanie pozytywnych relacji z klientami.","og_url":"https:\/\/acana.com.pl\/karma\/o-nas\/kariera\/","og_site_name":"Blog Acana Polska","article_publisher":"https:\/\/www.facebook.com\/acanapolska\/","article_modified_time":"2026-04-21T11:24:48+00:00","og_image":[{"width":1080,"height":142,"url":"https:\/\/acana.com.pl\/karma\/wp-content\/uploads\/2026\/03\/Przycisk-Specjalisty_ki_ds.Marketingu.jpg","type":"image\/jpeg"}],"twitter_card":"summary_large_image","twitter_misc":{"Szacowany czas czytania":"1 minuta"},"schema":{"@context":"https:\/\/schema.org","@graph":[{"@type":"WebPage","@id":"https:\/\/acana.com.pl\/karma\/o-nas\/kariera\/","url":"https:\/\/acana.com.pl\/karma\/o-nas\/kariera\/","name":"Praca - Blog Acana Polska","isPartOf":{"@id":"https:\/\/acana.com.pl\/karma\/#website"},"primaryImageOfPage":{"@id":"https:\/\/acana.com.pl\/karma\/o-nas\/kariera\/#primaryimage"},"image":{"@id":"https:\/\/acana.com.pl\/karma\/o-nas\/kariera\/#primaryimage"},"thumbnailUrl":"https:\/\/acana.com.pl\/karma\/wp-content\/uploads\/2026\/03\/Przycisk-Specjalisty_ki_ds.Marketingu.jpg","datePublished":"2013-12-12T15:59:49+00:00","dateModified":"2026-04-21T11:24:48+00:00","description":"Praca stacjonarna w Jelczu-Laskowicach - Opiekun\/ka Klienta Biznesowych. Wsparcie sprzeda\u017cy. Utrzymanie pozytywnych relacji z klientami.","breadcrumb":{"@id":"https:\/\/acana.com.pl\/karma\/o-nas\/kariera\/#breadcrumb"},"inLanguage":"pl-PL","potentialAction":[{"@type":"ReadAction","target":["https:\/\/acana.com.pl\/karma\/o-nas\/kariera\/"]}]},{"@type":"ImageObject","inLanguage":"pl-PL","@id":"https:\/\/acana.com.pl\/karma\/o-nas\/kariera\/#primaryimage","url":"https:\/\/acana.com.pl\/karma\/wp-content\/uploads\/2026\/03\/Przycisk-Specjalisty_ki_ds.Marketingu.jpg","contentUrl":"https:\/\/acana.com.pl\/karma\/wp-content\/uploads\/2026\/03\/Przycisk-Specjalisty_ki_ds.Marketingu.jpg","width":1080,"height":142},{"@type":"BreadcrumbList","@id":"https:\/\/acana.com.pl\/karma\/o-nas\/kariera\/#breadcrumb","itemListElement":[{"@type":"ListItem","position":1,"name":"Strona g\u0142\u00f3wna","item":"https:\/\/acana.com.pl\/karma\/"},{"@type":"ListItem","position":2,"name":"O nas","item":"https:\/\/acana.com.pl\/karma\/o-nas\/"},{"@type":"ListItem","position":3,"name":"Praca"}]},{"@type":"WebSite","@id":"https:\/\/acana.com.pl\/karma\/#website","url":"https:\/\/acana.com.pl\/karma\/","name":"Blog Acana Polska","description":"","publisher":{"@id":"https:\/\/acana.com.pl\/karma\/#organization"},"potentialAction":[{"@type":"SearchAction","target":{"@type":"EntryPoint","urlTemplate":"https:\/\/acana.com.pl\/karma\/?s={search_term_string}"},"query-input":{"@type":"PropertyValueSpecification","valueRequired":true,"valueName":"search_term_string"}}],"inLanguage":"pl-PL"},{"@type":"Organization","@id":"https:\/\/acana.com.pl\/karma\/#organization","name":"ACANA POLSKA Sp. z o.o. Sp. K.","url":"https:\/\/acana.com.pl\/karma\/","logo":{"@type":"ImageObject","inLanguage":"pl-PL","@id":"https:\/\/acana.com.pl\/karma\/#\/schema\/logo\/image\/","url":"https:\/\/acana.com.pl\/karma\/wp-content\/uploads\/2018\/02\/logo-Acana-1.png","contentUrl":"https:\/\/acana.com.pl\/karma\/wp-content\/uploads\/2018\/02\/logo-Acana-1.png","width":154,"height":74,"caption":"ACANA POLSKA Sp. z o.o. Sp. K."},"image":{"@id":"https:\/\/acana.com.pl\/karma\/#\/schema\/logo\/image\/"},"sameAs":["https:\/\/www.facebook.com\/acanapolska\/"]}]}},"_links":{"self":[{"href":"https:\/\/acana.com.pl\/karma\/wp-json\/wp\/v2\/pages\/106","targetHints":{"allow":["GET"]}}],"collection":[{"href":"https:\/\/acana.com.pl\/karma\/wp-json\/wp\/v2\/pages"}],"about":[{"href":"https:\/\/acana.com.pl\/karma\/wp-json\/wp\/v2\/types\/page"}],"author":[{"embeddable":true,"href":"https:\/\/acana.com.pl\/karma\/wp-json\/wp\/v2\/users\/1"}],"replies":[{"embeddable":true,"href":"https:\/\/acana.com.pl\/karma\/wp-json\/wp\/v2\/comments?post=106"}],"version-history":[{"count":0,"href":"https:\/\/acana.com.pl\/karma\/wp-json\/wp\/v2\/pages\/106\/revisions"}],"up":[{"embeddable":true,"href":"https:\/\/acana.com.pl\/karma\/wp-json\/wp\/v2\/pages\/32"}],"wp:attachment":[{"href":"https:\/\/acana.com.pl\/karma\/wp-json\/wp\/v2\/media?parent=106"}],"curies":[{"name":"wp","href":"https:\/\/api.w.org\/{rel}","templated":true}]}}