{"id":12790,"date":"2024-02-15T11:04:10","date_gmt":"2024-02-15T10:04:10","guid":{"rendered":"https:\/\/acana.com.pl\/karma\/?page_id=12790"},"modified":"2024-05-28T12:20:22","modified_gmt":"2024-05-28T10:20:22","slug":"wspolpraca-z-wks-slask-wroclaw","status":"publish","type":"page","link":"https:\/\/acana.com.pl\/karma\/o-nas\/wspolpraca-z-wks-slask-wroclaw\/","title":{"rendered":"Wsp\u00f3\u0142praca z WKS \u015al\u0105sk Wroc\u0142aw"},"content":{"rendered":"<p style=\"text-align: justify;\">Przygoda Acana Polska z Wroc\u0142awskim Klubem Sportowym WKS \u015al\u0105sk Wroc\u0142aw rozpocz\u0119\u0142a si\u0119 ju\u017c w 2018 roku, a od 2020 r. jeste\u015bmy oficjalnym sponsorem klubu. Obecnie wspieramy Pierwsz\u0105 Dru\u017cyn\u0119 M\u0119\u017cczyzn i Dru\u017cyny Kobiet. Jeste\u015bmy dumni, \u017ce zostali\u015bmy cz\u0119\u015bci\u0105 ponad 75-letniej dumnej, naznaczonej wieloma sukcesami historii \u015al\u0105ska Wroc\u0142aw.&nbsp;<\/p>\n<p style=\"text-align: justify;\">Dariusz Naworol, Prezes Acana Polska, zawsze ch\u0119tnie podkre\u015bla, \u017ce prawdziwy kibic pozostaje wierny klubowi niezale\u017cnie od wynik\u00f3w. Podj\u0119cie wsp\u00f3\u0142pracy z \u015al\u0105skiem Wroc\u0142aw to wyraz oddania klubowi, kt\u00f3ry od lat stanowi istotn\u0105 cz\u0119\u015b\u0107 jego \u017cycia i dzieci\u0119cych wspomnie\u0144.&nbsp;<\/p>\n<p style=\"text-align: justify;\">Jako firma z rado\u015bci\u0105 wspieramy dru\u017cyny pi\u0142karskie w wyzwaniach sportowych i ch\u0119tnie towarzyszymy na trybunach kolejnym rozgrywkom. Wierzymy, \u017ce ka\u017cdy kolejny sezon pi\u0142karski przyniesie wiele emocji z tocz\u0105cej si\u0119 rywalizacji sportowej. Nasze logo na spodenkach pi\u0142karzy to nie tylko reklama. To przede wszystkim symbol naszego zaanga\u017cowania i wsparcia dla klubu, kt\u00f3remu ochoczo kibicujemy.&nbsp;<\/p>\n<p>&nbsp;<\/p>\n<p><img loading=\"lazy\" decoding=\"async\" class=\"alignleft size-large wp-image-12793\" src=\"https:\/\/acana.com.pl\/karma\/wp-content\/uploads\/2024\/02\/DSC_4864-Edit-1024x681.jpg\" alt=\"Erik Exp\u00f3sito, zawodnik WKS \u015al\u0105sk Wroc\u0142aw z karm\u0105 dla ps\u00f3w ACANA\" width=\"1024\" height=\"681\" srcset=\"https:\/\/acana.com.pl\/karma\/wp-content\/uploads\/2024\/02\/DSC_4864-Edit-1024x681.jpg 1024w, https:\/\/acana.com.pl\/karma\/wp-content\/uploads\/2024\/02\/DSC_4864-Edit-300x200.jpg 300w, https:\/\/acana.com.pl\/karma\/wp-content\/uploads\/2024\/02\/DSC_4864-Edit-768x511.jpg 768w, https:\/\/acana.com.pl\/karma\/wp-content\/uploads\/2024\/02\/DSC_4864-Edit-1536x1022.jpg 1536w, https:\/\/acana.com.pl\/karma\/wp-content\/uploads\/2024\/02\/DSC_4864-Edit-2048x1363.jpg 2048w\" sizes=\"auto, (max-width: 1024px) 100vw, 1024px\" \/><img loading=\"lazy\" decoding=\"async\" class=\"wp-image-12791 size-large aligncenter\" src=\"https:\/\/acana.com.pl\/karma\/wp-content\/uploads\/2024\/02\/DSC_5564-Edit-1024x681.jpg\" alt=\"Erik Exp\u00f3sito, zawodnik WKS \u015al\u0105sk Wroc\u0142aw z karm\u0105 dla ps\u00f3w ACANA\" width=\"1024\" height=\"681\" srcset=\"https:\/\/acana.com.pl\/karma\/wp-content\/uploads\/2024\/02\/DSC_5564-Edit-1024x681.jpg 1024w, https:\/\/acana.com.pl\/karma\/wp-content\/uploads\/2024\/02\/DSC_5564-Edit-300x200.jpg 300w, https:\/\/acana.com.pl\/karma\/wp-content\/uploads\/2024\/02\/DSC_5564-Edit-768x511.jpg 768w, https:\/\/acana.com.pl\/karma\/wp-content\/uploads\/2024\/02\/DSC_5564-Edit-1536x1022.jpg 1536w, https:\/\/acana.com.pl\/karma\/wp-content\/uploads\/2024\/02\/DSC_5564-Edit-2048x1363.jpg 2048w\" sizes=\"auto, (max-width: 1024px) 100vw, 1024px\" \/><\/p>\n<p><img loading=\"lazy\" decoding=\"async\" class=\"aligncenter wp-image-12792 size-large\" src=\"https:\/\/acana.com.pl\/karma\/wp-content\/uploads\/2024\/02\/DSC_5790-Edit-1024x681.jpg\" alt=\"Erik Exp\u00f3sito i Patryk Klimala, zawodnicy WKS \u015al\u0105sk Wroc\u0142aw z karm\u0105 dla ps\u00f3w ACANA\" width=\"1024\" height=\"681\" srcset=\"https:\/\/acana.com.pl\/karma\/wp-content\/uploads\/2024\/02\/DSC_5790-Edit-1024x681.jpg 1024w, https:\/\/acana.com.pl\/karma\/wp-content\/uploads\/2024\/02\/DSC_5790-Edit-300x200.jpg 300w, https:\/\/acana.com.pl\/karma\/wp-content\/uploads\/2024\/02\/DSC_5790-Edit-768x511.jpg 768w, https:\/\/acana.com.pl\/karma\/wp-content\/uploads\/2024\/02\/DSC_5790-Edit-1536x1022.jpg 1536w, https:\/\/acana.com.pl\/karma\/wp-content\/uploads\/2024\/02\/DSC_5790-Edit-2048x1363.jpg 2048w\" sizes=\"auto, (max-width: 1024px) 100vw, 1024px\" \/><\/p>\n<p><img loading=\"lazy\" decoding=\"async\" class=\"alignleft size-large wp-image-12794\" src=\"https:\/\/acana.com.pl\/karma\/wp-content\/uploads\/2024\/02\/DSC_5176-1024x681.jpg\" alt=\"Patryk Klimala, zawodnik WKS \u015al\u0105sk Wroc\u0142aw z karm\u0105 dla ps\u00f3w ACANA\" width=\"1024\" height=\"681\" srcset=\"https:\/\/acana.com.pl\/karma\/wp-content\/uploads\/2024\/02\/DSC_5176-1024x681.jpg 1024w, https:\/\/acana.com.pl\/karma\/wp-content\/uploads\/2024\/02\/DSC_5176-300x200.jpg 300w, https:\/\/acana.com.pl\/karma\/wp-content\/uploads\/2024\/02\/DSC_5176-768x511.jpg 768w, https:\/\/acana.com.pl\/karma\/wp-content\/uploads\/2024\/02\/DSC_5176-1536x1022.jpg 1536w, https:\/\/acana.com.pl\/karma\/wp-content\/uploads\/2024\/02\/DSC_5176-2048x1363.jpg 2048w\" sizes=\"auto, (max-width: 1024px) 100vw, 1024px\" \/><\/p>\n<div id=\"attachment_12941\" style=\"width: 810px\" class=\"wp-caption alignleft\"><img loading=\"lazy\" decoding=\"async\" aria-describedby=\"caption-attachment-12941\" class=\"wp-image-12941 size-full\" src=\"https:\/\/acana.com.pl\/karma\/wp-content\/uploads\/2024\/05\/20240521-182836-luc15431716375385.jpg\" alt=\"Acana Polska sponsorem WKS \u015al\u0105sk Wroc\u0142aw\" width=\"800\" height=\"531\" srcset=\"https:\/\/acana.com.pl\/karma\/wp-content\/uploads\/2024\/05\/20240521-182836-luc15431716375385.jpg 800w, https:\/\/acana.com.pl\/karma\/wp-content\/uploads\/2024\/05\/20240521-182836-luc15431716375385-300x199.jpg 300w, https:\/\/acana.com.pl\/karma\/wp-content\/uploads\/2024\/05\/20240521-182836-luc15431716375385-768x510.jpg 768w\" sizes=\"auto, (max-width: 800px) 100vw, 800px\" \/><p id=\"caption-attachment-12941\" class=\"wp-caption-text\">Dariusz Naworol, prezes Acana Polska na uroczystych podzi\u0119kowaniach sponsorom WKS \u015al\u0105sk Wroc\u0142aw w SportsBarze Browaru Stu Most\u00f3w, maj 2024<\/p><\/div>\n<div id=\"attachment_12942\" style=\"width: 810px\" class=\"wp-caption alignleft\"><img loading=\"lazy\" decoding=\"async\" aria-describedby=\"caption-attachment-12942\" class=\"wp-image-12942 size-full\" src=\"https:\/\/acana.com.pl\/karma\/wp-content\/uploads\/2024\/05\/20240521-184836-luc17751716375397.jpg\" alt=\"Acana Polska sponsorem WKS \u015al\u0105sk Wroc\u0142aw\" width=\"800\" height=\"532\" srcset=\"https:\/\/acana.com.pl\/karma\/wp-content\/uploads\/2024\/05\/20240521-184836-luc17751716375397.jpg 800w, https:\/\/acana.com.pl\/karma\/wp-content\/uploads\/2024\/05\/20240521-184836-luc17751716375397-300x200.jpg 300w, https:\/\/acana.com.pl\/karma\/wp-content\/uploads\/2024\/05\/20240521-184836-luc17751716375397-768x511.jpg 768w\" sizes=\"auto, (max-width: 800px) 100vw, 800px\" \/><p id=\"caption-attachment-12942\" class=\"wp-caption-text\">Dariusz Naworol, prezes Acana Polska na uroczystych podzi\u0119kowaniach sponsorom WKS \u015al\u0105sk Wroc\u0142aw w SportsBarze Browaru Stu Most\u00f3w, maj 2024<\/p><\/div>\n","protected":false},"excerpt":{"rendered":"<p>Przygoda Acana Polska z Wroc\u0142awskim Klubem Sportowym WKS \u015al\u0105sk Wroc\u0142aw rozpocz\u0119\u0142a si\u0119 ju\u017c w 2018 roku, a od 2020 r. jeste\u015bmy oficjalnym sponsorem klubu. Obecnie wspieramy Pierwsz\u0105 Dru\u017cyn\u0119 M\u0119\u017cczyzn i Dru\u017cyny Kobiet. Jeste\u015bmy dumni, \u017ce zostali\u015bmy cz\u0119\u015bci\u0105 ponad 75-letniej dumnej, naznaczonej wieloma sukcesami historii \u015al\u0105ska Wroc\u0142aw.&nbsp; Dariusz Naworol, Prezes Acana Polska, zawsze ch\u0119tnie podkre\u015bla, \u017ce [&hellip;]<\/p>\n","protected":false},"author":14,"featured_media":0,"parent":32,"menu_order":0,"comment_status":"closed","ping_status":"closed","template":"","meta":{"_acf_changed":false,"_editorskit_title_hidden":false,"_editorskit_reading_time":0,"_editorskit_is_block_options_detached":false,"_editorskit_block_options_position":"{}","ngg_post_thumbnail":0,"footnotes":""},"class_list":["post-12790","page","type-page","status-publish","hentry"],"acf":[],"yoast_head":"<!-- This site is optimized with the Yoast SEO Premium plugin v27.4 (Yoast SEO v27.4) - https:\/\/yoast.com\/product\/yoast-seo-premium-wordpress\/ -->\n<title>Wsp\u00f3\u0142praca z WKS \u015al\u0105sk Wroc\u0142aw - Blog Acana Polska<\/title>\n<meta name=\"robots\" content=\"index, follow, max-snippet:-1, max-image-preview:large, max-video-preview:-1\" \/>\n<link rel=\"canonical\" href=\"https:\/\/acana.com.pl\/karma\/o-nas\/wspolpraca-z-wks-slask-wroclaw\/\" \/>\n<meta property=\"og:locale\" content=\"pl_PL\" \/>\n<meta property=\"og:type\" content=\"article\" \/>\n<meta property=\"og:title\" content=\"Wsp\u00f3\u0142praca z WKS \u015al\u0105sk Wroc\u0142aw\" \/>\n<meta property=\"og:description\" content=\"Przygoda Acana Polska z Wroc\u0142awskim Klubem Sportowym WKS \u015al\u0105sk Wroc\u0142aw rozpocz\u0119\u0142a si\u0119 ju\u017c w 2018 roku, a od 2020 r. jeste\u015bmy oficjalnym sponsorem klubu. Obecnie wspieramy Pierwsz\u0105 Dru\u017cyn\u0119 M\u0119\u017cczyzn i Dru\u017cyny Kobiet. Jeste\u015bmy dumni, \u017ce zostali\u015bmy cz\u0119\u015bci\u0105 ponad 75-letniej dumnej, naznaczonej wieloma sukcesami historii \u015al\u0105ska Wroc\u0142aw.&nbsp; Dariusz Naworol, Prezes Acana Polska, zawsze ch\u0119tnie podkre\u015bla, \u017ce [&hellip;]\" \/>\n<meta property=\"og:url\" content=\"https:\/\/acana.com.pl\/karma\/o-nas\/wspolpraca-z-wks-slask-wroclaw\/\" \/>\n<meta property=\"og:site_name\" content=\"Blog Acana Polska\" \/>\n<meta property=\"article:publisher\" content=\"https:\/\/www.facebook.com\/acanapolska\/\" \/>\n<meta property=\"article:modified_time\" content=\"2024-05-28T10:20:22+00:00\" \/>\n<meta property=\"og:image\" content=\"https:\/\/acana.com.pl\/karma\/wp-content\/uploads\/2024\/02\/DSC_4864-Edit-1024x681.jpg\" \/>\n<meta name=\"twitter:card\" content=\"summary_large_image\" \/>\n<meta name=\"twitter:label1\" content=\"Szacowany czas czytania\" \/>\n\t<meta name=\"twitter:data1\" content=\"3 minuty\" \/>\n<script type=\"application\/ld+json\" class=\"yoast-schema-graph\">{\"@context\":\"https:\\\/\\\/schema.org\",\"@graph\":[{\"@type\":\"WebPage\",\"@id\":\"https:\\\/\\\/acana.com.pl\\\/karma\\\/o-nas\\\/wspolpraca-z-wks-slask-wroclaw\\\/\",\"url\":\"https:\\\/\\\/acana.com.pl\\\/karma\\\/o-nas\\\/wspolpraca-z-wks-slask-wroclaw\\\/\",\"name\":\"Wsp\u00f3\u0142praca z WKS \u015al\u0105sk Wroc\u0142aw - Blog Acana Polska\",\"isPartOf\":{\"@id\":\"https:\\\/\\\/acana.com.pl\\\/karma\\\/#website\"},\"primaryImageOfPage\":{\"@id\":\"https:\\\/\\\/acana.com.pl\\\/karma\\\/o-nas\\\/wspolpraca-z-wks-slask-wroclaw\\\/#primaryimage\"},\"image\":{\"@id\":\"https:\\\/\\\/acana.com.pl\\\/karma\\\/o-nas\\\/wspolpraca-z-wks-slask-wroclaw\\\/#primaryimage\"},\"thumbnailUrl\":\"https:\\\/\\\/acana.com.pl\\\/karma\\\/wp-content\\\/uploads\\\/2024\\\/02\\\/DSC_4864-Edit-1024x681.jpg\",\"datePublished\":\"2024-02-15T10:04:10+00:00\",\"dateModified\":\"2024-05-28T10:20:22+00:00\",\"breadcrumb\":{\"@id\":\"https:\\\/\\\/acana.com.pl\\\/karma\\\/o-nas\\\/wspolpraca-z-wks-slask-wroclaw\\\/#breadcrumb\"},\"inLanguage\":\"pl-PL\",\"potentialAction\":[{\"@type\":\"ReadAction\",\"target\":[\"https:\\\/\\\/acana.com.pl\\\/karma\\\/o-nas\\\/wspolpraca-z-wks-slask-wroclaw\\\/\"]}]},{\"@type\":\"ImageObject\",\"inLanguage\":\"pl-PL\",\"@id\":\"https:\\\/\\\/acana.com.pl\\\/karma\\\/o-nas\\\/wspolpraca-z-wks-slask-wroclaw\\\/#primaryimage\",\"url\":\"https:\\\/\\\/acana.com.pl\\\/karma\\\/wp-content\\\/uploads\\\/2024\\\/02\\\/DSC_4864-Edit-scaled.jpg\",\"contentUrl\":\"https:\\\/\\\/acana.com.pl\\\/karma\\\/wp-content\\\/uploads\\\/2024\\\/02\\\/DSC_4864-Edit-scaled.jpg\",\"width\":2560,\"height\":1703,\"caption\":\"Erik Exp\u00f3sito, zawodnik WKS \u015al\u0105sk Wroc\u0142aw z karm\u0105 dla ps\u00f3w ACANA\"},{\"@type\":\"BreadcrumbList\",\"@id\":\"https:\\\/\\\/acana.com.pl\\\/karma\\\/o-nas\\\/wspolpraca-z-wks-slask-wroclaw\\\/#breadcrumb\",\"itemListElement\":[{\"@type\":\"ListItem\",\"position\":1,\"name\":\"Strona g\u0142\u00f3wna\",\"item\":\"https:\\\/\\\/acana.com.pl\\\/karma\\\/\"},{\"@type\":\"ListItem\",\"position\":2,\"name\":\"O nas\",\"item\":\"https:\\\/\\\/acana.com.pl\\\/karma\\\/o-nas\\\/\"},{\"@type\":\"ListItem\",\"position\":3,\"name\":\"Wsp\u00f3\u0142praca z WKS \u015al\u0105sk Wroc\u0142aw\"}]},{\"@type\":\"WebSite\",\"@id\":\"https:\\\/\\\/acana.com.pl\\\/karma\\\/#website\",\"url\":\"https:\\\/\\\/acana.com.pl\\\/karma\\\/\",\"name\":\"Blog Acana Polska\",\"description\":\"\",\"publisher\":{\"@id\":\"https:\\\/\\\/acana.com.pl\\\/karma\\\/#organization\"},\"potentialAction\":[{\"@type\":\"SearchAction\",\"target\":{\"@type\":\"EntryPoint\",\"urlTemplate\":\"https:\\\/\\\/acana.com.pl\\\/karma\\\/?s={search_term_string}\"},\"query-input\":{\"@type\":\"PropertyValueSpecification\",\"valueRequired\":true,\"valueName\":\"search_term_string\"}}],\"inLanguage\":\"pl-PL\"},{\"@type\":\"Organization\",\"@id\":\"https:\\\/\\\/acana.com.pl\\\/karma\\\/#organization\",\"name\":\"ACANA POLSKA Sp. z o.o. Sp. K.\",\"url\":\"https:\\\/\\\/acana.com.pl\\\/karma\\\/\",\"logo\":{\"@type\":\"ImageObject\",\"inLanguage\":\"pl-PL\",\"@id\":\"https:\\\/\\\/acana.com.pl\\\/karma\\\/#\\\/schema\\\/logo\\\/image\\\/\",\"url\":\"https:\\\/\\\/acana.com.pl\\\/karma\\\/wp-content\\\/uploads\\\/2018\\\/02\\\/logo-Acana-1.png\",\"contentUrl\":\"https:\\\/\\\/acana.com.pl\\\/karma\\\/wp-content\\\/uploads\\\/2018\\\/02\\\/logo-Acana-1.png\",\"width\":154,\"height\":74,\"caption\":\"ACANA POLSKA Sp. z o.o. Sp. K.\"},\"image\":{\"@id\":\"https:\\\/\\\/acana.com.pl\\\/karma\\\/#\\\/schema\\\/logo\\\/image\\\/\"},\"sameAs\":[\"https:\\\/\\\/www.facebook.com\\\/acanapolska\\\/\"]}]}<\/script>\n<!-- \/ Yoast SEO Premium plugin. -->","yoast_head_json":{"title":"Wsp\u00f3\u0142praca z WKS \u015al\u0105sk Wroc\u0142aw - Blog Acana Polska","robots":{"index":"index","follow":"follow","max-snippet":"max-snippet:-1","max-image-preview":"max-image-preview:large","max-video-preview":"max-video-preview:-1"},"canonical":"https:\/\/acana.com.pl\/karma\/o-nas\/wspolpraca-z-wks-slask-wroclaw\/","og_locale":"pl_PL","og_type":"article","og_title":"Wsp\u00f3\u0142praca z WKS \u015al\u0105sk Wroc\u0142aw","og_description":"Przygoda Acana Polska z Wroc\u0142awskim Klubem Sportowym WKS \u015al\u0105sk Wroc\u0142aw rozpocz\u0119\u0142a si\u0119 ju\u017c w 2018 roku, a od 2020 r. jeste\u015bmy oficjalnym sponsorem klubu. Obecnie wspieramy Pierwsz\u0105 Dru\u017cyn\u0119 M\u0119\u017cczyzn i Dru\u017cyny Kobiet. Jeste\u015bmy dumni, \u017ce zostali\u015bmy cz\u0119\u015bci\u0105 ponad 75-letniej dumnej, naznaczonej wieloma sukcesami historii \u015al\u0105ska Wroc\u0142aw.&nbsp; Dariusz Naworol, Prezes Acana Polska, zawsze ch\u0119tnie podkre\u015bla, \u017ce [&hellip;]","og_url":"https:\/\/acana.com.pl\/karma\/o-nas\/wspolpraca-z-wks-slask-wroclaw\/","og_site_name":"Blog Acana Polska","article_publisher":"https:\/\/www.facebook.com\/acanapolska\/","article_modified_time":"2024-05-28T10:20:22+00:00","og_image":[{"url":"https:\/\/acana.com.pl\/karma\/wp-content\/uploads\/2024\/02\/DSC_4864-Edit-1024x681.jpg","type":"","width":"","height":""}],"twitter_card":"summary_large_image","twitter_misc":{"Szacowany czas czytania":"3 minuty"},"schema":{"@context":"https:\/\/schema.org","@graph":[{"@type":"WebPage","@id":"https:\/\/acana.com.pl\/karma\/o-nas\/wspolpraca-z-wks-slask-wroclaw\/","url":"https:\/\/acana.com.pl\/karma\/o-nas\/wspolpraca-z-wks-slask-wroclaw\/","name":"Wsp\u00f3\u0142praca z WKS \u015al\u0105sk Wroc\u0142aw - Blog Acana Polska","isPartOf":{"@id":"https:\/\/acana.com.pl\/karma\/#website"},"primaryImageOfPage":{"@id":"https:\/\/acana.com.pl\/karma\/o-nas\/wspolpraca-z-wks-slask-wroclaw\/#primaryimage"},"image":{"@id":"https:\/\/acana.com.pl\/karma\/o-nas\/wspolpraca-z-wks-slask-wroclaw\/#primaryimage"},"thumbnailUrl":"https:\/\/acana.com.pl\/karma\/wp-content\/uploads\/2024\/02\/DSC_4864-Edit-1024x681.jpg","datePublished":"2024-02-15T10:04:10+00:00","dateModified":"2024-05-28T10:20:22+00:00","breadcrumb":{"@id":"https:\/\/acana.com.pl\/karma\/o-nas\/wspolpraca-z-wks-slask-wroclaw\/#breadcrumb"},"inLanguage":"pl-PL","potentialAction":[{"@type":"ReadAction","target":["https:\/\/acana.com.pl\/karma\/o-nas\/wspolpraca-z-wks-slask-wroclaw\/"]}]},{"@type":"ImageObject","inLanguage":"pl-PL","@id":"https:\/\/acana.com.pl\/karma\/o-nas\/wspolpraca-z-wks-slask-wroclaw\/#primaryimage","url":"https:\/\/acana.com.pl\/karma\/wp-content\/uploads\/2024\/02\/DSC_4864-Edit-scaled.jpg","contentUrl":"https:\/\/acana.com.pl\/karma\/wp-content\/uploads\/2024\/02\/DSC_4864-Edit-scaled.jpg","width":2560,"height":1703,"caption":"Erik Exp\u00f3sito, zawodnik WKS \u015al\u0105sk Wroc\u0142aw z karm\u0105 dla ps\u00f3w ACANA"},{"@type":"BreadcrumbList","@id":"https:\/\/acana.com.pl\/karma\/o-nas\/wspolpraca-z-wks-slask-wroclaw\/#breadcrumb","itemListElement":[{"@type":"ListItem","position":1,"name":"Strona g\u0142\u00f3wna","item":"https:\/\/acana.com.pl\/karma\/"},{"@type":"ListItem","position":2,"name":"O nas","item":"https:\/\/acana.com.pl\/karma\/o-nas\/"},{"@type":"ListItem","position":3,"name":"Wsp\u00f3\u0142praca z WKS \u015al\u0105sk Wroc\u0142aw"}]},{"@type":"WebSite","@id":"https:\/\/acana.com.pl\/karma\/#website","url":"https:\/\/acana.com.pl\/karma\/","name":"Blog Acana Polska","description":"","publisher":{"@id":"https:\/\/acana.com.pl\/karma\/#organization"},"potentialAction":[{"@type":"SearchAction","target":{"@type":"EntryPoint","urlTemplate":"https:\/\/acana.com.pl\/karma\/?s={search_term_string}"},"query-input":{"@type":"PropertyValueSpecification","valueRequired":true,"valueName":"search_term_string"}}],"inLanguage":"pl-PL"},{"@type":"Organization","@id":"https:\/\/acana.com.pl\/karma\/#organization","name":"ACANA POLSKA Sp. z o.o. Sp. K.","url":"https:\/\/acana.com.pl\/karma\/","logo":{"@type":"ImageObject","inLanguage":"pl-PL","@id":"https:\/\/acana.com.pl\/karma\/#\/schema\/logo\/image\/","url":"https:\/\/acana.com.pl\/karma\/wp-content\/uploads\/2018\/02\/logo-Acana-1.png","contentUrl":"https:\/\/acana.com.pl\/karma\/wp-content\/uploads\/2018\/02\/logo-Acana-1.png","width":154,"height":74,"caption":"ACANA POLSKA Sp. z o.o. Sp. K."},"image":{"@id":"https:\/\/acana.com.pl\/karma\/#\/schema\/logo\/image\/"},"sameAs":["https:\/\/www.facebook.com\/acanapolska\/"]}]}},"_links":{"self":[{"href":"https:\/\/acana.com.pl\/karma\/wp-json\/wp\/v2\/pages\/12790","targetHints":{"allow":["GET"]}}],"collection":[{"href":"https:\/\/acana.com.pl\/karma\/wp-json\/wp\/v2\/pages"}],"about":[{"href":"https:\/\/acana.com.pl\/karma\/wp-json\/wp\/v2\/types\/page"}],"author":[{"embeddable":true,"href":"https:\/\/acana.com.pl\/karma\/wp-json\/wp\/v2\/users\/14"}],"replies":[{"embeddable":true,"href":"https:\/\/acana.com.pl\/karma\/wp-json\/wp\/v2\/comments?post=12790"}],"version-history":[{"count":0,"href":"https:\/\/acana.com.pl\/karma\/wp-json\/wp\/v2\/pages\/12790\/revisions"}],"up":[{"embeddable":true,"href":"https:\/\/acana.com.pl\/karma\/wp-json\/wp\/v2\/pages\/32"}],"wp:attachment":[{"href":"https:\/\/acana.com.pl\/karma\/wp-json\/wp\/v2\/media?parent=12790"}],"curies":[{"name":"wp","href":"https:\/\/api.w.org\/{rel}","templated":true}]}}