{"id":12844,"date":"2024-03-15T13:43:09","date_gmt":"2024-03-15T12:43:09","guid":{"rendered":"https:\/\/acana.com.pl\/karma\/?page_id=12844"},"modified":"2024-03-15T13:45:37","modified_gmt":"2024-03-15T12:45:37","slug":"wheelchairtrip","status":"publish","type":"page","link":"https:\/\/acana.com.pl\/karma\/o-nas\/wheelchairtrip\/","title":{"rendered":"Wyprawy Wheelchairtrip"},"content":{"rendered":"<p style=\"text-align: justify;\"><a href=\"https:\/\/www.michalworoch.com\/\" target=\"_blank\" rel=\"noopener\">Wheelchairtrip<\/a> to wyprawy podr\u00f3\u017cnicze, kt\u00f3re unaoczniaj\u0105, \u017ce w\u00f3zek dla osoby z niepe\u0142nosprawno\u015bci\u0105, nie jest w stanie z\u0142ama\u0107 hartu ducha i ch\u0119ci do odkrywania najdalszych zak\u0105tk\u00f3w \u015bwiata. Za Wheelchairtrip stoi Micha\u0142 Woroch, podr\u00f3\u017cnik, fotograf i jeden za 100 najbardziej wp\u0142ywowych Polak\u00f3w z niepe\u0142nosprawno\u015bci\u0105. Jego projekty podr\u00f3\u017cniczo-fotograficzne relacjonowano m.in. w National Geographic, Traveler czy Zwierciadle. Dotkni\u0119ty rdzeniowym zanikiem mi\u0119\u015bni (SMA), udowadnia, \u017ce ograniczenia mo\u017cna pokona\u0107. Jak sam twierdzi, podr\u00f3\u017ce sprawiaj\u0105, \u017ce czuje si\u0119 spe\u0142niony.&nbsp;<\/p>\n<p>Podejmowane wyzwania robi\u0105 wra\u017cenie! Pierwsza wyprawa Wheelchairtrip odby\u0142a si\u0119 w 2018 r. i zaj\u0119\u0142a 371 dni. Od Ameryki Po\u0142udniowej po Alask\u0119, Micha\u0142owi towarzyszy\u0142 Maciej Kami\u0144ski, r\u00f3wnie\u017c poruszaj\u0105cy si\u0119 na w\u00f3zku. Razem z m.in. Bartoszem Mrozkiem, Micha\u0142 dotar\u0142 te\u017c zim\u0105 na 4000 m n.p.m. masywu g\u00f3rskiego Annapuryny w Nepalu.&nbsp;<\/p>\n<p style=\"text-align: justify;\">Ostatnia wyprawa to pierwszy etap projektu &#8220;MO\u017bESZ &#8211; Wyprawa o tym, \u017ce bariery s\u0105 tylko w g\u0142owie&#8221;. W jego ramach Micha\u0142 wraz z Jakubem Kujawskim &#8211; podr\u00f3\u017cnikiem, groto\u0142azem i&nbsp; wspinaczem &#8211; odwiedzili S\u0142owacj\u0119, W\u0119gry, Serbi\u0119, Bu\u0142gari\u0119, Turcj\u0119, Iran, Pakistan, Indie, Nepal, Tyber, Chiny, Laos i Tajlandi\u0119. A wszystko to w ci\u0105gu 142 dni!<\/p>\n<p style=\"text-align: justify;\">Jako Acana Polska nie mo\u017cemy nie zgodzi\u0107 si\u0119 z has\u0142em towarzysz\u0105cym ostatniemu projektowi. Jeste\u015bmy pod ogromnym wra\u017ceniem gotowo\u015bci do do\u015bwiadczania, walki z w\u0142asnymi s\u0142abostkami i ch\u0119ci\u0105 dzielenia si\u0119 ze \u015bwiatem przebiegiem tych wyj\u0105tkowych przyg\u00f3d.&nbsp;<\/p>\n<p style=\"text-align: justify;\"><strong>Pe\u0142ni g\u0142\u0119bokiej wiary w to, \u017ce ka\u017cdy z nas mo\u017ce wi\u0119cej, z przyjemno\u015bci\u0105 stali\u015bmy si\u0119 partnerem wyprawy MO\u017bESZ. Liczymy na jej kontynuacj\u0119.&nbsp;<\/strong><\/p>\n<p><img loading=\"lazy\" decoding=\"async\" class=\"alignleft size-large wp-image-12845\" src=\"https:\/\/acana.com.pl\/karma\/wp-content\/uploads\/2024\/03\/wheelchairtrip-1024x683.jpg\" alt=\"\" width=\"1024\" height=\"683\" srcset=\"https:\/\/acana.com.pl\/karma\/wp-content\/uploads\/2024\/03\/wheelchairtrip-1024x683.jpg 1024w, https:\/\/acana.com.pl\/karma\/wp-content\/uploads\/2024\/03\/wheelchairtrip-300x200.jpg 300w, https:\/\/acana.com.pl\/karma\/wp-content\/uploads\/2024\/03\/wheelchairtrip-768x512.jpg 768w, https:\/\/acana.com.pl\/karma\/wp-content\/uploads\/2024\/03\/wheelchairtrip-1536x1024.jpg 1536w, https:\/\/acana.com.pl\/karma\/wp-content\/uploads\/2024\/03\/wheelchairtrip.jpg 1920w\" sizes=\"auto, (max-width: 1024px) 100vw, 1024px\" \/><\/p>\n","protected":false},"excerpt":{"rendered":"<p>Wheelchairtrip to wyprawy podr\u00f3\u017cnicze, kt\u00f3re unaoczniaj\u0105, \u017ce w\u00f3zek dla osoby z niepe\u0142nosprawno\u015bci\u0105, nie jest w stanie z\u0142ama\u0107 hartu ducha i ch\u0119ci do odkrywania najdalszych zak\u0105tk\u00f3w \u015bwiata. Za Wheelchairtrip stoi Micha\u0142 Woroch, podr\u00f3\u017cnik, fotograf i jeden za 100 najbardziej wp\u0142ywowych Polak\u00f3w z niepe\u0142nosprawno\u015bci\u0105. Jego projekty podr\u00f3\u017cniczo-fotograficzne relacjonowano m.in. w National Geographic, Traveler czy Zwierciadle. Dotkni\u0119ty rdzeniowym [&hellip;]<\/p>\n","protected":false},"author":14,"featured_media":0,"parent":32,"menu_order":0,"comment_status":"closed","ping_status":"closed","template":"","meta":{"_acf_changed":false,"_editorskit_title_hidden":false,"_editorskit_reading_time":0,"_editorskit_is_block_options_detached":false,"_editorskit_block_options_position":"{}","ngg_post_thumbnail":0,"footnotes":""},"class_list":["post-12844","page","type-page","status-publish","hentry"],"acf":[],"yoast_head":"<!-- This site is optimized with the Yoast SEO Premium plugin v27.4 (Yoast SEO v27.4) - https:\/\/yoast.com\/product\/yoast-seo-premium-wordpress\/ -->\n<title>Wyprawy Wheelchairtrip - Blog Acana Polska<\/title>\n<meta name=\"robots\" content=\"index, follow, max-snippet:-1, max-image-preview:large, max-video-preview:-1\" \/>\n<link rel=\"canonical\" href=\"https:\/\/acana.com.pl\/karma\/o-nas\/wheelchairtrip\/\" \/>\n<meta property=\"og:locale\" content=\"pl_PL\" \/>\n<meta property=\"og:type\" content=\"article\" \/>\n<meta property=\"og:title\" content=\"Wyprawy Wheelchairtrip\" \/>\n<meta property=\"og:description\" content=\"Wheelchairtrip to wyprawy podr\u00f3\u017cnicze, kt\u00f3re unaoczniaj\u0105, \u017ce w\u00f3zek dla osoby z niepe\u0142nosprawno\u015bci\u0105, nie jest w stanie z\u0142ama\u0107 hartu ducha i ch\u0119ci do odkrywania najdalszych zak\u0105tk\u00f3w \u015bwiata. Za Wheelchairtrip stoi Micha\u0142 Woroch, podr\u00f3\u017cnik, fotograf i jeden za 100 najbardziej wp\u0142ywowych Polak\u00f3w z niepe\u0142nosprawno\u015bci\u0105. Jego projekty podr\u00f3\u017cniczo-fotograficzne relacjonowano m.in. w National Geographic, Traveler czy Zwierciadle. Dotkni\u0119ty rdzeniowym [&hellip;]\" \/>\n<meta property=\"og:url\" content=\"https:\/\/acana.com.pl\/karma\/o-nas\/wheelchairtrip\/\" \/>\n<meta property=\"og:site_name\" content=\"Blog Acana Polska\" \/>\n<meta property=\"article:publisher\" content=\"https:\/\/www.facebook.com\/acanapolska\/\" \/>\n<meta property=\"article:modified_time\" content=\"2024-03-15T12:45:37+00:00\" \/>\n<meta property=\"og:image\" content=\"https:\/\/acana.com.pl\/karma\/wp-content\/uploads\/2024\/03\/wheelchairtrip-1024x683.jpg\" \/>\n<meta name=\"twitter:card\" content=\"summary_large_image\" \/>\n<meta name=\"twitter:label1\" content=\"Szacowany czas czytania\" \/>\n\t<meta name=\"twitter:data1\" content=\"2 minuty\" \/>\n<script type=\"application\/ld+json\" class=\"yoast-schema-graph\">{\"@context\":\"https:\\\/\\\/schema.org\",\"@graph\":[{\"@type\":\"WebPage\",\"@id\":\"https:\\\/\\\/acana.com.pl\\\/karma\\\/o-nas\\\/wheelchairtrip\\\/\",\"url\":\"https:\\\/\\\/acana.com.pl\\\/karma\\\/o-nas\\\/wheelchairtrip\\\/\",\"name\":\"Wyprawy Wheelchairtrip - Blog Acana Polska\",\"isPartOf\":{\"@id\":\"https:\\\/\\\/acana.com.pl\\\/karma\\\/#website\"},\"primaryImageOfPage\":{\"@id\":\"https:\\\/\\\/acana.com.pl\\\/karma\\\/o-nas\\\/wheelchairtrip\\\/#primaryimage\"},\"image\":{\"@id\":\"https:\\\/\\\/acana.com.pl\\\/karma\\\/o-nas\\\/wheelchairtrip\\\/#primaryimage\"},\"thumbnailUrl\":\"https:\\\/\\\/acana.com.pl\\\/karma\\\/wp-content\\\/uploads\\\/2024\\\/03\\\/wheelchairtrip-1024x683.jpg\",\"datePublished\":\"2024-03-15T12:43:09+00:00\",\"dateModified\":\"2024-03-15T12:45:37+00:00\",\"breadcrumb\":{\"@id\":\"https:\\\/\\\/acana.com.pl\\\/karma\\\/o-nas\\\/wheelchairtrip\\\/#breadcrumb\"},\"inLanguage\":\"pl-PL\",\"potentialAction\":[{\"@type\":\"ReadAction\",\"target\":[\"https:\\\/\\\/acana.com.pl\\\/karma\\\/o-nas\\\/wheelchairtrip\\\/\"]}]},{\"@type\":\"ImageObject\",\"inLanguage\":\"pl-PL\",\"@id\":\"https:\\\/\\\/acana.com.pl\\\/karma\\\/o-nas\\\/wheelchairtrip\\\/#primaryimage\",\"url\":\"https:\\\/\\\/acana.com.pl\\\/karma\\\/wp-content\\\/uploads\\\/2024\\\/03\\\/wheelchairtrip.jpg\",\"contentUrl\":\"https:\\\/\\\/acana.com.pl\\\/karma\\\/wp-content\\\/uploads\\\/2024\\\/03\\\/wheelchairtrip.jpg\",\"width\":1920,\"height\":1280},{\"@type\":\"BreadcrumbList\",\"@id\":\"https:\\\/\\\/acana.com.pl\\\/karma\\\/o-nas\\\/wheelchairtrip\\\/#breadcrumb\",\"itemListElement\":[{\"@type\":\"ListItem\",\"position\":1,\"name\":\"Strona g\u0142\u00f3wna\",\"item\":\"https:\\\/\\\/acana.com.pl\\\/karma\\\/\"},{\"@type\":\"ListItem\",\"position\":2,\"name\":\"O nas\",\"item\":\"https:\\\/\\\/acana.com.pl\\\/karma\\\/o-nas\\\/\"},{\"@type\":\"ListItem\",\"position\":3,\"name\":\"Wyprawy Wheelchairtrip\"}]},{\"@type\":\"WebSite\",\"@id\":\"https:\\\/\\\/acana.com.pl\\\/karma\\\/#website\",\"url\":\"https:\\\/\\\/acana.com.pl\\\/karma\\\/\",\"name\":\"Blog Acana Polska\",\"description\":\"\",\"publisher\":{\"@id\":\"https:\\\/\\\/acana.com.pl\\\/karma\\\/#organization\"},\"potentialAction\":[{\"@type\":\"SearchAction\",\"target\":{\"@type\":\"EntryPoint\",\"urlTemplate\":\"https:\\\/\\\/acana.com.pl\\\/karma\\\/?s={search_term_string}\"},\"query-input\":{\"@type\":\"PropertyValueSpecification\",\"valueRequired\":true,\"valueName\":\"search_term_string\"}}],\"inLanguage\":\"pl-PL\"},{\"@type\":\"Organization\",\"@id\":\"https:\\\/\\\/acana.com.pl\\\/karma\\\/#organization\",\"name\":\"ACANA POLSKA Sp. z o.o. Sp. K.\",\"url\":\"https:\\\/\\\/acana.com.pl\\\/karma\\\/\",\"logo\":{\"@type\":\"ImageObject\",\"inLanguage\":\"pl-PL\",\"@id\":\"https:\\\/\\\/acana.com.pl\\\/karma\\\/#\\\/schema\\\/logo\\\/image\\\/\",\"url\":\"https:\\\/\\\/acana.com.pl\\\/karma\\\/wp-content\\\/uploads\\\/2018\\\/02\\\/logo-Acana-1.png\",\"contentUrl\":\"https:\\\/\\\/acana.com.pl\\\/karma\\\/wp-content\\\/uploads\\\/2018\\\/02\\\/logo-Acana-1.png\",\"width\":154,\"height\":74,\"caption\":\"ACANA POLSKA Sp. z o.o. Sp. K.\"},\"image\":{\"@id\":\"https:\\\/\\\/acana.com.pl\\\/karma\\\/#\\\/schema\\\/logo\\\/image\\\/\"},\"sameAs\":[\"https:\\\/\\\/www.facebook.com\\\/acanapolska\\\/\"]}]}<\/script>\n<!-- \/ Yoast SEO Premium plugin. -->","yoast_head_json":{"title":"Wyprawy Wheelchairtrip - Blog Acana Polska","robots":{"index":"index","follow":"follow","max-snippet":"max-snippet:-1","max-image-preview":"max-image-preview:large","max-video-preview":"max-video-preview:-1"},"canonical":"https:\/\/acana.com.pl\/karma\/o-nas\/wheelchairtrip\/","og_locale":"pl_PL","og_type":"article","og_title":"Wyprawy Wheelchairtrip","og_description":"Wheelchairtrip to wyprawy podr\u00f3\u017cnicze, kt\u00f3re unaoczniaj\u0105, \u017ce w\u00f3zek dla osoby z niepe\u0142nosprawno\u015bci\u0105, nie jest w stanie z\u0142ama\u0107 hartu ducha i ch\u0119ci do odkrywania najdalszych zak\u0105tk\u00f3w \u015bwiata. Za Wheelchairtrip stoi Micha\u0142 Woroch, podr\u00f3\u017cnik, fotograf i jeden za 100 najbardziej wp\u0142ywowych Polak\u00f3w z niepe\u0142nosprawno\u015bci\u0105. Jego projekty podr\u00f3\u017cniczo-fotograficzne relacjonowano m.in. w National Geographic, Traveler czy Zwierciadle. Dotkni\u0119ty rdzeniowym [&hellip;]","og_url":"https:\/\/acana.com.pl\/karma\/o-nas\/wheelchairtrip\/","og_site_name":"Blog Acana Polska","article_publisher":"https:\/\/www.facebook.com\/acanapolska\/","article_modified_time":"2024-03-15T12:45:37+00:00","og_image":[{"url":"https:\/\/acana.com.pl\/karma\/wp-content\/uploads\/2024\/03\/wheelchairtrip-1024x683.jpg","type":"","width":"","height":""}],"twitter_card":"summary_large_image","twitter_misc":{"Szacowany czas czytania":"2 minuty"},"schema":{"@context":"https:\/\/schema.org","@graph":[{"@type":"WebPage","@id":"https:\/\/acana.com.pl\/karma\/o-nas\/wheelchairtrip\/","url":"https:\/\/acana.com.pl\/karma\/o-nas\/wheelchairtrip\/","name":"Wyprawy Wheelchairtrip - Blog Acana Polska","isPartOf":{"@id":"https:\/\/acana.com.pl\/karma\/#website"},"primaryImageOfPage":{"@id":"https:\/\/acana.com.pl\/karma\/o-nas\/wheelchairtrip\/#primaryimage"},"image":{"@id":"https:\/\/acana.com.pl\/karma\/o-nas\/wheelchairtrip\/#primaryimage"},"thumbnailUrl":"https:\/\/acana.com.pl\/karma\/wp-content\/uploads\/2024\/03\/wheelchairtrip-1024x683.jpg","datePublished":"2024-03-15T12:43:09+00:00","dateModified":"2024-03-15T12:45:37+00:00","breadcrumb":{"@id":"https:\/\/acana.com.pl\/karma\/o-nas\/wheelchairtrip\/#breadcrumb"},"inLanguage":"pl-PL","potentialAction":[{"@type":"ReadAction","target":["https:\/\/acana.com.pl\/karma\/o-nas\/wheelchairtrip\/"]}]},{"@type":"ImageObject","inLanguage":"pl-PL","@id":"https:\/\/acana.com.pl\/karma\/o-nas\/wheelchairtrip\/#primaryimage","url":"https:\/\/acana.com.pl\/karma\/wp-content\/uploads\/2024\/03\/wheelchairtrip.jpg","contentUrl":"https:\/\/acana.com.pl\/karma\/wp-content\/uploads\/2024\/03\/wheelchairtrip.jpg","width":1920,"height":1280},{"@type":"BreadcrumbList","@id":"https:\/\/acana.com.pl\/karma\/o-nas\/wheelchairtrip\/#breadcrumb","itemListElement":[{"@type":"ListItem","position":1,"name":"Strona g\u0142\u00f3wna","item":"https:\/\/acana.com.pl\/karma\/"},{"@type":"ListItem","position":2,"name":"O nas","item":"https:\/\/acana.com.pl\/karma\/o-nas\/"},{"@type":"ListItem","position":3,"name":"Wyprawy Wheelchairtrip"}]},{"@type":"WebSite","@id":"https:\/\/acana.com.pl\/karma\/#website","url":"https:\/\/acana.com.pl\/karma\/","name":"Blog Acana Polska","description":"","publisher":{"@id":"https:\/\/acana.com.pl\/karma\/#organization"},"potentialAction":[{"@type":"SearchAction","target":{"@type":"EntryPoint","urlTemplate":"https:\/\/acana.com.pl\/karma\/?s={search_term_string}"},"query-input":{"@type":"PropertyValueSpecification","valueRequired":true,"valueName":"search_term_string"}}],"inLanguage":"pl-PL"},{"@type":"Organization","@id":"https:\/\/acana.com.pl\/karma\/#organization","name":"ACANA POLSKA Sp. z o.o. Sp. K.","url":"https:\/\/acana.com.pl\/karma\/","logo":{"@type":"ImageObject","inLanguage":"pl-PL","@id":"https:\/\/acana.com.pl\/karma\/#\/schema\/logo\/image\/","url":"https:\/\/acana.com.pl\/karma\/wp-content\/uploads\/2018\/02\/logo-Acana-1.png","contentUrl":"https:\/\/acana.com.pl\/karma\/wp-content\/uploads\/2018\/02\/logo-Acana-1.png","width":154,"height":74,"caption":"ACANA POLSKA Sp. z o.o. Sp. K."},"image":{"@id":"https:\/\/acana.com.pl\/karma\/#\/schema\/logo\/image\/"},"sameAs":["https:\/\/www.facebook.com\/acanapolska\/"]}]}},"_links":{"self":[{"href":"https:\/\/acana.com.pl\/karma\/wp-json\/wp\/v2\/pages\/12844","targetHints":{"allow":["GET"]}}],"collection":[{"href":"https:\/\/acana.com.pl\/karma\/wp-json\/wp\/v2\/pages"}],"about":[{"href":"https:\/\/acana.com.pl\/karma\/wp-json\/wp\/v2\/types\/page"}],"author":[{"embeddable":true,"href":"https:\/\/acana.com.pl\/karma\/wp-json\/wp\/v2\/users\/14"}],"replies":[{"embeddable":true,"href":"https:\/\/acana.com.pl\/karma\/wp-json\/wp\/v2\/comments?post=12844"}],"version-history":[{"count":0,"href":"https:\/\/acana.com.pl\/karma\/wp-json\/wp\/v2\/pages\/12844\/revisions"}],"up":[{"embeddable":true,"href":"https:\/\/acana.com.pl\/karma\/wp-json\/wp\/v2\/pages\/32"}],"wp:attachment":[{"href":"https:\/\/acana.com.pl\/karma\/wp-json\/wp\/v2\/media?parent=12844"}],"curies":[{"name":"wp","href":"https:\/\/api.w.org\/{rel}","templated":true}]}}