{"id":241,"date":"2013-12-27T11:36:16","date_gmt":"2013-12-27T10:36:16","guid":{"rendered":"http:\/\/acana.com.pl\/?page_id=241"},"modified":"2025-12-05T09:30:00","modified_gmt":"2025-12-05T08:30:00","slug":"dzial-handlowy","status":"publish","type":"page","link":"https:\/\/acana.com.pl\/karma\/o-nas\/dzialy\/dzial-handlowy\/","title":{"rendered":"Dzia\u0142 Handlowy"},"content":{"rendered":"<p style=\"text-align: justify;\">Kompetencja, wiedza, wyrazisty przekaz \u2014 oto nasze zasady, kt\u00f3re realizujemy w Dziale Handlowym. Jeste\u015bmy odpowiedzialni za bezpo\u015bredni kontakt z Pa\u0144stwem, prezentacj\u0119 naszych produkt\u00f3w i profesjonalne doradztwo w zakresie \u017cywienia i higieny zwierz\u0105t domowych.<\/p>\n<p><strong>Rozw\u00f3j partnerstwa biznesowego to nasz kluczowy cel!<\/strong><\/p>\n<p><a href=\"https:\/\/acana.com.pl\/karma\/wp-content\/uploads\/2021\/04\/acana-polska-samochody-bmw-niebieskie.jpg\"><img loading=\"lazy\" decoding=\"async\" class=\"alignright wp-image-11865 size-medium\" src=\"https:\/\/acana.com.pl\/karma\/wp-content\/uploads\/2021\/04\/acana-polska-samochody-bmw-niebieskie-300x225.jpg\" alt=\"Acana Polska Dzia\u0142 Handlowy\" width=\"300\" height=\"225\" srcset=\"https:\/\/acana.com.pl\/karma\/wp-content\/uploads\/2021\/04\/acana-polska-samochody-bmw-niebieskie-300x225.jpg 300w, https:\/\/acana.com.pl\/karma\/wp-content\/uploads\/2021\/04\/acana-polska-samochody-bmw-niebieskie-768x576.jpg 768w, https:\/\/acana.com.pl\/karma\/wp-content\/uploads\/2021\/04\/acana-polska-samochody-bmw-niebieskie.jpg 900w\" sizes=\"auto, (max-width: 300px) 100vw, 300px\" \/><\/a><\/p>\n<p style=\"text-align: justify;\">Odpowiadamy za obs\u0142ug\u0119 Klient\u00f3w z ca\u0142ej Polski, dlatego nasze niebieskie samochody BMW dzielnie przemierzaj\u0105 kraj wzd\u0142u\u017c i wszerz. O zarz\u0105dzenie relacjami biznesowymi dbamy zespo\u0142owo: <strong>Marcin Wojciechowski, Kierownik Dzia\u0142u Handlowego<\/strong>, oraz <strong>Doradcy Klient\u00f3w Biznesowych<\/strong>, pracuj\u0105cy w terenie, bezpo\u015brednio przy kliencie.&nbsp;<\/p>\n<p>Czym zajmuj\u0105 si\u0119 Ma\u0142gorzata, Krzysztof, Piotr, Tomasz, Pawe\u0142, Mateusz i \u0141ukasz?<\/p>\n<p style=\"text-align: justify;\">Ich rola to co\u015b wi\u0119cej ni\u017c tylko sprzeda\u017c produkt\u00f3w z naszej oferty. To wsp\u00f3\u0142praca strategiczna z klientami biznesowymi, nieustanne szkolenia, gotowo\u015b\u0107 do udzielania odpowiedzi na trudne pytania i maksymalny poziom zaanga\u017cowania.&nbsp;<\/p>\n<ul>\n<li style=\"text-align: justify;\">Klienci z wojew\u00f3dztw <strong>wielkopolskiego, lubuskiego i zachodnio-pomorskiego<\/strong> trafi\u0105 pod opieku\u0144cze skrzyd\u0142a <strong>Krzysztofa Adamskiego<\/strong>. Krzysztof zwi\u0105zany jest z Acana Polska ju\u017c przesz\u0142o 10 lat, a jego do\u015bwiadczenie handlowe nadal \u0142\u0105czy si\u0119 z ogromnym entuzjazmem, wysoko cenionym przez klient\u00f3w.&nbsp;<\/li>\n<li style=\"text-align: justify;\">O partner\u00f3w biznesowych z wojew\u00f3dztw <strong>kujawsko-pomorskiego, \u0142\u00f3dzkiego i \u015bwi\u0119tokrzyskiego<\/strong>, dba <strong>Piotr Spychalski<\/strong>, ceniony za pozytywne nastawienie i entuzjazm widoczny w pracy ka\u017cdego dnia. Partner\u00f3w Biznesowych obdarza wsparciem od pierwszego kontaktu.<\/li>\n<li style=\"text-align: justify;\">Na potrzeby partner\u00f3w biznesowych z wojew\u00f3dztw <strong>mazowieckiego<\/strong> i <strong>lubelskiego<\/strong> odpowiada <strong>Pawe\u0142 Kindeusz<\/strong>.&nbsp;<\/li>\n<li style=\"text-align: justify;\"><strong>Mateusz Neter<\/strong> opiekuje si\u0119 Klientami z wojew\u00f3dztw <strong>\u015bl\u0105skiego, ma\u0142opolskiego i podkarpackiego.<\/strong> Po godzinach pracy oddaje si\u0119 pasjom, jakimi s\u0105 pi\u0142ka no\u017cna i w\u0142oska motoryzacja.&nbsp;<\/li>\n<li style=\"text-align: justify;\">Klienci z wojew\u00f3dztw <strong>dolno\u015bl\u0105skiego i opolskiego<\/strong> mog\u0105 liczy\u0107 na wsparcie do\u015bwiadczonego i energetycznego <strong>\u0141ukasza Rybki,<\/strong> mi\u0142o\u015bnika aktywno\u015bci fizycznej, w tym biegania.&nbsp;<\/li>\n<li>Pomoc\u0105 klientom z Pomorza, Warmii i Mazur s\u0142u\u017cy <strong>Tomasz Dudzi\u0144ski<\/strong>.<\/li>\n<\/ul>\n<p style=\"text-align: center;\"><strong>Chcesz nawi\u0105za\u0107 wsp\u00f3\u0142prac\u0119 biznesow\u0105?&nbsp;<\/strong><\/p>\n<p style=\"text-align: center;\"><strong>Czekamy na Ciebie!<\/strong><\/p>\n<hr>\n<p><strong>Kontakt<\/strong><\/p>\n<p><strong>Kierownik Dzia\u0142u Handlowego<\/strong>: Marcin Wojciechowski, <a href=\"mailto:m.wojciechowski@acana.com.pl\">m.wojciechowski@acana.com.pl&nbsp;<\/a><\/p>\n<p><strong>Doradcy Klienta Biznesowego<\/strong>:&nbsp;<\/p>\n<ul>\n<li style=\"list-style-type: none;\">\n<ul>\n<li>Krzysztof Adamski, <a href=\"mailto:k.adamski@acana.com.pl\">k.adamski@acana.com.pl<\/a><\/li>\n<li>Piotr Spychalski, <a href=\"mailto:p.spychalski@acana.com.pl\">p.spychalski@acana.com.pl<\/a><\/li>\n<li>Mateusz Neter, <a href=\"mailto:m.neter@acana.com.pl\">m.neter@acana.com.pl<\/a><\/li>\n<li>\u0141ukasz Rybka, <a href=\"mailto:l.rybka@acana.com.pl\">l.rybka@acana.com.pl<\/a><\/li>\n<li>Ma\u0142gorzata Siemko-\u0141ukaszuk, <a href=\"mailto:m.lukaszuk@acana.com.pl\">m.lukaszuk@acana.com.pl<\/a><\/li>\n<li>Pawe\u0142 Kindeusz, <a href=\"mailto:p.kindeusz@acana.com.pl\">p.kindeusz@acana.com.pl<\/a><\/li>\n<li>Tomasz Dudzi\u0144ski, <a href=\"mailto:t.dudzinski@acana.com.pl\">t.dudzinski@acana.com.pl<\/a><\/li>\n<\/ul>\n<\/li>\n<\/ul>\n<p><span style=\"border-radius: 2px; text-indent: 20px; width: auto; padding: 0px 4px 0px 0px; text-align: center; font: bold 11px\/20px 'Helvetica Neue',Helvetica,sans-serif; color: #ffffff; background: #bd081c no-repeat scroll 3px 50% \/ 14px 14px; position: absolute; opacity: 1; z-index: 8675309; display: none; cursor: pointer;\">Zapisz<\/span><\/p>\n<p><span style=\"border-radius: 2px; text-indent: 20px; width: auto; padding: 0px 4px 0px 0px; text-align: center; font: bold 11px\/20px 'Helvetica Neue',Helvetica,sans-serif; color: #ffffff; background: #bd081c no-repeat scroll 3px 50% \/ 14px 14px; position: absolute; opacity: 1; z-index: 8675309; display: none; cursor: pointer; top: 756px; left: 20px;\">Zapisz<\/span><\/p>\n","protected":false},"excerpt":{"rendered":"<p>Kompetencja, wiedza, wyrazisty przekaz \u2014 oto nasze zasady, kt\u00f3re realizujemy w Dziale Handlowym. Jeste\u015bmy odpowiedzialni za bezpo\u015bredni kontakt z Pa\u0144stwem, prezentacj\u0119 naszych produkt\u00f3w i profesjonalne doradztwo w zakresie \u017cywienia i higieny zwierz\u0105t domowych. Rozw\u00f3j partnerstwa biznesowego to nasz kluczowy cel! Odpowiadamy za obs\u0142ug\u0119 Klient\u00f3w z ca\u0142ej Polski, dlatego nasze niebieskie samochody BMW dzielnie przemierzaj\u0105 kraj [&hellip;]<\/p>\n","protected":false},"author":1,"featured_media":0,"parent":101,"menu_order":3,"comment_status":"closed","ping_status":"closed","template":"submenu-page.php","meta":{"_acf_changed":false,"_editorskit_title_hidden":false,"_editorskit_reading_time":0,"_editorskit_is_block_options_detached":false,"_editorskit_block_options_position":"{}","ngg_post_thumbnail":0,"footnotes":""},"class_list":["post-241","page","type-page","status-publish","hentry"],"acf":[],"yoast_head":"<!-- This site is optimized with the Yoast SEO Premium plugin v27.4 (Yoast SEO v27.4) - https:\/\/yoast.com\/product\/yoast-seo-premium-wordpress\/ -->\n<title>Dzia\u0142 Handlowy - Blog Acana Polska<\/title>\n<meta name=\"robots\" content=\"index, follow, max-snippet:-1, max-image-preview:large, max-video-preview:-1\" \/>\n<link rel=\"canonical\" href=\"https:\/\/acana.com.pl\/karma\/o-nas\/dzialy\/dzial-handlowy\/\" \/>\n<meta property=\"og:locale\" content=\"pl_PL\" \/>\n<meta property=\"og:type\" content=\"article\" \/>\n<meta property=\"og:title\" content=\"Dzia\u0142 Handlowy\" \/>\n<meta property=\"og:description\" content=\"Kompetencja, wiedza, wyrazisty przekaz \u2014 oto nasze zasady, kt\u00f3re realizujemy w Dziale Handlowym. Jeste\u015bmy odpowiedzialni za bezpo\u015bredni kontakt z Pa\u0144stwem, prezentacj\u0119 naszych produkt\u00f3w i profesjonalne doradztwo w zakresie \u017cywienia i higieny zwierz\u0105t domowych. Rozw\u00f3j partnerstwa biznesowego to nasz kluczowy cel! Odpowiadamy za obs\u0142ug\u0119 Klient\u00f3w z ca\u0142ej Polski, dlatego nasze niebieskie samochody BMW dzielnie przemierzaj\u0105 kraj [&hellip;]\" \/>\n<meta property=\"og:url\" content=\"https:\/\/acana.com.pl\/karma\/o-nas\/dzialy\/dzial-handlowy\/\" \/>\n<meta property=\"og:site_name\" content=\"Blog Acana Polska\" \/>\n<meta property=\"article:publisher\" content=\"https:\/\/www.facebook.com\/acanapolska\/\" \/>\n<meta property=\"article:modified_time\" content=\"2025-12-05T08:30:00+00:00\" \/>\n<meta property=\"og:image\" content=\"https:\/\/acana.com.pl\/karma\/wp-content\/uploads\/2021\/04\/acana-polska-samochody-bmw-niebieskie.jpg\" \/>\n\t<meta property=\"og:image:width\" content=\"900\" \/>\n\t<meta property=\"og:image:height\" content=\"675\" \/>\n\t<meta property=\"og:image:type\" content=\"image\/jpeg\" \/>\n<meta name=\"twitter:card\" content=\"summary_large_image\" \/>\n<meta name=\"twitter:label1\" content=\"Szacowany czas czytania\" \/>\n\t<meta name=\"twitter:data1\" content=\"2 minuty\" \/>\n<script type=\"application\/ld+json\" class=\"yoast-schema-graph\">{\"@context\":\"https:\\\/\\\/schema.org\",\"@graph\":[{\"@type\":\"WebPage\",\"@id\":\"https:\\\/\\\/acana.com.pl\\\/karma\\\/o-nas\\\/dzialy\\\/dzial-handlowy\\\/\",\"url\":\"https:\\\/\\\/acana.com.pl\\\/karma\\\/o-nas\\\/dzialy\\\/dzial-handlowy\\\/\",\"name\":\"Dzia\u0142 Handlowy - Blog Acana Polska\",\"isPartOf\":{\"@id\":\"https:\\\/\\\/acana.com.pl\\\/karma\\\/#website\"},\"primaryImageOfPage\":{\"@id\":\"https:\\\/\\\/acana.com.pl\\\/karma\\\/o-nas\\\/dzialy\\\/dzial-handlowy\\\/#primaryimage\"},\"image\":{\"@id\":\"https:\\\/\\\/acana.com.pl\\\/karma\\\/o-nas\\\/dzialy\\\/dzial-handlowy\\\/#primaryimage\"},\"thumbnailUrl\":\"https:\\\/\\\/acana.com.pl\\\/karma\\\/wp-content\\\/uploads\\\/2021\\\/04\\\/acana-polska-samochody-bmw-niebieskie-300x225.jpg\",\"datePublished\":\"2013-12-27T10:36:16+00:00\",\"dateModified\":\"2025-12-05T08:30:00+00:00\",\"breadcrumb\":{\"@id\":\"https:\\\/\\\/acana.com.pl\\\/karma\\\/o-nas\\\/dzialy\\\/dzial-handlowy\\\/#breadcrumb\"},\"inLanguage\":\"pl-PL\",\"potentialAction\":[{\"@type\":\"ReadAction\",\"target\":[\"https:\\\/\\\/acana.com.pl\\\/karma\\\/o-nas\\\/dzialy\\\/dzial-handlowy\\\/\"]}]},{\"@type\":\"ImageObject\",\"inLanguage\":\"pl-PL\",\"@id\":\"https:\\\/\\\/acana.com.pl\\\/karma\\\/o-nas\\\/dzialy\\\/dzial-handlowy\\\/#primaryimage\",\"url\":\"https:\\\/\\\/acana.com.pl\\\/karma\\\/wp-content\\\/uploads\\\/2021\\\/04\\\/acana-polska-samochody-bmw-niebieskie.jpg\",\"contentUrl\":\"https:\\\/\\\/acana.com.pl\\\/karma\\\/wp-content\\\/uploads\\\/2021\\\/04\\\/acana-polska-samochody-bmw-niebieskie.jpg\",\"width\":900,\"height\":675,\"caption\":\"Acana Polska Dzia\u0142 Handlowy\"},{\"@type\":\"BreadcrumbList\",\"@id\":\"https:\\\/\\\/acana.com.pl\\\/karma\\\/o-nas\\\/dzialy\\\/dzial-handlowy\\\/#breadcrumb\",\"itemListElement\":[{\"@type\":\"ListItem\",\"position\":1,\"name\":\"Strona g\u0142\u00f3wna\",\"item\":\"https:\\\/\\\/acana.com.pl\\\/karma\\\/\"},{\"@type\":\"ListItem\",\"position\":2,\"name\":\"O nas\",\"item\":\"https:\\\/\\\/acana.com.pl\\\/karma\\\/o-nas\\\/\"},{\"@type\":\"ListItem\",\"position\":3,\"name\":\"Dzia\u0142y\",\"item\":\"https:\\\/\\\/acana.com.pl\\\/karma\\\/o-nas\\\/dzialy\\\/\"},{\"@type\":\"ListItem\",\"position\":4,\"name\":\"Dzia\u0142 Handlowy\"}]},{\"@type\":\"WebSite\",\"@id\":\"https:\\\/\\\/acana.com.pl\\\/karma\\\/#website\",\"url\":\"https:\\\/\\\/acana.com.pl\\\/karma\\\/\",\"name\":\"Blog Acana Polska\",\"description\":\"\",\"publisher\":{\"@id\":\"https:\\\/\\\/acana.com.pl\\\/karma\\\/#organization\"},\"potentialAction\":[{\"@type\":\"SearchAction\",\"target\":{\"@type\":\"EntryPoint\",\"urlTemplate\":\"https:\\\/\\\/acana.com.pl\\\/karma\\\/?s={search_term_string}\"},\"query-input\":{\"@type\":\"PropertyValueSpecification\",\"valueRequired\":true,\"valueName\":\"search_term_string\"}}],\"inLanguage\":\"pl-PL\"},{\"@type\":\"Organization\",\"@id\":\"https:\\\/\\\/acana.com.pl\\\/karma\\\/#organization\",\"name\":\"ACANA POLSKA Sp. z o.o. Sp. K.\",\"url\":\"https:\\\/\\\/acana.com.pl\\\/karma\\\/\",\"logo\":{\"@type\":\"ImageObject\",\"inLanguage\":\"pl-PL\",\"@id\":\"https:\\\/\\\/acana.com.pl\\\/karma\\\/#\\\/schema\\\/logo\\\/image\\\/\",\"url\":\"https:\\\/\\\/acana.com.pl\\\/karma\\\/wp-content\\\/uploads\\\/2018\\\/02\\\/logo-Acana-1.png\",\"contentUrl\":\"https:\\\/\\\/acana.com.pl\\\/karma\\\/wp-content\\\/uploads\\\/2018\\\/02\\\/logo-Acana-1.png\",\"width\":154,\"height\":74,\"caption\":\"ACANA POLSKA Sp. z o.o. Sp. K.\"},\"image\":{\"@id\":\"https:\\\/\\\/acana.com.pl\\\/karma\\\/#\\\/schema\\\/logo\\\/image\\\/\"},\"sameAs\":[\"https:\\\/\\\/www.facebook.com\\\/acanapolska\\\/\"]}]}<\/script>\n<!-- \/ Yoast SEO Premium plugin. -->","yoast_head_json":{"title":"Dzia\u0142 Handlowy - Blog Acana Polska","robots":{"index":"index","follow":"follow","max-snippet":"max-snippet:-1","max-image-preview":"max-image-preview:large","max-video-preview":"max-video-preview:-1"},"canonical":"https:\/\/acana.com.pl\/karma\/o-nas\/dzialy\/dzial-handlowy\/","og_locale":"pl_PL","og_type":"article","og_title":"Dzia\u0142 Handlowy","og_description":"Kompetencja, wiedza, wyrazisty przekaz \u2014 oto nasze zasady, kt\u00f3re realizujemy w Dziale Handlowym. Jeste\u015bmy odpowiedzialni za bezpo\u015bredni kontakt z Pa\u0144stwem, prezentacj\u0119 naszych produkt\u00f3w i profesjonalne doradztwo w zakresie \u017cywienia i higieny zwierz\u0105t domowych. Rozw\u00f3j partnerstwa biznesowego to nasz kluczowy cel! Odpowiadamy za obs\u0142ug\u0119 Klient\u00f3w z ca\u0142ej Polski, dlatego nasze niebieskie samochody BMW dzielnie przemierzaj\u0105 kraj [&hellip;]","og_url":"https:\/\/acana.com.pl\/karma\/o-nas\/dzialy\/dzial-handlowy\/","og_site_name":"Blog Acana Polska","article_publisher":"https:\/\/www.facebook.com\/acanapolska\/","article_modified_time":"2025-12-05T08:30:00+00:00","og_image":[{"width":900,"height":675,"url":"https:\/\/acana.com.pl\/karma\/wp-content\/uploads\/2021\/04\/acana-polska-samochody-bmw-niebieskie.jpg","type":"image\/jpeg"}],"twitter_card":"summary_large_image","twitter_misc":{"Szacowany czas czytania":"2 minuty"},"schema":{"@context":"https:\/\/schema.org","@graph":[{"@type":"WebPage","@id":"https:\/\/acana.com.pl\/karma\/o-nas\/dzialy\/dzial-handlowy\/","url":"https:\/\/acana.com.pl\/karma\/o-nas\/dzialy\/dzial-handlowy\/","name":"Dzia\u0142 Handlowy - Blog Acana Polska","isPartOf":{"@id":"https:\/\/acana.com.pl\/karma\/#website"},"primaryImageOfPage":{"@id":"https:\/\/acana.com.pl\/karma\/o-nas\/dzialy\/dzial-handlowy\/#primaryimage"},"image":{"@id":"https:\/\/acana.com.pl\/karma\/o-nas\/dzialy\/dzial-handlowy\/#primaryimage"},"thumbnailUrl":"https:\/\/acana.com.pl\/karma\/wp-content\/uploads\/2021\/04\/acana-polska-samochody-bmw-niebieskie-300x225.jpg","datePublished":"2013-12-27T10:36:16+00:00","dateModified":"2025-12-05T08:30:00+00:00","breadcrumb":{"@id":"https:\/\/acana.com.pl\/karma\/o-nas\/dzialy\/dzial-handlowy\/#breadcrumb"},"inLanguage":"pl-PL","potentialAction":[{"@type":"ReadAction","target":["https:\/\/acana.com.pl\/karma\/o-nas\/dzialy\/dzial-handlowy\/"]}]},{"@type":"ImageObject","inLanguage":"pl-PL","@id":"https:\/\/acana.com.pl\/karma\/o-nas\/dzialy\/dzial-handlowy\/#primaryimage","url":"https:\/\/acana.com.pl\/karma\/wp-content\/uploads\/2021\/04\/acana-polska-samochody-bmw-niebieskie.jpg","contentUrl":"https:\/\/acana.com.pl\/karma\/wp-content\/uploads\/2021\/04\/acana-polska-samochody-bmw-niebieskie.jpg","width":900,"height":675,"caption":"Acana Polska Dzia\u0142 Handlowy"},{"@type":"BreadcrumbList","@id":"https:\/\/acana.com.pl\/karma\/o-nas\/dzialy\/dzial-handlowy\/#breadcrumb","itemListElement":[{"@type":"ListItem","position":1,"name":"Strona g\u0142\u00f3wna","item":"https:\/\/acana.com.pl\/karma\/"},{"@type":"ListItem","position":2,"name":"O nas","item":"https:\/\/acana.com.pl\/karma\/o-nas\/"},{"@type":"ListItem","position":3,"name":"Dzia\u0142y","item":"https:\/\/acana.com.pl\/karma\/o-nas\/dzialy\/"},{"@type":"ListItem","position":4,"name":"Dzia\u0142 Handlowy"}]},{"@type":"WebSite","@id":"https:\/\/acana.com.pl\/karma\/#website","url":"https:\/\/acana.com.pl\/karma\/","name":"Blog Acana Polska","description":"","publisher":{"@id":"https:\/\/acana.com.pl\/karma\/#organization"},"potentialAction":[{"@type":"SearchAction","target":{"@type":"EntryPoint","urlTemplate":"https:\/\/acana.com.pl\/karma\/?s={search_term_string}"},"query-input":{"@type":"PropertyValueSpecification","valueRequired":true,"valueName":"search_term_string"}}],"inLanguage":"pl-PL"},{"@type":"Organization","@id":"https:\/\/acana.com.pl\/karma\/#organization","name":"ACANA POLSKA Sp. z o.o. Sp. K.","url":"https:\/\/acana.com.pl\/karma\/","logo":{"@type":"ImageObject","inLanguage":"pl-PL","@id":"https:\/\/acana.com.pl\/karma\/#\/schema\/logo\/image\/","url":"https:\/\/acana.com.pl\/karma\/wp-content\/uploads\/2018\/02\/logo-Acana-1.png","contentUrl":"https:\/\/acana.com.pl\/karma\/wp-content\/uploads\/2018\/02\/logo-Acana-1.png","width":154,"height":74,"caption":"ACANA POLSKA Sp. z o.o. Sp. K."},"image":{"@id":"https:\/\/acana.com.pl\/karma\/#\/schema\/logo\/image\/"},"sameAs":["https:\/\/www.facebook.com\/acanapolska\/"]}]}},"_links":{"self":[{"href":"https:\/\/acana.com.pl\/karma\/wp-json\/wp\/v2\/pages\/241","targetHints":{"allow":["GET"]}}],"collection":[{"href":"https:\/\/acana.com.pl\/karma\/wp-json\/wp\/v2\/pages"}],"about":[{"href":"https:\/\/acana.com.pl\/karma\/wp-json\/wp\/v2\/types\/page"}],"author":[{"embeddable":true,"href":"https:\/\/acana.com.pl\/karma\/wp-json\/wp\/v2\/users\/1"}],"replies":[{"embeddable":true,"href":"https:\/\/acana.com.pl\/karma\/wp-json\/wp\/v2\/comments?post=241"}],"version-history":[{"count":0,"href":"https:\/\/acana.com.pl\/karma\/wp-json\/wp\/v2\/pages\/241\/revisions"}],"up":[{"embeddable":true,"href":"https:\/\/acana.com.pl\/karma\/wp-json\/wp\/v2\/pages\/101"}],"wp:attachment":[{"href":"https:\/\/acana.com.pl\/karma\/wp-json\/wp\/v2\/media?parent=241"}],"curies":[{"name":"wp","href":"https:\/\/api.w.org\/{rel}","templated":true}]}}