{"id":246,"date":"2013-12-27T11:49:52","date_gmt":"2013-12-27T10:49:52","guid":{"rendered":"http:\/\/acana.com.pl\/?page_id=246"},"modified":"2026-03-24T14:47:05","modified_gmt":"2026-03-24T13:47:05","slug":"dzial-marketingu","status":"publish","type":"page","link":"https:\/\/acana.com.pl\/karma\/o-nas\/dzialy\/dzial-marketingu\/","title":{"rendered":"Dzia\u0142 Marketingu"},"content":{"rendered":"<p style=\"text-align: justify;\">\u017belazne zdyscyplinowanie i nieograniczona wyobra\u017ania \u2014 tak pokr\u00f3tce mo\u017cna opisa\u0107 Dzia\u0142 Marketingu Acana Polska.<\/p>\n<p style=\"text-align: justify;\">Nad kreowaniem komunikacji marki i wyznaczaniem cel\u00f3w strategicznych czuwa <strong>Emilia Windysz-Kukie\u0142ka<\/strong>. Zarz\u0105dzanie jako\u015bci\u0105 komunikacji i tworzenie polityki marketingowej firmy w oparciu o d\u0142ugookresow\u0105 strategi\u0119 to nie tylko jej praca, ale i pasja. Po godzinach testuje ofert\u0119 dla kot\u00f3w: na szalonym Piorunie i statecznej Fecie. Dojrza\u0142o\u015b\u0107 biznesowa i analityczne podej\u015bcie Emilii sprawiaj\u0105, \u017ce ekipa kreatywna Acana Polska dok\u0142adnie wie, co i po co, robi to, co robi.<\/p>\n<p style=\"text-align: justify;\"><strong>Maja Krzy\u017caniak<\/strong> to nasza graficzka, kt\u00f3ra w koszyku swoich zainteresowa\u0144 wskazuje r\u00f3wnie\u017c na ilustracje i motion design. \u015awie\u017ce spojrzenie i wysoka kreatywno\u015b\u0107 to g\u0142\u00f3wne cechy Mai, kt\u00f3re uzupe\u0142nia mi\u0142o\u015b\u0107 do ps\u00f3w uosobiona w postaci Szajki, jej 9-letniej suczki.&nbsp;<\/p>\n<p style=\"text-align: justify;\">W swojej pracy stawiamy na etyczny marketing. Pewno\u015b\u0107 co do jako\u015bci i funkcjonalno\u015bci oferowanych produkt\u00f3w sprawia, \u017ce z naszej strony, nie ma mowy o nieuczciwych trikach marketingowych czy umy\u015blnym wprowadzaniu klient\u00f3w w b\u0142\u0105d. Wszystko, co robimy, czynimy w przekonaniu zaznajomienia mi\u0142o\u015bnik\u00f3w zwierz\u0105t z najlepszymi produktami na rynku.&nbsp;<\/p>\n<p style=\"text-align: center;\"><strong>Masz pomys\u0142 na wsp\u00f3\u0142prac\u0119 reklamow\u0105 lub projekty promocyjne?<\/strong><\/p>\n<p style=\"text-align: center;\">Napisz do nas!<\/p>\n<p style=\"text-align: justify;\"><strong>Kierownik Dzia\u0142u Marketingu: <\/strong>Emilia Windysz-Kukie\u0142ka, <a href=\"mailto:%20e.kukielka@acana.com.pl\">e.kukielka@acana.com.pl<\/a><\/p>\n<p><strong>Graficzka: <\/strong>Maja Krzy\u017caniak, <a href=\"mailto:grafik@acana.com.pl\">grafik@acana.com.pl<\/a><\/p>\n<p>&nbsp;<\/p>\n<p><span style=\"border-radius: 2px; text-indent: 20px; width: auto; padding: 0px 4px 0px 0px; text-align: center; font: bold 11px\/20px 'Helvetica Neue',Helvetica,sans-serif; color: #ffffff; background: #bd081c no-repeat scroll 3px 50% \/ 14px 14px; position: absolute; opacity: 1; z-index: 8675309; display: none; cursor: pointer; top: 444px; left: 20px;\">Zapisz<\/span><\/p>\n<p><span style=\"border-radius: 2px; text-indent: 20px; width: auto; padding: 0px 4px 0px 0px; text-align: center; font: bold 11px\/20px 'Helvetica Neue',Helvetica,sans-serif; color: #ffffff; background: #bd081c no-repeat scroll 3px 50% \/ 14px 14px; position: absolute; opacity: 1; z-index: 8675309; display: none; cursor: pointer; top: 444px; left: 20px;\">Zapisz<\/span><\/p>\n","protected":false},"excerpt":{"rendered":"<p>\u017belazne zdyscyplinowanie i nieograniczona wyobra\u017ania \u2014 tak pokr\u00f3tce mo\u017cna opisa\u0107 Dzia\u0142 Marketingu Acana Polska. Nad kreowaniem komunikacji marki i wyznaczaniem cel\u00f3w strategicznych czuwa Emilia Windysz-Kukie\u0142ka. Zarz\u0105dzanie jako\u015bci\u0105 komunikacji i tworzenie polityki marketingowej firmy w oparciu o d\u0142ugookresow\u0105 strategi\u0119 to nie tylko jej praca, ale i pasja. Po godzinach testuje ofert\u0119 dla kot\u00f3w: na szalonym Piorunie [&hellip;]<\/p>\n","protected":false},"author":1,"featured_media":0,"parent":101,"menu_order":4,"comment_status":"closed","ping_status":"closed","template":"submenu-page.php","meta":{"_acf_changed":false,"_editorskit_title_hidden":false,"_editorskit_reading_time":0,"_editorskit_is_block_options_detached":false,"_editorskit_block_options_position":"{}","ngg_post_thumbnail":0,"footnotes":""},"class_list":["post-246","page","type-page","status-publish","hentry"],"acf":[],"yoast_head":"<!-- This site is optimized with the Yoast SEO Premium plugin v27.4 (Yoast SEO v27.4) - https:\/\/yoast.com\/product\/yoast-seo-premium-wordpress\/ -->\n<title>Dzia\u0142 Marketingu - Blog Acana Polska<\/title>\n<meta name=\"description\" content=\"Poznaj zadania i pracownik\u00f3w Dzia\u0142u Marketingu firmy Acana Polska Sp. z o.o. Sp. k. \u0142\u0105czej mi\u0142o\u015bnik\u00f3w zwierz\u0105t w trosce o odpowiednie \u017cywienie.\" \/>\n<meta name=\"robots\" content=\"index, follow, max-snippet:-1, max-image-preview:large, max-video-preview:-1\" \/>\n<link rel=\"canonical\" href=\"https:\/\/acana.com.pl\/karma\/o-nas\/dzialy\/dzial-marketingu\/\" \/>\n<meta property=\"og:locale\" content=\"pl_PL\" \/>\n<meta property=\"og:type\" content=\"article\" \/>\n<meta property=\"og:title\" content=\"Dzia\u0142 Marketingu\" \/>\n<meta property=\"og:description\" content=\"Poznaj zadania i pracownik\u00f3w Dzia\u0142u Marketingu firmy Acana Polska Sp. z o.o. Sp. k. \u0142\u0105czej mi\u0142o\u015bnik\u00f3w zwierz\u0105t w trosce o odpowiednie \u017cywienie.\" \/>\n<meta property=\"og:url\" content=\"https:\/\/acana.com.pl\/karma\/o-nas\/dzialy\/dzial-marketingu\/\" \/>\n<meta property=\"og:site_name\" content=\"Blog Acana Polska\" \/>\n<meta property=\"article:publisher\" content=\"https:\/\/www.facebook.com\/acanapolska\/\" \/>\n<meta property=\"article:modified_time\" content=\"2026-03-24T13:47:05+00:00\" \/>\n<meta name=\"twitter:card\" content=\"summary_large_image\" \/>\n<meta name=\"twitter:label1\" content=\"Szacowany czas czytania\" \/>\n\t<meta name=\"twitter:data1\" content=\"2 minuty\" \/>\n<script type=\"application\/ld+json\" class=\"yoast-schema-graph\">{\"@context\":\"https:\\\/\\\/schema.org\",\"@graph\":[{\"@type\":\"WebPage\",\"@id\":\"https:\\\/\\\/acana.com.pl\\\/karma\\\/o-nas\\\/dzialy\\\/dzial-marketingu\\\/\",\"url\":\"https:\\\/\\\/acana.com.pl\\\/karma\\\/o-nas\\\/dzialy\\\/dzial-marketingu\\\/\",\"name\":\"Dzia\u0142 Marketingu - Blog Acana Polska\",\"isPartOf\":{\"@id\":\"https:\\\/\\\/acana.com.pl\\\/karma\\\/#website\"},\"datePublished\":\"2013-12-27T10:49:52+00:00\",\"dateModified\":\"2026-03-24T13:47:05+00:00\",\"description\":\"Poznaj zadania i pracownik\u00f3w Dzia\u0142u Marketingu firmy Acana Polska Sp. z o.o. Sp. k. \u0142\u0105czej mi\u0142o\u015bnik\u00f3w zwierz\u0105t w trosce o odpowiednie \u017cywienie.\",\"breadcrumb\":{\"@id\":\"https:\\\/\\\/acana.com.pl\\\/karma\\\/o-nas\\\/dzialy\\\/dzial-marketingu\\\/#breadcrumb\"},\"inLanguage\":\"pl-PL\",\"potentialAction\":[{\"@type\":\"ReadAction\",\"target\":[\"https:\\\/\\\/acana.com.pl\\\/karma\\\/o-nas\\\/dzialy\\\/dzial-marketingu\\\/\"]}]},{\"@type\":\"BreadcrumbList\",\"@id\":\"https:\\\/\\\/acana.com.pl\\\/karma\\\/o-nas\\\/dzialy\\\/dzial-marketingu\\\/#breadcrumb\",\"itemListElement\":[{\"@type\":\"ListItem\",\"position\":1,\"name\":\"Strona g\u0142\u00f3wna\",\"item\":\"https:\\\/\\\/acana.com.pl\\\/karma\\\/\"},{\"@type\":\"ListItem\",\"position\":2,\"name\":\"O nas\",\"item\":\"https:\\\/\\\/acana.com.pl\\\/karma\\\/o-nas\\\/\"},{\"@type\":\"ListItem\",\"position\":3,\"name\":\"Dzia\u0142y\",\"item\":\"https:\\\/\\\/acana.com.pl\\\/karma\\\/o-nas\\\/dzialy\\\/\"},{\"@type\":\"ListItem\",\"position\":4,\"name\":\"Dzia\u0142 Marketingu\"}]},{\"@type\":\"WebSite\",\"@id\":\"https:\\\/\\\/acana.com.pl\\\/karma\\\/#website\",\"url\":\"https:\\\/\\\/acana.com.pl\\\/karma\\\/\",\"name\":\"Blog Acana Polska\",\"description\":\"\",\"publisher\":{\"@id\":\"https:\\\/\\\/acana.com.pl\\\/karma\\\/#organization\"},\"potentialAction\":[{\"@type\":\"SearchAction\",\"target\":{\"@type\":\"EntryPoint\",\"urlTemplate\":\"https:\\\/\\\/acana.com.pl\\\/karma\\\/?s={search_term_string}\"},\"query-input\":{\"@type\":\"PropertyValueSpecification\",\"valueRequired\":true,\"valueName\":\"search_term_string\"}}],\"inLanguage\":\"pl-PL\"},{\"@type\":\"Organization\",\"@id\":\"https:\\\/\\\/acana.com.pl\\\/karma\\\/#organization\",\"name\":\"ACANA POLSKA Sp. z o.o. Sp. K.\",\"url\":\"https:\\\/\\\/acana.com.pl\\\/karma\\\/\",\"logo\":{\"@type\":\"ImageObject\",\"inLanguage\":\"pl-PL\",\"@id\":\"https:\\\/\\\/acana.com.pl\\\/karma\\\/#\\\/schema\\\/logo\\\/image\\\/\",\"url\":\"https:\\\/\\\/acana.com.pl\\\/karma\\\/wp-content\\\/uploads\\\/2018\\\/02\\\/logo-Acana-1.png\",\"contentUrl\":\"https:\\\/\\\/acana.com.pl\\\/karma\\\/wp-content\\\/uploads\\\/2018\\\/02\\\/logo-Acana-1.png\",\"width\":154,\"height\":74,\"caption\":\"ACANA POLSKA Sp. z o.o. Sp. K.\"},\"image\":{\"@id\":\"https:\\\/\\\/acana.com.pl\\\/karma\\\/#\\\/schema\\\/logo\\\/image\\\/\"},\"sameAs\":[\"https:\\\/\\\/www.facebook.com\\\/acanapolska\\\/\"]}]}<\/script>\n<!-- \/ Yoast SEO Premium plugin. -->","yoast_head_json":{"title":"Dzia\u0142 Marketingu - Blog Acana Polska","description":"Poznaj zadania i pracownik\u00f3w Dzia\u0142u Marketingu firmy Acana Polska Sp. z o.o. Sp. k. \u0142\u0105czej mi\u0142o\u015bnik\u00f3w zwierz\u0105t w trosce o odpowiednie \u017cywienie.","robots":{"index":"index","follow":"follow","max-snippet":"max-snippet:-1","max-image-preview":"max-image-preview:large","max-video-preview":"max-video-preview:-1"},"canonical":"https:\/\/acana.com.pl\/karma\/o-nas\/dzialy\/dzial-marketingu\/","og_locale":"pl_PL","og_type":"article","og_title":"Dzia\u0142 Marketingu","og_description":"Poznaj zadania i pracownik\u00f3w Dzia\u0142u Marketingu firmy Acana Polska Sp. z o.o. Sp. k. \u0142\u0105czej mi\u0142o\u015bnik\u00f3w zwierz\u0105t w trosce o odpowiednie \u017cywienie.","og_url":"https:\/\/acana.com.pl\/karma\/o-nas\/dzialy\/dzial-marketingu\/","og_site_name":"Blog Acana Polska","article_publisher":"https:\/\/www.facebook.com\/acanapolska\/","article_modified_time":"2026-03-24T13:47:05+00:00","twitter_card":"summary_large_image","twitter_misc":{"Szacowany czas czytania":"2 minuty"},"schema":{"@context":"https:\/\/schema.org","@graph":[{"@type":"WebPage","@id":"https:\/\/acana.com.pl\/karma\/o-nas\/dzialy\/dzial-marketingu\/","url":"https:\/\/acana.com.pl\/karma\/o-nas\/dzialy\/dzial-marketingu\/","name":"Dzia\u0142 Marketingu - Blog Acana Polska","isPartOf":{"@id":"https:\/\/acana.com.pl\/karma\/#website"},"datePublished":"2013-12-27T10:49:52+00:00","dateModified":"2026-03-24T13:47:05+00:00","description":"Poznaj zadania i pracownik\u00f3w Dzia\u0142u Marketingu firmy Acana Polska Sp. z o.o. Sp. k. \u0142\u0105czej mi\u0142o\u015bnik\u00f3w zwierz\u0105t w trosce o odpowiednie \u017cywienie.","breadcrumb":{"@id":"https:\/\/acana.com.pl\/karma\/o-nas\/dzialy\/dzial-marketingu\/#breadcrumb"},"inLanguage":"pl-PL","potentialAction":[{"@type":"ReadAction","target":["https:\/\/acana.com.pl\/karma\/o-nas\/dzialy\/dzial-marketingu\/"]}]},{"@type":"BreadcrumbList","@id":"https:\/\/acana.com.pl\/karma\/o-nas\/dzialy\/dzial-marketingu\/#breadcrumb","itemListElement":[{"@type":"ListItem","position":1,"name":"Strona g\u0142\u00f3wna","item":"https:\/\/acana.com.pl\/karma\/"},{"@type":"ListItem","position":2,"name":"O nas","item":"https:\/\/acana.com.pl\/karma\/o-nas\/"},{"@type":"ListItem","position":3,"name":"Dzia\u0142y","item":"https:\/\/acana.com.pl\/karma\/o-nas\/dzialy\/"},{"@type":"ListItem","position":4,"name":"Dzia\u0142 Marketingu"}]},{"@type":"WebSite","@id":"https:\/\/acana.com.pl\/karma\/#website","url":"https:\/\/acana.com.pl\/karma\/","name":"Blog Acana Polska","description":"","publisher":{"@id":"https:\/\/acana.com.pl\/karma\/#organization"},"potentialAction":[{"@type":"SearchAction","target":{"@type":"EntryPoint","urlTemplate":"https:\/\/acana.com.pl\/karma\/?s={search_term_string}"},"query-input":{"@type":"PropertyValueSpecification","valueRequired":true,"valueName":"search_term_string"}}],"inLanguage":"pl-PL"},{"@type":"Organization","@id":"https:\/\/acana.com.pl\/karma\/#organization","name":"ACANA POLSKA Sp. z o.o. Sp. K.","url":"https:\/\/acana.com.pl\/karma\/","logo":{"@type":"ImageObject","inLanguage":"pl-PL","@id":"https:\/\/acana.com.pl\/karma\/#\/schema\/logo\/image\/","url":"https:\/\/acana.com.pl\/karma\/wp-content\/uploads\/2018\/02\/logo-Acana-1.png","contentUrl":"https:\/\/acana.com.pl\/karma\/wp-content\/uploads\/2018\/02\/logo-Acana-1.png","width":154,"height":74,"caption":"ACANA POLSKA Sp. z o.o. Sp. K."},"image":{"@id":"https:\/\/acana.com.pl\/karma\/#\/schema\/logo\/image\/"},"sameAs":["https:\/\/www.facebook.com\/acanapolska\/"]}]}},"_links":{"self":[{"href":"https:\/\/acana.com.pl\/karma\/wp-json\/wp\/v2\/pages\/246","targetHints":{"allow":["GET"]}}],"collection":[{"href":"https:\/\/acana.com.pl\/karma\/wp-json\/wp\/v2\/pages"}],"about":[{"href":"https:\/\/acana.com.pl\/karma\/wp-json\/wp\/v2\/types\/page"}],"author":[{"embeddable":true,"href":"https:\/\/acana.com.pl\/karma\/wp-json\/wp\/v2\/users\/1"}],"replies":[{"embeddable":true,"href":"https:\/\/acana.com.pl\/karma\/wp-json\/wp\/v2\/comments?post=246"}],"version-history":[{"count":0,"href":"https:\/\/acana.com.pl\/karma\/wp-json\/wp\/v2\/pages\/246\/revisions"}],"up":[{"embeddable":true,"href":"https:\/\/acana.com.pl\/karma\/wp-json\/wp\/v2\/pages\/101"}],"wp:attachment":[{"href":"https:\/\/acana.com.pl\/karma\/wp-json\/wp\/v2\/media?parent=246"}],"curies":[{"name":"wp","href":"https:\/\/api.w.org\/{rel}","templated":true}]}}