{"id":248,"date":"2013-12-27T11:52:42","date_gmt":"2013-12-27T10:52:42","guid":{"rendered":"http:\/\/acana.com.pl\/?page_id=248"},"modified":"2024-08-09T13:29:01","modified_gmt":"2024-08-09T11:29:01","slug":"dzial-logistyki-i-analiz","status":"publish","type":"page","link":"https:\/\/acana.com.pl\/karma\/o-nas\/dzialy\/dzial-logistyki-i-analiz\/","title":{"rendered":"Dzia\u0142 Logistyki"},"content":{"rendered":"<p style=\"text-align: justify;\">Za procesy planowania, realizacji i kontroli efektywnego dostarczania towar\u00f3w do naszych klient\u00f3w odpowiada Dzia\u0142 Logistyki Acana Polska.<\/p>\n<p style=\"text-align: justify;\">Analiz\u0105 systemu logistycznego zajmuje si\u0119 <strong>Tomasz Baran<\/strong>, Kierownik Dzia\u0142u Logistyki, kt\u00f3ry nieustannie poszukuje najlepszych rozwi\u0105za\u0144 u\u0142atwiaj\u0105cych skuteczne zarz\u0105dzanie przyjmowaniem towaru i wysy\u0142kami. W realizacji sprawnego procesu logistycznego towarzyszy mu <strong>S\u0142awomir Jak\u00f3b i Marcin Dr\u0105\u017ckiewicz, <\/strong>Koordynatorzy Dzia\u0142u Logistyki. To dzi\u0119ki nim dostawy z naszymi produktami szybko trafiaj\u0105 do Ciebie.<\/p>\n<p style=\"text-align: justify;\">Realizacja zam\u00f3wie\u0144, bezpieczne pakowanie przesy\u0142ek i przekazywanie ich firmie dostawczej, to nasza codzienno\u015b\u0107. Porcja szcz\u0119\u015bcia dla Twojego pupila, a tak\u017ce dla pupili klient\u00f3w Twojego sklepu zoologicznego, wychodzi z r\u0105k naszych skrupulatnych magazynier\u00f3w.<\/p>\n<p><strong>Kontakt<\/strong><\/p>\n<ul>\n<li><strong>Kierownik Dzia\u0142u Logistyki: <\/strong>Tomasz Baran, &nbsp;<a href=\"mailto:%20k.elwertowski@acana.com.pl\">t.baran@acana.com.pl&nbsp;<\/a><\/li>\n<li><strong>Koordynator Dzia\u0142u Logistyki: <\/strong>S\u0142awomir Jak\u00f3b, <a href=\"mailto:s.jakob@acana.com.pl\">s.jakob@acana.com.pl<\/a>&nbsp;<\/li>\n<li><strong>Koordynator Dzia\u0142u Logistyki:<\/strong> Marcin Dr\u0105\u017ckiewicz<\/li>\n<\/ul>\n<p><span style=\"border-radius: 2px; text-indent: 20px; width: auto; padding: 0px 4px 0px 0px; text-align: center; font: bold 11px\/20px 'Helvetica Neue',Helvetica,sans-serif; color: #ffffff; background: #bd081c no-repeat scroll 3px 50% \/ 14px 14px; position: absolute; opacity: 1; z-index: 8675309; display: none; cursor: pointer; top: 660px; left: 20px;\">Zapisz<\/span><\/p>\n<p><span style=\"border-radius: 2px; text-indent: 20px; width: auto; padding: 0px 4px 0px 0px; text-align: center; font: bold 11px\/20px 'Helvetica Neue',Helvetica,sans-serif; color: #ffffff; background: #bd081c no-repeat scroll 3px 50% \/ 14px 14px; position: absolute; opacity: 1; z-index: 8675309; display: none; cursor: pointer; top: 636px; left: 20px;\">Zapisz<\/span><\/p>\n","protected":false},"excerpt":{"rendered":"<p>Za procesy planowania, realizacji i kontroli efektywnego dostarczania towar\u00f3w do naszych klient\u00f3w odpowiada Dzia\u0142 Logistyki Acana Polska. Analiz\u0105 systemu logistycznego zajmuje si\u0119 Tomasz Baran, Kierownik Dzia\u0142u Logistyki, kt\u00f3ry nieustannie poszukuje najlepszych rozwi\u0105za\u0144 u\u0142atwiaj\u0105cych skuteczne zarz\u0105dzanie przyjmowaniem towaru i wysy\u0142kami. W realizacji sprawnego procesu logistycznego towarzyszy mu S\u0142awomir Jak\u00f3b i Marcin Dr\u0105\u017ckiewicz, Koordynatorzy Dzia\u0142u Logistyki. To [&hellip;]<\/p>\n","protected":false},"author":1,"featured_media":0,"parent":101,"menu_order":1,"comment_status":"closed","ping_status":"closed","template":"submenu-page.php","meta":{"_acf_changed":false,"_editorskit_title_hidden":false,"_editorskit_reading_time":0,"_editorskit_is_block_options_detached":false,"_editorskit_block_options_position":"{}","ngg_post_thumbnail":0,"footnotes":""},"class_list":["post-248","page","type-page","status-publish","hentry"],"acf":[],"yoast_head":"<!-- This site is optimized with the Yoast SEO Premium plugin v27.4 (Yoast SEO v27.4) - https:\/\/yoast.com\/product\/yoast-seo-premium-wordpress\/ -->\n<title>Dzia\u0142 Logistyki - Blog Acana Polska<\/title>\n<meta name=\"robots\" content=\"index, follow, max-snippet:-1, max-image-preview:large, max-video-preview:-1\" \/>\n<link rel=\"canonical\" href=\"https:\/\/acana.com.pl\/karma\/o-nas\/dzialy\/dzial-logistyki-i-analiz\/\" \/>\n<meta property=\"og:locale\" content=\"pl_PL\" \/>\n<meta property=\"og:type\" content=\"article\" \/>\n<meta property=\"og:title\" content=\"Dzia\u0142 Logistyki\" \/>\n<meta property=\"og:description\" content=\"Za procesy planowania, realizacji i kontroli efektywnego dostarczania towar\u00f3w do naszych klient\u00f3w odpowiada Dzia\u0142 Logistyki Acana Polska. Analiz\u0105 systemu logistycznego zajmuje si\u0119 Tomasz Baran, Kierownik Dzia\u0142u Logistyki, kt\u00f3ry nieustannie poszukuje najlepszych rozwi\u0105za\u0144 u\u0142atwiaj\u0105cych skuteczne zarz\u0105dzanie przyjmowaniem towaru i wysy\u0142kami. W realizacji sprawnego procesu logistycznego towarzyszy mu S\u0142awomir Jak\u00f3b i Marcin Dr\u0105\u017ckiewicz, Koordynatorzy Dzia\u0142u Logistyki. To [&hellip;]\" \/>\n<meta property=\"og:url\" content=\"https:\/\/acana.com.pl\/karma\/o-nas\/dzialy\/dzial-logistyki-i-analiz\/\" \/>\n<meta property=\"og:site_name\" content=\"Blog Acana Polska\" \/>\n<meta property=\"article:publisher\" content=\"https:\/\/www.facebook.com\/acanapolska\/\" \/>\n<meta property=\"article:modified_time\" content=\"2024-08-09T11:29:01+00:00\" \/>\n<meta name=\"twitter:card\" content=\"summary_large_image\" \/>\n<meta name=\"twitter:label1\" content=\"Szacowany czas czytania\" \/>\n\t<meta name=\"twitter:data1\" content=\"1 minuta\" \/>\n<script type=\"application\/ld+json\" class=\"yoast-schema-graph\">{\"@context\":\"https:\\\/\\\/schema.org\",\"@graph\":[{\"@type\":\"WebPage\",\"@id\":\"https:\\\/\\\/acana.com.pl\\\/karma\\\/o-nas\\\/dzialy\\\/dzial-logistyki-i-analiz\\\/\",\"url\":\"https:\\\/\\\/acana.com.pl\\\/karma\\\/o-nas\\\/dzialy\\\/dzial-logistyki-i-analiz\\\/\",\"name\":\"Dzia\u0142 Logistyki - Blog Acana Polska\",\"isPartOf\":{\"@id\":\"https:\\\/\\\/acana.com.pl\\\/karma\\\/#website\"},\"datePublished\":\"2013-12-27T10:52:42+00:00\",\"dateModified\":\"2024-08-09T11:29:01+00:00\",\"breadcrumb\":{\"@id\":\"https:\\\/\\\/acana.com.pl\\\/karma\\\/o-nas\\\/dzialy\\\/dzial-logistyki-i-analiz\\\/#breadcrumb\"},\"inLanguage\":\"pl-PL\",\"potentialAction\":[{\"@type\":\"ReadAction\",\"target\":[\"https:\\\/\\\/acana.com.pl\\\/karma\\\/o-nas\\\/dzialy\\\/dzial-logistyki-i-analiz\\\/\"]}]},{\"@type\":\"BreadcrumbList\",\"@id\":\"https:\\\/\\\/acana.com.pl\\\/karma\\\/o-nas\\\/dzialy\\\/dzial-logistyki-i-analiz\\\/#breadcrumb\",\"itemListElement\":[{\"@type\":\"ListItem\",\"position\":1,\"name\":\"Strona g\u0142\u00f3wna\",\"item\":\"https:\\\/\\\/acana.com.pl\\\/karma\\\/\"},{\"@type\":\"ListItem\",\"position\":2,\"name\":\"O nas\",\"item\":\"https:\\\/\\\/acana.com.pl\\\/karma\\\/o-nas\\\/\"},{\"@type\":\"ListItem\",\"position\":3,\"name\":\"Dzia\u0142y\",\"item\":\"https:\\\/\\\/acana.com.pl\\\/karma\\\/o-nas\\\/dzialy\\\/\"},{\"@type\":\"ListItem\",\"position\":4,\"name\":\"Dzia\u0142 Logistyki\"}]},{\"@type\":\"WebSite\",\"@id\":\"https:\\\/\\\/acana.com.pl\\\/karma\\\/#website\",\"url\":\"https:\\\/\\\/acana.com.pl\\\/karma\\\/\",\"name\":\"Blog Acana Polska\",\"description\":\"\",\"publisher\":{\"@id\":\"https:\\\/\\\/acana.com.pl\\\/karma\\\/#organization\"},\"potentialAction\":[{\"@type\":\"SearchAction\",\"target\":{\"@type\":\"EntryPoint\",\"urlTemplate\":\"https:\\\/\\\/acana.com.pl\\\/karma\\\/?s={search_term_string}\"},\"query-input\":{\"@type\":\"PropertyValueSpecification\",\"valueRequired\":true,\"valueName\":\"search_term_string\"}}],\"inLanguage\":\"pl-PL\"},{\"@type\":\"Organization\",\"@id\":\"https:\\\/\\\/acana.com.pl\\\/karma\\\/#organization\",\"name\":\"ACANA POLSKA Sp. z o.o. Sp. K.\",\"url\":\"https:\\\/\\\/acana.com.pl\\\/karma\\\/\",\"logo\":{\"@type\":\"ImageObject\",\"inLanguage\":\"pl-PL\",\"@id\":\"https:\\\/\\\/acana.com.pl\\\/karma\\\/#\\\/schema\\\/logo\\\/image\\\/\",\"url\":\"https:\\\/\\\/acana.com.pl\\\/karma\\\/wp-content\\\/uploads\\\/2018\\\/02\\\/logo-Acana-1.png\",\"contentUrl\":\"https:\\\/\\\/acana.com.pl\\\/karma\\\/wp-content\\\/uploads\\\/2018\\\/02\\\/logo-Acana-1.png\",\"width\":154,\"height\":74,\"caption\":\"ACANA POLSKA Sp. z o.o. Sp. K.\"},\"image\":{\"@id\":\"https:\\\/\\\/acana.com.pl\\\/karma\\\/#\\\/schema\\\/logo\\\/image\\\/\"},\"sameAs\":[\"https:\\\/\\\/www.facebook.com\\\/acanapolska\\\/\"]}]}<\/script>\n<!-- \/ Yoast SEO Premium plugin. -->","yoast_head_json":{"title":"Dzia\u0142 Logistyki - Blog Acana Polska","robots":{"index":"index","follow":"follow","max-snippet":"max-snippet:-1","max-image-preview":"max-image-preview:large","max-video-preview":"max-video-preview:-1"},"canonical":"https:\/\/acana.com.pl\/karma\/o-nas\/dzialy\/dzial-logistyki-i-analiz\/","og_locale":"pl_PL","og_type":"article","og_title":"Dzia\u0142 Logistyki","og_description":"Za procesy planowania, realizacji i kontroli efektywnego dostarczania towar\u00f3w do naszych klient\u00f3w odpowiada Dzia\u0142 Logistyki Acana Polska. Analiz\u0105 systemu logistycznego zajmuje si\u0119 Tomasz Baran, Kierownik Dzia\u0142u Logistyki, kt\u00f3ry nieustannie poszukuje najlepszych rozwi\u0105za\u0144 u\u0142atwiaj\u0105cych skuteczne zarz\u0105dzanie przyjmowaniem towaru i wysy\u0142kami. W realizacji sprawnego procesu logistycznego towarzyszy mu S\u0142awomir Jak\u00f3b i Marcin Dr\u0105\u017ckiewicz, Koordynatorzy Dzia\u0142u Logistyki. To [&hellip;]","og_url":"https:\/\/acana.com.pl\/karma\/o-nas\/dzialy\/dzial-logistyki-i-analiz\/","og_site_name":"Blog Acana Polska","article_publisher":"https:\/\/www.facebook.com\/acanapolska\/","article_modified_time":"2024-08-09T11:29:01+00:00","twitter_card":"summary_large_image","twitter_misc":{"Szacowany czas czytania":"1 minuta"},"schema":{"@context":"https:\/\/schema.org","@graph":[{"@type":"WebPage","@id":"https:\/\/acana.com.pl\/karma\/o-nas\/dzialy\/dzial-logistyki-i-analiz\/","url":"https:\/\/acana.com.pl\/karma\/o-nas\/dzialy\/dzial-logistyki-i-analiz\/","name":"Dzia\u0142 Logistyki - Blog Acana Polska","isPartOf":{"@id":"https:\/\/acana.com.pl\/karma\/#website"},"datePublished":"2013-12-27T10:52:42+00:00","dateModified":"2024-08-09T11:29:01+00:00","breadcrumb":{"@id":"https:\/\/acana.com.pl\/karma\/o-nas\/dzialy\/dzial-logistyki-i-analiz\/#breadcrumb"},"inLanguage":"pl-PL","potentialAction":[{"@type":"ReadAction","target":["https:\/\/acana.com.pl\/karma\/o-nas\/dzialy\/dzial-logistyki-i-analiz\/"]}]},{"@type":"BreadcrumbList","@id":"https:\/\/acana.com.pl\/karma\/o-nas\/dzialy\/dzial-logistyki-i-analiz\/#breadcrumb","itemListElement":[{"@type":"ListItem","position":1,"name":"Strona g\u0142\u00f3wna","item":"https:\/\/acana.com.pl\/karma\/"},{"@type":"ListItem","position":2,"name":"O nas","item":"https:\/\/acana.com.pl\/karma\/o-nas\/"},{"@type":"ListItem","position":3,"name":"Dzia\u0142y","item":"https:\/\/acana.com.pl\/karma\/o-nas\/dzialy\/"},{"@type":"ListItem","position":4,"name":"Dzia\u0142 Logistyki"}]},{"@type":"WebSite","@id":"https:\/\/acana.com.pl\/karma\/#website","url":"https:\/\/acana.com.pl\/karma\/","name":"Blog Acana Polska","description":"","publisher":{"@id":"https:\/\/acana.com.pl\/karma\/#organization"},"potentialAction":[{"@type":"SearchAction","target":{"@type":"EntryPoint","urlTemplate":"https:\/\/acana.com.pl\/karma\/?s={search_term_string}"},"query-input":{"@type":"PropertyValueSpecification","valueRequired":true,"valueName":"search_term_string"}}],"inLanguage":"pl-PL"},{"@type":"Organization","@id":"https:\/\/acana.com.pl\/karma\/#organization","name":"ACANA POLSKA Sp. z o.o. Sp. K.","url":"https:\/\/acana.com.pl\/karma\/","logo":{"@type":"ImageObject","inLanguage":"pl-PL","@id":"https:\/\/acana.com.pl\/karma\/#\/schema\/logo\/image\/","url":"https:\/\/acana.com.pl\/karma\/wp-content\/uploads\/2018\/02\/logo-Acana-1.png","contentUrl":"https:\/\/acana.com.pl\/karma\/wp-content\/uploads\/2018\/02\/logo-Acana-1.png","width":154,"height":74,"caption":"ACANA POLSKA Sp. z o.o. Sp. K."},"image":{"@id":"https:\/\/acana.com.pl\/karma\/#\/schema\/logo\/image\/"},"sameAs":["https:\/\/www.facebook.com\/acanapolska\/"]}]}},"_links":{"self":[{"href":"https:\/\/acana.com.pl\/karma\/wp-json\/wp\/v2\/pages\/248","targetHints":{"allow":["GET"]}}],"collection":[{"href":"https:\/\/acana.com.pl\/karma\/wp-json\/wp\/v2\/pages"}],"about":[{"href":"https:\/\/acana.com.pl\/karma\/wp-json\/wp\/v2\/types\/page"}],"author":[{"embeddable":true,"href":"https:\/\/acana.com.pl\/karma\/wp-json\/wp\/v2\/users\/1"}],"replies":[{"embeddable":true,"href":"https:\/\/acana.com.pl\/karma\/wp-json\/wp\/v2\/comments?post=248"}],"version-history":[{"count":0,"href":"https:\/\/acana.com.pl\/karma\/wp-json\/wp\/v2\/pages\/248\/revisions"}],"up":[{"embeddable":true,"href":"https:\/\/acana.com.pl\/karma\/wp-json\/wp\/v2\/pages\/101"}],"wp:attachment":[{"href":"https:\/\/acana.com.pl\/karma\/wp-json\/wp\/v2\/media?parent=248"}],"curies":[{"name":"wp","href":"https:\/\/api.w.org\/{rel}","templated":true}]}}