{"id":250,"date":"2013-12-27T11:53:41","date_gmt":"2013-12-27T10:53:41","guid":{"rendered":"http:\/\/acana.com.pl\/?page_id=250"},"modified":"2026-01-16T16:06:53","modified_gmt":"2026-01-16T15:06:53","slug":"dzial-ksiegowosci","status":"publish","type":"page","link":"https:\/\/acana.com.pl\/karma\/o-nas\/dzialy\/dzial-ksiegowosci\/","title":{"rendered":"Dzia\u0142 Ksi\u0119gowo\u015bci"},"content":{"rendered":"<p style=\"text-align: justify;\">Sterta dokument\u00f3w czekaj\u0105cych za zatwierdzenie, zaksi\u0119gowanie albo zap\u0142at\u0119? Oto &#8211; wcale nienudna &#8211; codzienno\u015b\u0107 naszego Dzia\u0142u Ksi\u0119gowo\u015bci i HR.<\/p>\n<p style=\"text-align: justify;\">Piecz\u0119 nad jego sprawn\u0105 dzia\u0142alno\u015bci\u0105 sprawuje <strong>Dyrektor Finansowa, Magdalena Zi\u00f3\u0142kowska<\/strong>. Wsp\u00f3lnie z <strong>Anet\u0105 Czesn\u0105<\/strong>, ka\u017cdego dnia udowadniaj\u0105, \u017ce s\u0105 prawdziwymi magiczkami od Excela. To dzi\u0119ki ich pracy funkcjonowanie Acana Polska oparte jest na rzetelnych informacjach o finansach.&nbsp;<\/p>\n<p style=\"text-align: justify;\">Obszarem <em>Human Resources<\/em> zajmuje si\u0119 niezawodna <strong>Aleksandra Molenda, HR Business Partner<\/strong>. Ola projektuje, wdra\u017ca i audytuje procesy zarz\u0105dzania personelem. Zawsze z u\u015bmiechem dba o rozw\u00f3j pracownik\u00f3w, wspiera komunikacj\u0119 wewn\u0119trzn\u0105 w firmie, a tak\u017ce rekrutuje i selekcjonuje nowych kandydat\u00f3w do #AcanaPolskaTeam. Jak nikt inny wie, jak budowa\u0107 kultur\u0119 organizacyjn\u0105 naszej firmy, aby pracownicy chcieli z przyjemno\u015bci\u0105 pracowa\u0107, a kandydaci kandydowa\u0107.&nbsp;<\/p>\n<p style=\"text-align: justify;\">Dzia\u0142ania HR wspiera <strong>Magdalena Semenowicz, Specjalistka ds. Kadr i P\u0142ac<\/strong>. Magdalena to pasjonatka prawa pracy i administracji personalnej. Zmys\u0142 analityczny i umiej\u0119tno\u015b\u0107 wyci\u0105gania wniosk\u00f3w sprawiaj\u0105, \u017ce samodzielnie potrafi rozwi\u0105zywa\u0107 nawet najbardziej skomplikowane zagadki kadrowo-p\u0142acowe.&nbsp;<\/p>\n<p style=\"text-align: center;\">W decyzjach biznesowych nie ma miejsca na domys\u0142y i intuicj\u0119.<\/p>\n<p style=\"text-align: center;\">Praca naszego zespo\u0142u ksi\u0119gowego i HR, pozwala szybko i elastycznie reagowa\u0107 na zmieniaj\u0105ce si\u0119 uwarunkowania rynkowe, a w konsekwencji &#8211; na nowo powsta\u0142e potrzeby. Finalnie &#8211; tak\u017ce Twoje!<\/p>\n<hr>\n<p><strong>Kontakt<\/strong><\/p>\n<p><strong>Dyrektor Finansowy<\/strong>: Magdalena Zi\u00f3\u0142kowska, <a href=\"mailto:m.ziolkowska@acana.com.pl\" target=\"_blank\" rel=\"noopener\">m.ziolkowska@acana.com.pl<\/a><\/p>\n<p><strong>Ksi\u0119gowa<\/strong>: Aneta Czesna, <a href=\"mailto:a.czesna@acana.com.pl\" target=\"_blank\" rel=\"noopener\">a.czesna@acana.com.pl&nbsp;<\/a><\/p>\n<p><strong>HR Business Partner<\/strong>: Aleksandra Molenda, <a href=\"mailto:ola.molenda@acana.com.pl\">ola.molenda@acana.com.pl&nbsp;<\/a><\/p>\n<p><strong>Specjalistka ds. Kadr i P\u0142ac<\/strong>: Magdalena Semenowicz, <a href=\"mailto:m.semenowicz@acana.com.pl\">m.semenowicz@acana.com.pl<\/a>&nbsp;<\/p>\n<p><span style=\"border-radius: 2px; text-indent: 20px; width: auto; padding: 0px 4px 0px 0px; text-align: center; font: bold 11px\/20px 'Helvetica Neue',Helvetica,sans-serif; color: #ffffff; background: #bd081c no-repeat scroll 3px 50% \/ 14px 14px; position: absolute; opacity: 1; z-index: 8675309; display: none; cursor: pointer; top: 492px; left: 20px;\">Zapisz<\/span><\/p>\n","protected":false},"excerpt":{"rendered":"<p>Sterta dokument\u00f3w czekaj\u0105cych za zatwierdzenie, zaksi\u0119gowanie albo zap\u0142at\u0119? Oto &#8211; wcale nienudna &#8211; codzienno\u015b\u0107 naszego Dzia\u0142u Ksi\u0119gowo\u015bci i HR. Piecz\u0119 nad jego sprawn\u0105 dzia\u0142alno\u015bci\u0105 sprawuje Dyrektor Finansowa, Magdalena Zi\u00f3\u0142kowska. Wsp\u00f3lnie z Anet\u0105 Czesn\u0105, ka\u017cdego dnia udowadniaj\u0105, \u017ce s\u0105 prawdziwymi magiczkami od Excela. To dzi\u0119ki ich pracy funkcjonowanie Acana Polska oparte jest na rzetelnych informacjach o [&hellip;]<\/p>\n","protected":false},"author":1,"featured_media":0,"parent":101,"menu_order":0,"comment_status":"closed","ping_status":"closed","template":"submenu-page.php","meta":{"_acf_changed":false,"_editorskit_title_hidden":false,"_editorskit_reading_time":0,"_editorskit_is_block_options_detached":false,"_editorskit_block_options_position":"{}","ngg_post_thumbnail":0,"footnotes":""},"class_list":["post-250","page","type-page","status-publish","hentry"],"acf":[],"yoast_head":"<!-- This site is optimized with the Yoast SEO Premium plugin v27.4 (Yoast SEO v27.4) - https:\/\/yoast.com\/product\/yoast-seo-premium-wordpress\/ -->\n<title>Dzia\u0142 Ksi\u0119gowo\u015bci - Blog Acana Polska<\/title>\n<meta name=\"robots\" content=\"index, follow, max-snippet:-1, max-image-preview:large, max-video-preview:-1\" \/>\n<link rel=\"canonical\" href=\"https:\/\/acana.com.pl\/karma\/o-nas\/dzialy\/dzial-ksiegowosci\/\" \/>\n<meta property=\"og:locale\" content=\"pl_PL\" \/>\n<meta property=\"og:type\" content=\"article\" \/>\n<meta property=\"og:title\" content=\"Dzia\u0142 Ksi\u0119gowo\u015bci\" \/>\n<meta property=\"og:description\" content=\"Sterta dokument\u00f3w czekaj\u0105cych za zatwierdzenie, zaksi\u0119gowanie albo zap\u0142at\u0119? Oto &#8211; wcale nienudna &#8211; codzienno\u015b\u0107 naszego Dzia\u0142u Ksi\u0119gowo\u015bci i HR. Piecz\u0119 nad jego sprawn\u0105 dzia\u0142alno\u015bci\u0105 sprawuje Dyrektor Finansowa, Magdalena Zi\u00f3\u0142kowska. Wsp\u00f3lnie z Anet\u0105 Czesn\u0105, ka\u017cdego dnia udowadniaj\u0105, \u017ce s\u0105 prawdziwymi magiczkami od Excela. To dzi\u0119ki ich pracy funkcjonowanie Acana Polska oparte jest na rzetelnych informacjach o [&hellip;]\" \/>\n<meta property=\"og:url\" content=\"https:\/\/acana.com.pl\/karma\/o-nas\/dzialy\/dzial-ksiegowosci\/\" \/>\n<meta property=\"og:site_name\" content=\"Blog Acana Polska\" \/>\n<meta property=\"article:publisher\" content=\"https:\/\/www.facebook.com\/acanapolska\/\" \/>\n<meta property=\"article:modified_time\" content=\"2026-01-16T15:06:53+00:00\" \/>\n<meta name=\"twitter:card\" content=\"summary_large_image\" \/>\n<meta name=\"twitter:label1\" content=\"Szacowany czas czytania\" \/>\n\t<meta name=\"twitter:data1\" content=\"2 minuty\" \/>\n<script type=\"application\/ld+json\" class=\"yoast-schema-graph\">{\"@context\":\"https:\\\/\\\/schema.org\",\"@graph\":[{\"@type\":\"WebPage\",\"@id\":\"https:\\\/\\\/acana.com.pl\\\/karma\\\/o-nas\\\/dzialy\\\/dzial-ksiegowosci\\\/\",\"url\":\"https:\\\/\\\/acana.com.pl\\\/karma\\\/o-nas\\\/dzialy\\\/dzial-ksiegowosci\\\/\",\"name\":\"Dzia\u0142 Ksi\u0119gowo\u015bci - Blog Acana Polska\",\"isPartOf\":{\"@id\":\"https:\\\/\\\/acana.com.pl\\\/karma\\\/#website\"},\"datePublished\":\"2013-12-27T10:53:41+00:00\",\"dateModified\":\"2026-01-16T15:06:53+00:00\",\"breadcrumb\":{\"@id\":\"https:\\\/\\\/acana.com.pl\\\/karma\\\/o-nas\\\/dzialy\\\/dzial-ksiegowosci\\\/#breadcrumb\"},\"inLanguage\":\"pl-PL\",\"potentialAction\":[{\"@type\":\"ReadAction\",\"target\":[\"https:\\\/\\\/acana.com.pl\\\/karma\\\/o-nas\\\/dzialy\\\/dzial-ksiegowosci\\\/\"]}]},{\"@type\":\"BreadcrumbList\",\"@id\":\"https:\\\/\\\/acana.com.pl\\\/karma\\\/o-nas\\\/dzialy\\\/dzial-ksiegowosci\\\/#breadcrumb\",\"itemListElement\":[{\"@type\":\"ListItem\",\"position\":1,\"name\":\"Strona g\u0142\u00f3wna\",\"item\":\"https:\\\/\\\/acana.com.pl\\\/karma\\\/\"},{\"@type\":\"ListItem\",\"position\":2,\"name\":\"O nas\",\"item\":\"https:\\\/\\\/acana.com.pl\\\/karma\\\/o-nas\\\/\"},{\"@type\":\"ListItem\",\"position\":3,\"name\":\"Dzia\u0142y\",\"item\":\"https:\\\/\\\/acana.com.pl\\\/karma\\\/o-nas\\\/dzialy\\\/\"},{\"@type\":\"ListItem\",\"position\":4,\"name\":\"Dzia\u0142 Ksi\u0119gowo\u015bci\"}]},{\"@type\":\"WebSite\",\"@id\":\"https:\\\/\\\/acana.com.pl\\\/karma\\\/#website\",\"url\":\"https:\\\/\\\/acana.com.pl\\\/karma\\\/\",\"name\":\"Blog Acana Polska\",\"description\":\"\",\"publisher\":{\"@id\":\"https:\\\/\\\/acana.com.pl\\\/karma\\\/#organization\"},\"potentialAction\":[{\"@type\":\"SearchAction\",\"target\":{\"@type\":\"EntryPoint\",\"urlTemplate\":\"https:\\\/\\\/acana.com.pl\\\/karma\\\/?s={search_term_string}\"},\"query-input\":{\"@type\":\"PropertyValueSpecification\",\"valueRequired\":true,\"valueName\":\"search_term_string\"}}],\"inLanguage\":\"pl-PL\"},{\"@type\":\"Organization\",\"@id\":\"https:\\\/\\\/acana.com.pl\\\/karma\\\/#organization\",\"name\":\"ACANA POLSKA Sp. z o.o. Sp. K.\",\"url\":\"https:\\\/\\\/acana.com.pl\\\/karma\\\/\",\"logo\":{\"@type\":\"ImageObject\",\"inLanguage\":\"pl-PL\",\"@id\":\"https:\\\/\\\/acana.com.pl\\\/karma\\\/#\\\/schema\\\/logo\\\/image\\\/\",\"url\":\"https:\\\/\\\/acana.com.pl\\\/karma\\\/wp-content\\\/uploads\\\/2018\\\/02\\\/logo-Acana-1.png\",\"contentUrl\":\"https:\\\/\\\/acana.com.pl\\\/karma\\\/wp-content\\\/uploads\\\/2018\\\/02\\\/logo-Acana-1.png\",\"width\":154,\"height\":74,\"caption\":\"ACANA POLSKA Sp. z o.o. Sp. K.\"},\"image\":{\"@id\":\"https:\\\/\\\/acana.com.pl\\\/karma\\\/#\\\/schema\\\/logo\\\/image\\\/\"},\"sameAs\":[\"https:\\\/\\\/www.facebook.com\\\/acanapolska\\\/\"]}]}<\/script>\n<!-- \/ Yoast SEO Premium plugin. -->","yoast_head_json":{"title":"Dzia\u0142 Ksi\u0119gowo\u015bci - Blog Acana Polska","robots":{"index":"index","follow":"follow","max-snippet":"max-snippet:-1","max-image-preview":"max-image-preview:large","max-video-preview":"max-video-preview:-1"},"canonical":"https:\/\/acana.com.pl\/karma\/o-nas\/dzialy\/dzial-ksiegowosci\/","og_locale":"pl_PL","og_type":"article","og_title":"Dzia\u0142 Ksi\u0119gowo\u015bci","og_description":"Sterta dokument\u00f3w czekaj\u0105cych za zatwierdzenie, zaksi\u0119gowanie albo zap\u0142at\u0119? Oto &#8211; wcale nienudna &#8211; codzienno\u015b\u0107 naszego Dzia\u0142u Ksi\u0119gowo\u015bci i HR. Piecz\u0119 nad jego sprawn\u0105 dzia\u0142alno\u015bci\u0105 sprawuje Dyrektor Finansowa, Magdalena Zi\u00f3\u0142kowska. Wsp\u00f3lnie z Anet\u0105 Czesn\u0105, ka\u017cdego dnia udowadniaj\u0105, \u017ce s\u0105 prawdziwymi magiczkami od Excela. To dzi\u0119ki ich pracy funkcjonowanie Acana Polska oparte jest na rzetelnych informacjach o [&hellip;]","og_url":"https:\/\/acana.com.pl\/karma\/o-nas\/dzialy\/dzial-ksiegowosci\/","og_site_name":"Blog Acana Polska","article_publisher":"https:\/\/www.facebook.com\/acanapolska\/","article_modified_time":"2026-01-16T15:06:53+00:00","twitter_card":"summary_large_image","twitter_misc":{"Szacowany czas czytania":"2 minuty"},"schema":{"@context":"https:\/\/schema.org","@graph":[{"@type":"WebPage","@id":"https:\/\/acana.com.pl\/karma\/o-nas\/dzialy\/dzial-ksiegowosci\/","url":"https:\/\/acana.com.pl\/karma\/o-nas\/dzialy\/dzial-ksiegowosci\/","name":"Dzia\u0142 Ksi\u0119gowo\u015bci - Blog Acana Polska","isPartOf":{"@id":"https:\/\/acana.com.pl\/karma\/#website"},"datePublished":"2013-12-27T10:53:41+00:00","dateModified":"2026-01-16T15:06:53+00:00","breadcrumb":{"@id":"https:\/\/acana.com.pl\/karma\/o-nas\/dzialy\/dzial-ksiegowosci\/#breadcrumb"},"inLanguage":"pl-PL","potentialAction":[{"@type":"ReadAction","target":["https:\/\/acana.com.pl\/karma\/o-nas\/dzialy\/dzial-ksiegowosci\/"]}]},{"@type":"BreadcrumbList","@id":"https:\/\/acana.com.pl\/karma\/o-nas\/dzialy\/dzial-ksiegowosci\/#breadcrumb","itemListElement":[{"@type":"ListItem","position":1,"name":"Strona g\u0142\u00f3wna","item":"https:\/\/acana.com.pl\/karma\/"},{"@type":"ListItem","position":2,"name":"O nas","item":"https:\/\/acana.com.pl\/karma\/o-nas\/"},{"@type":"ListItem","position":3,"name":"Dzia\u0142y","item":"https:\/\/acana.com.pl\/karma\/o-nas\/dzialy\/"},{"@type":"ListItem","position":4,"name":"Dzia\u0142 Ksi\u0119gowo\u015bci"}]},{"@type":"WebSite","@id":"https:\/\/acana.com.pl\/karma\/#website","url":"https:\/\/acana.com.pl\/karma\/","name":"Blog Acana Polska","description":"","publisher":{"@id":"https:\/\/acana.com.pl\/karma\/#organization"},"potentialAction":[{"@type":"SearchAction","target":{"@type":"EntryPoint","urlTemplate":"https:\/\/acana.com.pl\/karma\/?s={search_term_string}"},"query-input":{"@type":"PropertyValueSpecification","valueRequired":true,"valueName":"search_term_string"}}],"inLanguage":"pl-PL"},{"@type":"Organization","@id":"https:\/\/acana.com.pl\/karma\/#organization","name":"ACANA POLSKA Sp. z o.o. Sp. K.","url":"https:\/\/acana.com.pl\/karma\/","logo":{"@type":"ImageObject","inLanguage":"pl-PL","@id":"https:\/\/acana.com.pl\/karma\/#\/schema\/logo\/image\/","url":"https:\/\/acana.com.pl\/karma\/wp-content\/uploads\/2018\/02\/logo-Acana-1.png","contentUrl":"https:\/\/acana.com.pl\/karma\/wp-content\/uploads\/2018\/02\/logo-Acana-1.png","width":154,"height":74,"caption":"ACANA POLSKA Sp. z o.o. Sp. K."},"image":{"@id":"https:\/\/acana.com.pl\/karma\/#\/schema\/logo\/image\/"},"sameAs":["https:\/\/www.facebook.com\/acanapolska\/"]}]}},"_links":{"self":[{"href":"https:\/\/acana.com.pl\/karma\/wp-json\/wp\/v2\/pages\/250","targetHints":{"allow":["GET"]}}],"collection":[{"href":"https:\/\/acana.com.pl\/karma\/wp-json\/wp\/v2\/pages"}],"about":[{"href":"https:\/\/acana.com.pl\/karma\/wp-json\/wp\/v2\/types\/page"}],"author":[{"embeddable":true,"href":"https:\/\/acana.com.pl\/karma\/wp-json\/wp\/v2\/users\/1"}],"replies":[{"embeddable":true,"href":"https:\/\/acana.com.pl\/karma\/wp-json\/wp\/v2\/comments?post=250"}],"version-history":[{"count":0,"href":"https:\/\/acana.com.pl\/karma\/wp-json\/wp\/v2\/pages\/250\/revisions"}],"up":[{"embeddable":true,"href":"https:\/\/acana.com.pl\/karma\/wp-json\/wp\/v2\/pages\/101"}],"wp:attachment":[{"href":"https:\/\/acana.com.pl\/karma\/wp-json\/wp\/v2\/media?parent=250"}],"curies":[{"name":"wp","href":"https:\/\/api.w.org\/{rel}","templated":true}]}}