{"id":254,"date":"2013-12-27T12:10:25","date_gmt":"2013-12-27T11:10:25","guid":{"rendered":"http:\/\/acana.com.pl\/?page_id=254"},"modified":"2025-12-05T09:19:00","modified_gmt":"2025-12-05T08:19:00","slug":"dzial-handlowy","status":"publish","type":"page","link":"https:\/\/acana.com.pl\/karma\/kontakt\/dzial-handlowy\/","title":{"rendered":"Doradcy Klient\u00f3w Biznesowych"},"content":{"rendered":"<p><img loading=\"lazy\" decoding=\"async\" id=\"poland-map\" class=\"wp-image-13455 size-medium alignright\" src=\"https:\/\/acana.com.pl\/karma\/wp-content\/uploads\/2025\/08\/mapka_Polski-300x244.png\" alt=\"\" width=\"300\" height=\"244\" srcset=\"https:\/\/acana.com.pl\/karma\/wp-content\/uploads\/2025\/08\/mapka_Polski-300x244.png 300w, https:\/\/acana.com.pl\/karma\/wp-content\/uploads\/2025\/08\/mapka_Polski-1024x834.png 1024w, https:\/\/acana.com.pl\/karma\/wp-content\/uploads\/2025\/08\/mapka_Polski-768x626.png 768w\" sizes=\"auto, (max-width: 300px) 100vw, 300px\" \/><br \/>\n<strong>REGION 1<\/strong><\/p>\n<p><em>wielkopolskie, lubuskie, zachodnio-pomorskie<\/em><br \/>\n<strong>Krzysztof Adamski<\/strong> \u2013 Doradca Klienta Biznesowego<br \/>\ntel. kom.: <a href=\"tel:+48662027499\">+48 662 027 499<\/a><br \/>\ne-mail: <a href=\"mailto:k.adamski@acana.com.pl\">k.adamski@acana.com.pl<\/a><\/p>\n<p><strong>REGION 2<\/strong><\/p>\n<p><em>pomorskie, warmi\u0144sko-mazurskie<\/em><br \/>\n<strong>Tomasz Dudzi\u0144ski<\/strong> \u2013 Doradca Klienta Biznesowego<br \/>\ntel. kom.: +48 662 027 496<br \/>\ne-mail: <a href=\"mailto:m.lukaszuk@acana.com.pl\">t.dudzinski@acana.com.pl<\/a><\/p>\n<p><strong>REGION 3<\/strong><\/p>\n<p><em>dolno\u015bl\u0105skie, opolskie<\/em><br \/>\n<strong>\u0141ukasz Rybka<\/strong> \u2013 Doradca Klienta Biznesowego<br \/>\ntel. kom.: +48 662 027 495<br \/>\ne-mail: <a href=\"mailto:l.rybka@acana.com.pl\">l.rybka@acana.com.pl<\/a><\/p>\n<p><strong>REGION 4<\/strong><\/p>\n<p><em>\u015bl\u0105skie, ma\u0142opolskie, podkarpackie<br \/>\n<\/em><strong>Mateusz Neter <\/strong>\u2013 Doradca Klienta Biznesowego<br \/>\ntel. kom. <a href=\"tel.:+48 784 443 378\">+48 784 443 378<\/a><br \/>\ne-mail: <a href=\"mailto:m.neter@acana.com.pl\">m.neter@acana.com.pl<\/a><\/p>\n<p><strong>REGION 5<\/strong><\/p>\n<p><em>mazowieckie, lubelskie, podlaskie<\/em><br \/>\n<strong>Pawe\u0142 Kindeusz<\/strong>&nbsp;&#8211; Doradca Klienta Biznesowego<br \/>\ntel. kom.: <a href=\"tel:+48662027498\">+48 662 027 498<\/a><br \/>\ne-mail: <a href=\"mailto:p.kindeusz@acana.com.pl\">p.kindeusz@acana.com.pl<\/a><\/p>\n<p><strong>REGION 6<\/strong><\/p>\n<p><em>kujawsko-pomorskie, \u0142\u00f3dzkie, \u015bwi\u0119tokrzyskie<\/em><br \/>\n<strong>Piotr Spychalski<\/strong> &#8211; Doradca Klienta Biznesowego<br \/>\ntel. kom.: <a href=\"tel:+48664061737\">+48 664 061 737<\/a><br \/>\ne-mail: <a href=\"mailto:p.spychalski@acana.com.pl\">p.spychalski@acana.com.pl<\/a><\/p>\n<p><strong>KONTAKT Z BIUREM:<br \/>\n<\/strong><\/p>\n<p><strong>Ma\u0142gorzata Siemko-\u0141ukaszuk<\/strong> &#8211; Opiekunka Klienta Biznesowego<br \/>\nOpiekun regionu: 2, 3, 6<br \/>\ntel.: <a href=\"tel:+48713188428\">71 318 84 28<\/a> wew. 120<br \/>\ntel. kom.: <a href=\"tel:+48784659890\">+48 784 659 890<\/a><br \/>\ne-mail: <a href=\"mailto:m.siemko-lukaszuk@acana.com.pl\">m.siemko-lukaszuk@acana.com.pl<\/a><\/p>\n<p><strong>Sylwia Gil-K\u0142eczek<\/strong> &#8211; Opiekunka Klienta Biznesowego i E-commerce<br \/>\nOpiekun regionu: 1,5<\/p>\n<p>tel.: <a href=\"tel:+48713188428\">71 318 84 28<\/a> wew. 104<br \/>\ntel.kom.: <a href=\"tel:+48602306518\">+48 602 306 518<\/a><br \/>\ne-mail: <a href=\"mailto:s.gil@acana.com.pl\">s.gil@acana.com.pl<\/a><\/p>\n<p><strong>Dorota Chodacka<\/strong> &#8211; Opiekunka Klienta Biznesowego i E-commerce<\/p>\n<p>Opiekun regionu: 4<br \/>\ntel.kom.: <a href=\"tel:+48662651224\">+48 662 651 224<\/a><br \/>\ne-mail: <a href=\"mailto:d.chodacka@acana.com.pl\">d.chodacka@acana.com.pl<\/a><\/p>\n<h6 style=\"text-align: justify;\">\u201eAdministratorem podanych przez Pa\u0144stwa w powy\u017cszym formularzu danych osobowych jest&nbsp; ACANA POLSKA sp. z o.o. sp. k., ul. Kasztanowa 9, 55-220 Jelcz-Laskowice, wpisana do rejestru przedsi\u0119biorc\u00f3w prowadzonego przez S\u0105d Rejonowy DLA WROC\u0141AWIA-FABRYCZNEJ WE WROC\u0141AWIU, IX WYDZIA\u0141 GOSPODARCZY KRAJOWEGO REJESTRU S\u0104DOWEGO pod numerem KRS 0000707114. Wszystkie pytania i w\u0105tpliwo\u015bci prosimy kierowa\u0107 na adres: <a href=\"mailto:rodo@acana.com.pl\">rodo@acana.com.pl<\/a><\/h6>\n<h6 style=\"text-align: justify;\">Pa\u0144stwa dane b\u0119d\u0105 przetwarzane:<\/h6>\n<h6 style=\"text-align: justify;\">&#8211;&nbsp; w celu udzielenia odpowiedzi na zapytanie zgodnie z Art. 6 Ust. 1 Lit. B Og\u00f3lnego Rozporz\u0105dzenia Ochrony Danych Osobowych 2016\/679 z dnia 27 kwietnia 2016 r., tj. w celu przygotowania oferty zgodnie z przes\u0142anym zapytaniem.<br \/>\nPa\u0144stwa dane b\u0119d\u0105 przetwarzane wy\u0142\u0105cznie w celu udzielenia odpowiedzi na zapytanie zgodnie z Art. 6 Ust. 1 Lit. B Og\u00f3lnego Rozporz\u0105dzenia Ochrony Danych Osobowych 2016\/679 z dnia 27 kwietnia 2016 r., tj. w celu przygotowania oferty zgodnie z przes\u0142anym zapytaniem. Dane te nie s\u0105 zapisywane, ani nie b\u0119d\u0105 wykorzystywane w innych celach.<\/h6>\n","protected":false},"excerpt":{"rendered":"<p>REGION 1 wielkopolskie, lubuskie, zachodnio-pomorskie Krzysztof Adamski \u2013 Doradca Klienta Biznesowego tel. kom.: +48 662 027 499 e-mail: k.adamski@acana.com.pl REGION 2 pomorskie, warmi\u0144sko-mazurskie Tomasz Dudzi\u0144ski \u2013 Doradca Klienta Biznesowego tel. kom.: +48 662 027 496 e-mail: t.dudzinski@acana.com.pl REGION 3 dolno\u015bl\u0105skie, opolskie \u0141ukasz Rybka \u2013 Doradca Klienta Biznesowego tel. kom.: +48 662 027 495 e-mail: l.rybka@acana.com.pl [&hellip;]<\/p>\n","protected":false},"author":1,"featured_media":0,"parent":63,"menu_order":0,"comment_status":"closed","ping_status":"closed","template":"","meta":{"_acf_changed":false,"_editorskit_title_hidden":false,"_editorskit_reading_time":0,"_editorskit_is_block_options_detached":false,"_editorskit_block_options_position":"{}","ngg_post_thumbnail":0,"footnotes":""},"class_list":["post-254","page","type-page","status-publish","hentry"],"acf":[],"yoast_head":"<!-- This site is optimized with the Yoast SEO Premium plugin v27.4 (Yoast SEO v27.4) - https:\/\/yoast.com\/product\/yoast-seo-premium-wordpress\/ -->\n<title>Doradcy Klient\u00f3w Biznesowych - Blog Acana Polska<\/title>\n<meta name=\"robots\" content=\"index, follow, max-snippet:-1, max-image-preview:large, max-video-preview:-1\" \/>\n<link rel=\"canonical\" href=\"https:\/\/acana.com.pl\/karma\/kontakt\/dzial-handlowy\/\" \/>\n<meta property=\"og:locale\" content=\"pl_PL\" \/>\n<meta property=\"og:type\" content=\"article\" \/>\n<meta property=\"og:title\" content=\"Doradcy Klient\u00f3w Biznesowych\" \/>\n<meta property=\"og:description\" content=\"REGION 1 wielkopolskie, lubuskie, zachodnio-pomorskie Krzysztof Adamski \u2013 Doradca Klienta Biznesowego tel. kom.: +48 662 027 499 e-mail: k.adamski@acana.com.pl REGION 2 pomorskie, warmi\u0144sko-mazurskie Tomasz Dudzi\u0144ski \u2013 Doradca Klienta Biznesowego tel. kom.: +48 662 027 496 e-mail: t.dudzinski@acana.com.pl REGION 3 dolno\u015bl\u0105skie, opolskie \u0141ukasz Rybka \u2013 Doradca Klienta Biznesowego tel. kom.: +48 662 027 495 e-mail: l.rybka@acana.com.pl [&hellip;]\" \/>\n<meta property=\"og:url\" content=\"https:\/\/acana.com.pl\/karma\/kontakt\/dzial-handlowy\/\" \/>\n<meta property=\"og:site_name\" content=\"Blog Acana Polska\" \/>\n<meta property=\"article:publisher\" content=\"https:\/\/www.facebook.com\/acanapolska\/\" \/>\n<meta property=\"article:modified_time\" content=\"2025-12-05T08:19:00+00:00\" \/>\n<meta property=\"og:image\" content=\"https:\/\/acana.com.pl\/karma\/wp-content\/uploads\/2025\/08\/mapka_Polski.png\" \/>\n\t<meta property=\"og:image:width\" content=\"2172\" \/>\n\t<meta property=\"og:image:height\" content=\"1769\" \/>\n\t<meta property=\"og:image:type\" content=\"image\/png\" \/>\n<meta name=\"twitter:card\" content=\"summary_large_image\" \/>\n<meta name=\"twitter:label1\" content=\"Szacowany czas czytania\" \/>\n\t<meta name=\"twitter:data1\" content=\"3 minuty\" \/>\n<script type=\"application\/ld+json\" class=\"yoast-schema-graph\">{\"@context\":\"https:\\\/\\\/schema.org\",\"@graph\":[{\"@type\":\"WebPage\",\"@id\":\"https:\\\/\\\/acana.com.pl\\\/karma\\\/kontakt\\\/dzial-handlowy\\\/\",\"url\":\"https:\\\/\\\/acana.com.pl\\\/karma\\\/kontakt\\\/dzial-handlowy\\\/\",\"name\":\"Doradcy Klient\u00f3w Biznesowych - Blog Acana Polska\",\"isPartOf\":{\"@id\":\"https:\\\/\\\/acana.com.pl\\\/karma\\\/#website\"},\"primaryImageOfPage\":{\"@id\":\"https:\\\/\\\/acana.com.pl\\\/karma\\\/kontakt\\\/dzial-handlowy\\\/#primaryimage\"},\"image\":{\"@id\":\"https:\\\/\\\/acana.com.pl\\\/karma\\\/kontakt\\\/dzial-handlowy\\\/#primaryimage\"},\"thumbnailUrl\":\"https:\\\/\\\/acana.com.pl\\\/karma\\\/wp-content\\\/uploads\\\/2025\\\/08\\\/mapka_Polski-300x244.png\",\"datePublished\":\"2013-12-27T11:10:25+00:00\",\"dateModified\":\"2025-12-05T08:19:00+00:00\",\"breadcrumb\":{\"@id\":\"https:\\\/\\\/acana.com.pl\\\/karma\\\/kontakt\\\/dzial-handlowy\\\/#breadcrumb\"},\"inLanguage\":\"pl-PL\",\"potentialAction\":[{\"@type\":\"ReadAction\",\"target\":[\"https:\\\/\\\/acana.com.pl\\\/karma\\\/kontakt\\\/dzial-handlowy\\\/\"]}]},{\"@type\":\"ImageObject\",\"inLanguage\":\"pl-PL\",\"@id\":\"https:\\\/\\\/acana.com.pl\\\/karma\\\/kontakt\\\/dzial-handlowy\\\/#primaryimage\",\"url\":\"https:\\\/\\\/acana.com.pl\\\/karma\\\/wp-content\\\/uploads\\\/2025\\\/08\\\/mapka_Polski.png\",\"contentUrl\":\"https:\\\/\\\/acana.com.pl\\\/karma\\\/wp-content\\\/uploads\\\/2025\\\/08\\\/mapka_Polski.png\",\"width\":2172,\"height\":1769},{\"@type\":\"BreadcrumbList\",\"@id\":\"https:\\\/\\\/acana.com.pl\\\/karma\\\/kontakt\\\/dzial-handlowy\\\/#breadcrumb\",\"itemListElement\":[{\"@type\":\"ListItem\",\"position\":1,\"name\":\"Strona g\u0142\u00f3wna\",\"item\":\"https:\\\/\\\/acana.com.pl\\\/karma\\\/\"},{\"@type\":\"ListItem\",\"position\":2,\"name\":\"Kontakt\",\"item\":\"https:\\\/\\\/acana.com.pl\\\/karma\\\/kontakt\\\/\"},{\"@type\":\"ListItem\",\"position\":3,\"name\":\"Doradcy Klient\u00f3w Biznesowych\"}]},{\"@type\":\"WebSite\",\"@id\":\"https:\\\/\\\/acana.com.pl\\\/karma\\\/#website\",\"url\":\"https:\\\/\\\/acana.com.pl\\\/karma\\\/\",\"name\":\"Blog Acana Polska\",\"description\":\"\",\"publisher\":{\"@id\":\"https:\\\/\\\/acana.com.pl\\\/karma\\\/#organization\"},\"potentialAction\":[{\"@type\":\"SearchAction\",\"target\":{\"@type\":\"EntryPoint\",\"urlTemplate\":\"https:\\\/\\\/acana.com.pl\\\/karma\\\/?s={search_term_string}\"},\"query-input\":{\"@type\":\"PropertyValueSpecification\",\"valueRequired\":true,\"valueName\":\"search_term_string\"}}],\"inLanguage\":\"pl-PL\"},{\"@type\":\"Organization\",\"@id\":\"https:\\\/\\\/acana.com.pl\\\/karma\\\/#organization\",\"name\":\"ACANA POLSKA Sp. z o.o. Sp. K.\",\"url\":\"https:\\\/\\\/acana.com.pl\\\/karma\\\/\",\"logo\":{\"@type\":\"ImageObject\",\"inLanguage\":\"pl-PL\",\"@id\":\"https:\\\/\\\/acana.com.pl\\\/karma\\\/#\\\/schema\\\/logo\\\/image\\\/\",\"url\":\"https:\\\/\\\/acana.com.pl\\\/karma\\\/wp-content\\\/uploads\\\/2018\\\/02\\\/logo-Acana-1.png\",\"contentUrl\":\"https:\\\/\\\/acana.com.pl\\\/karma\\\/wp-content\\\/uploads\\\/2018\\\/02\\\/logo-Acana-1.png\",\"width\":154,\"height\":74,\"caption\":\"ACANA POLSKA Sp. z o.o. Sp. K.\"},\"image\":{\"@id\":\"https:\\\/\\\/acana.com.pl\\\/karma\\\/#\\\/schema\\\/logo\\\/image\\\/\"},\"sameAs\":[\"https:\\\/\\\/www.facebook.com\\\/acanapolska\\\/\"]}]}<\/script>\n<!-- \/ Yoast SEO Premium plugin. -->","yoast_head_json":{"title":"Doradcy Klient\u00f3w Biznesowych - Blog Acana Polska","robots":{"index":"index","follow":"follow","max-snippet":"max-snippet:-1","max-image-preview":"max-image-preview:large","max-video-preview":"max-video-preview:-1"},"canonical":"https:\/\/acana.com.pl\/karma\/kontakt\/dzial-handlowy\/","og_locale":"pl_PL","og_type":"article","og_title":"Doradcy Klient\u00f3w Biznesowych","og_description":"REGION 1 wielkopolskie, lubuskie, zachodnio-pomorskie Krzysztof Adamski \u2013 Doradca Klienta Biznesowego tel. kom.: +48 662 027 499 e-mail: k.adamski@acana.com.pl REGION 2 pomorskie, warmi\u0144sko-mazurskie Tomasz Dudzi\u0144ski \u2013 Doradca Klienta Biznesowego tel. kom.: +48 662 027 496 e-mail: t.dudzinski@acana.com.pl REGION 3 dolno\u015bl\u0105skie, opolskie \u0141ukasz Rybka \u2013 Doradca Klienta Biznesowego tel. kom.: +48 662 027 495 e-mail: l.rybka@acana.com.pl [&hellip;]","og_url":"https:\/\/acana.com.pl\/karma\/kontakt\/dzial-handlowy\/","og_site_name":"Blog Acana Polska","article_publisher":"https:\/\/www.facebook.com\/acanapolska\/","article_modified_time":"2025-12-05T08:19:00+00:00","og_image":[{"width":2172,"height":1769,"url":"https:\/\/acana.com.pl\/karma\/wp-content\/uploads\/2025\/08\/mapka_Polski.png","type":"image\/png"}],"twitter_card":"summary_large_image","twitter_misc":{"Szacowany czas czytania":"3 minuty"},"schema":{"@context":"https:\/\/schema.org","@graph":[{"@type":"WebPage","@id":"https:\/\/acana.com.pl\/karma\/kontakt\/dzial-handlowy\/","url":"https:\/\/acana.com.pl\/karma\/kontakt\/dzial-handlowy\/","name":"Doradcy Klient\u00f3w Biznesowych - Blog Acana Polska","isPartOf":{"@id":"https:\/\/acana.com.pl\/karma\/#website"},"primaryImageOfPage":{"@id":"https:\/\/acana.com.pl\/karma\/kontakt\/dzial-handlowy\/#primaryimage"},"image":{"@id":"https:\/\/acana.com.pl\/karma\/kontakt\/dzial-handlowy\/#primaryimage"},"thumbnailUrl":"https:\/\/acana.com.pl\/karma\/wp-content\/uploads\/2025\/08\/mapka_Polski-300x244.png","datePublished":"2013-12-27T11:10:25+00:00","dateModified":"2025-12-05T08:19:00+00:00","breadcrumb":{"@id":"https:\/\/acana.com.pl\/karma\/kontakt\/dzial-handlowy\/#breadcrumb"},"inLanguage":"pl-PL","potentialAction":[{"@type":"ReadAction","target":["https:\/\/acana.com.pl\/karma\/kontakt\/dzial-handlowy\/"]}]},{"@type":"ImageObject","inLanguage":"pl-PL","@id":"https:\/\/acana.com.pl\/karma\/kontakt\/dzial-handlowy\/#primaryimage","url":"https:\/\/acana.com.pl\/karma\/wp-content\/uploads\/2025\/08\/mapka_Polski.png","contentUrl":"https:\/\/acana.com.pl\/karma\/wp-content\/uploads\/2025\/08\/mapka_Polski.png","width":2172,"height":1769},{"@type":"BreadcrumbList","@id":"https:\/\/acana.com.pl\/karma\/kontakt\/dzial-handlowy\/#breadcrumb","itemListElement":[{"@type":"ListItem","position":1,"name":"Strona g\u0142\u00f3wna","item":"https:\/\/acana.com.pl\/karma\/"},{"@type":"ListItem","position":2,"name":"Kontakt","item":"https:\/\/acana.com.pl\/karma\/kontakt\/"},{"@type":"ListItem","position":3,"name":"Doradcy Klient\u00f3w Biznesowych"}]},{"@type":"WebSite","@id":"https:\/\/acana.com.pl\/karma\/#website","url":"https:\/\/acana.com.pl\/karma\/","name":"Blog Acana Polska","description":"","publisher":{"@id":"https:\/\/acana.com.pl\/karma\/#organization"},"potentialAction":[{"@type":"SearchAction","target":{"@type":"EntryPoint","urlTemplate":"https:\/\/acana.com.pl\/karma\/?s={search_term_string}"},"query-input":{"@type":"PropertyValueSpecification","valueRequired":true,"valueName":"search_term_string"}}],"inLanguage":"pl-PL"},{"@type":"Organization","@id":"https:\/\/acana.com.pl\/karma\/#organization","name":"ACANA POLSKA Sp. z o.o. Sp. K.","url":"https:\/\/acana.com.pl\/karma\/","logo":{"@type":"ImageObject","inLanguage":"pl-PL","@id":"https:\/\/acana.com.pl\/karma\/#\/schema\/logo\/image\/","url":"https:\/\/acana.com.pl\/karma\/wp-content\/uploads\/2018\/02\/logo-Acana-1.png","contentUrl":"https:\/\/acana.com.pl\/karma\/wp-content\/uploads\/2018\/02\/logo-Acana-1.png","width":154,"height":74,"caption":"ACANA POLSKA Sp. z o.o. Sp. K."},"image":{"@id":"https:\/\/acana.com.pl\/karma\/#\/schema\/logo\/image\/"},"sameAs":["https:\/\/www.facebook.com\/acanapolska\/"]}]}},"_links":{"self":[{"href":"https:\/\/acana.com.pl\/karma\/wp-json\/wp\/v2\/pages\/254","targetHints":{"allow":["GET"]}}],"collection":[{"href":"https:\/\/acana.com.pl\/karma\/wp-json\/wp\/v2\/pages"}],"about":[{"href":"https:\/\/acana.com.pl\/karma\/wp-json\/wp\/v2\/types\/page"}],"author":[{"embeddable":true,"href":"https:\/\/acana.com.pl\/karma\/wp-json\/wp\/v2\/users\/1"}],"replies":[{"embeddable":true,"href":"https:\/\/acana.com.pl\/karma\/wp-json\/wp\/v2\/comments?post=254"}],"version-history":[{"count":0,"href":"https:\/\/acana.com.pl\/karma\/wp-json\/wp\/v2\/pages\/254\/revisions"}],"up":[{"embeddable":true,"href":"https:\/\/acana.com.pl\/karma\/wp-json\/wp\/v2\/pages\/63"}],"wp:attachment":[{"href":"https:\/\/acana.com.pl\/karma\/wp-json\/wp\/v2\/media?parent=254"}],"curies":[{"name":"wp","href":"https:\/\/api.w.org\/{rel}","templated":true}]}}