{"id":296,"date":"2014-01-09T12:43:40","date_gmt":"2014-01-09T11:43:40","guid":{"rendered":"http:\/\/acana.com.pl\/?page_id=296"},"modified":"2021-05-17T08:43:36","modified_gmt":"2021-05-17T06:43:36","slug":"zarzad","status":"publish","type":"page","link":"https:\/\/acana.com.pl\/karma\/o-nas\/dzialy\/zarzad\/","title":{"rendered":"Zarz\u0105d"},"content":{"rendered":"<p style=\"text-align: justify;\">Pa\u0144stwo Ewa i Dariusz Naworol to za\u0142o\u017cyciele Firmy Acana Polska, kt\u00f3rzy od 2001 roku wyznaczaj\u0105 kierunek jej rozwoju. To w\u0142a\u015bnie w biurach Zarz\u0105du zapadaj\u0105 najwa\u017cniejsze decyzje dotycz\u0105ce taktyki i strategii naszych dzia\u0142a\u0144, dlatego wst\u0119powa\u0107 tam nale\u017cy z najwy\u017csz\u0105 uwag\u0105 i gotowo\u015bci\u0105 do akcji.<\/p>\n<p style=\"text-align: justify;\">Zarz\u0105d Acana Polska skupia w sobie moc i si\u0142\u0119 sprawcz\u0105 wszystkich pozosta\u0142ych dzia\u0142\u00f3w. Czy to ulepszenia w karmach, czy zadowolenie Klient\u00f3w, czy dostawa produkt\u00f3w zza oceanu &#8211; przed czujnym i badawczym okiem Zarz\u0105du nic si\u0119 nie ukryje. Sprostanie najwy\u017cszym wymaganiom, kt\u00f3re stawiaj\u0105 przed zespo\u0142em Pa\u0144stwo Naworol, nie jest \u0142atwe. Jednak dzi\u0119ki nim Acana Polska zawsze uzyskuje 150% normy zadowolenia Klient\u00f3w i 200% rado\u015bci ich pupili!<\/p>\n<div class=\"workers row justify-content-center pt-4\">\n<div class=\"worker col-12 col-sm-6 col-md-4 mb-5\">\n<div class=\"worker-content text-center\">\n<p><img loading=\"lazy\" decoding=\"async\" class=\"mb-4\" src=\"https:\/\/acana.com.pl\/karma\/wp-content\/uploads\/2016\/07\/dariuszn.jpg\" alt=\"Ewa Naworol\" width=\"280\" height=\"400\"><\/p>\n<h5>Ewa Naworol<\/h5>\n<p class=\"em\">W\u0142a\u015bciciel Firmy<\/p>\n<\/div>\n<\/div>\n<div class=\"worker col-12 col-sm-6 col-md-4 mb-5\">\n<div class=\"worker-content text-center\">\n<p><img loading=\"lazy\" decoding=\"async\" class=\"mb-4\" src=\"https:\/\/acana.com.pl\/karma\/wp-content\/uploads\/2016\/07\/ewan.jpg\" alt=\"Dariusz Naworol\" width=\"280\" height=\"400\"><\/p>\n<h5>Dariusz Naworol<\/h5>\n<p class=\"em\">Prezes Zarz\u0105du<\/p>\n<\/div>\n<\/div>\n<\/div>\n<p style=\"text-align: justify;\"><em>\u201eWitamy Pa\u0144stwa serdecznie na stronie internetowej Firmy Acana Polska. Zwierz\u0119ta zawsze by\u0142y nasz\u0105 pasj\u0105, dlatego z dum\u0105 i rado\u015bci\u0105 dostarczamy Mi\u0142o\u015bnikom Zwierz\u0105t w ca\u0142ej Polsce najlepsze karmy i akcesoria dla ps\u00f3w i kot\u00f3w. Wierzymy, \u017ce w przypadku jako\u015bci nie nale\u017cy i\u015b\u0107 na kompromisy, a Pa\u0144stwa zadowolenie i zdrowie Pa\u0144stwa pupili jest dla nas najwa\u017cniejsze.<\/em><\/p>\n<p style=\"text-align: justify;\"><em>Dzi\u0119kujemy za zaufanie, kt\u00f3rym ju\u017c od 20 lat obdarzaj\u0105 Pa\u0144stwo Firm\u0119 Acana Polska. To dzi\u0119ki temu mo\u017cemy ci\u0105gle si\u0119 rozwija\u0107 i poszerza\u0107 nasz\u0105 ofert\u0119 o innowacyjne produkty spe\u0142niaj\u0105ce najwy\u017csze \u015bwiatowe standardy. Zapraszamy do zapoznania si\u0119 z nasz\u0105 aktualn\u0105 ofert\u0105!\u201d<\/em><\/p>\n<div class=\"workers row justify-content-center pt-4\">\n<div class=\"worker col-12 col-sm-6 mb-5\">\n<div class=\"worker-content text-center\"><img loading=\"lazy\" decoding=\"async\" class=\"mb-4\" src=\"https:\/\/acana.com.pl\/karma\/wp-content\/uploads\/2014\/01\/ewa-naworol-podpis.png\" alt=\"Ewa Naworol podpis\" width=\"260\" height=\"70\"><\/div>\n<\/div>\n<div class=\"worker col-12 col-sm-6 mb-5\">\n<div class=\"worker-content text-center\"><img loading=\"lazy\" decoding=\"async\" class=\"mb-4\" src=\"https:\/\/acana.com.pl\/karma\/wp-content\/uploads\/2014\/01\/dariusz-naworol-podpis.png\" alt=\"Dariusz Naworol podpis\" width=\"260\" height=\"71\"><\/div>\n<\/div>\n<\/div>\n","protected":false},"excerpt":{"rendered":"<p>Pa\u0144stwo Ewa i Dariusz Naworol to za\u0142o\u017cyciele Firmy Acana Polska, kt\u00f3rzy od 2001 roku wyznaczaj\u0105 kierunek jej rozwoju. To w\u0142a\u015bnie w biurach Zarz\u0105du zapadaj\u0105 najwa\u017cniejsze decyzje dotycz\u0105ce taktyki i strategii naszych dzia\u0142a\u0144, dlatego wst\u0119powa\u0107 tam nale\u017cy z najwy\u017csz\u0105 uwag\u0105 i gotowo\u015bci\u0105 do akcji. Zarz\u0105d Acana Polska skupia w sobie moc i si\u0142\u0119 sprawcz\u0105 wszystkich pozosta\u0142ych [&hellip;]<\/p>\n","protected":false},"author":1,"featured_media":0,"parent":101,"menu_order":6,"comment_status":"closed","ping_status":"closed","template":"submenu-page.php","meta":{"_acf_changed":false,"_editorskit_title_hidden":false,"_editorskit_reading_time":0,"_editorskit_is_block_options_detached":false,"_editorskit_block_options_position":"{}","ngg_post_thumbnail":0,"footnotes":""},"class_list":["post-296","page","type-page","status-publish","hentry"],"acf":[],"yoast_head":"<!-- This site is optimized with the Yoast SEO Premium plugin v27.4 (Yoast SEO v27.4) - https:\/\/yoast.com\/product\/yoast-seo-premium-wordpress\/ -->\n<title>Zarz\u0105d - Blog Acana Polska<\/title>\n<meta name=\"robots\" content=\"index, follow, max-snippet:-1, max-image-preview:large, max-video-preview:-1\" \/>\n<link rel=\"canonical\" href=\"https:\/\/acana.com.pl\/karma\/o-nas\/dzialy\/zarzad\/\" \/>\n<meta property=\"og:locale\" content=\"pl_PL\" \/>\n<meta property=\"og:type\" content=\"article\" \/>\n<meta property=\"og:title\" content=\"Zarz\u0105d\" \/>\n<meta property=\"og:description\" content=\"Pa\u0144stwo Ewa i Dariusz Naworol to za\u0142o\u017cyciele Firmy Acana Polska, kt\u00f3rzy od 2001 roku wyznaczaj\u0105 kierunek jej rozwoju. To w\u0142a\u015bnie w biurach Zarz\u0105du zapadaj\u0105 najwa\u017cniejsze decyzje dotycz\u0105ce taktyki i strategii naszych dzia\u0142a\u0144, dlatego wst\u0119powa\u0107 tam nale\u017cy z najwy\u017csz\u0105 uwag\u0105 i gotowo\u015bci\u0105 do akcji. Zarz\u0105d Acana Polska skupia w sobie moc i si\u0142\u0119 sprawcz\u0105 wszystkich pozosta\u0142ych [&hellip;]\" \/>\n<meta property=\"og:url\" content=\"https:\/\/acana.com.pl\/karma\/o-nas\/dzialy\/zarzad\/\" \/>\n<meta property=\"og:site_name\" content=\"Blog Acana Polska\" \/>\n<meta property=\"article:publisher\" content=\"https:\/\/www.facebook.com\/acanapolska\/\" \/>\n<meta property=\"article:modified_time\" content=\"2021-05-17T06:43:36+00:00\" \/>\n<meta property=\"og:image\" content=\"https:\/\/acana.com.pl\/karma\/wp-content\/uploads\/2016\/07\/dariuszn.jpg\" \/>\n<meta name=\"twitter:card\" content=\"summary_large_image\" \/>\n<meta name=\"twitter:label1\" content=\"Szacowany czas czytania\" \/>\n\t<meta name=\"twitter:data1\" content=\"2 minuty\" \/>\n<script type=\"application\/ld+json\" class=\"yoast-schema-graph\">{\"@context\":\"https:\\\/\\\/schema.org\",\"@graph\":[{\"@type\":\"WebPage\",\"@id\":\"https:\\\/\\\/acana.com.pl\\\/karma\\\/o-nas\\\/dzialy\\\/zarzad\\\/\",\"url\":\"https:\\\/\\\/acana.com.pl\\\/karma\\\/o-nas\\\/dzialy\\\/zarzad\\\/\",\"name\":\"Zarz\u0105d - Blog Acana Polska\",\"isPartOf\":{\"@id\":\"https:\\\/\\\/acana.com.pl\\\/karma\\\/#website\"},\"primaryImageOfPage\":{\"@id\":\"https:\\\/\\\/acana.com.pl\\\/karma\\\/o-nas\\\/dzialy\\\/zarzad\\\/#primaryimage\"},\"image\":{\"@id\":\"https:\\\/\\\/acana.com.pl\\\/karma\\\/o-nas\\\/dzialy\\\/zarzad\\\/#primaryimage\"},\"thumbnailUrl\":\"https:\\\/\\\/acana.com.pl\\\/karma\\\/wp-content\\\/uploads\\\/2016\\\/07\\\/dariuszn.jpg\",\"datePublished\":\"2014-01-09T11:43:40+00:00\",\"dateModified\":\"2021-05-17T06:43:36+00:00\",\"breadcrumb\":{\"@id\":\"https:\\\/\\\/acana.com.pl\\\/karma\\\/o-nas\\\/dzialy\\\/zarzad\\\/#breadcrumb\"},\"inLanguage\":\"pl-PL\",\"potentialAction\":[{\"@type\":\"ReadAction\",\"target\":[\"https:\\\/\\\/acana.com.pl\\\/karma\\\/o-nas\\\/dzialy\\\/zarzad\\\/\"]}]},{\"@type\":\"ImageObject\",\"inLanguage\":\"pl-PL\",\"@id\":\"https:\\\/\\\/acana.com.pl\\\/karma\\\/o-nas\\\/dzialy\\\/zarzad\\\/#primaryimage\",\"url\":\"https:\\\/\\\/acana.com.pl\\\/karma\\\/wp-content\\\/uploads\\\/2016\\\/07\\\/dariuszn.jpg\",\"contentUrl\":\"https:\\\/\\\/acana.com.pl\\\/karma\\\/wp-content\\\/uploads\\\/2016\\\/07\\\/dariuszn.jpg\",\"width\":280,\"height\":400},{\"@type\":\"BreadcrumbList\",\"@id\":\"https:\\\/\\\/acana.com.pl\\\/karma\\\/o-nas\\\/dzialy\\\/zarzad\\\/#breadcrumb\",\"itemListElement\":[{\"@type\":\"ListItem\",\"position\":1,\"name\":\"Strona g\u0142\u00f3wna\",\"item\":\"https:\\\/\\\/acana.com.pl\\\/karma\\\/\"},{\"@type\":\"ListItem\",\"position\":2,\"name\":\"O nas\",\"item\":\"https:\\\/\\\/acana.com.pl\\\/karma\\\/o-nas\\\/\"},{\"@type\":\"ListItem\",\"position\":3,\"name\":\"Dzia\u0142y\",\"item\":\"https:\\\/\\\/acana.com.pl\\\/karma\\\/o-nas\\\/dzialy\\\/\"},{\"@type\":\"ListItem\",\"position\":4,\"name\":\"Zarz\u0105d\"}]},{\"@type\":\"WebSite\",\"@id\":\"https:\\\/\\\/acana.com.pl\\\/karma\\\/#website\",\"url\":\"https:\\\/\\\/acana.com.pl\\\/karma\\\/\",\"name\":\"Blog Acana Polska\",\"description\":\"\",\"publisher\":{\"@id\":\"https:\\\/\\\/acana.com.pl\\\/karma\\\/#organization\"},\"potentialAction\":[{\"@type\":\"SearchAction\",\"target\":{\"@type\":\"EntryPoint\",\"urlTemplate\":\"https:\\\/\\\/acana.com.pl\\\/karma\\\/?s={search_term_string}\"},\"query-input\":{\"@type\":\"PropertyValueSpecification\",\"valueRequired\":true,\"valueName\":\"search_term_string\"}}],\"inLanguage\":\"pl-PL\"},{\"@type\":\"Organization\",\"@id\":\"https:\\\/\\\/acana.com.pl\\\/karma\\\/#organization\",\"name\":\"ACANA POLSKA Sp. z o.o. Sp. K.\",\"url\":\"https:\\\/\\\/acana.com.pl\\\/karma\\\/\",\"logo\":{\"@type\":\"ImageObject\",\"inLanguage\":\"pl-PL\",\"@id\":\"https:\\\/\\\/acana.com.pl\\\/karma\\\/#\\\/schema\\\/logo\\\/image\\\/\",\"url\":\"https:\\\/\\\/acana.com.pl\\\/karma\\\/wp-content\\\/uploads\\\/2018\\\/02\\\/logo-Acana-1.png\",\"contentUrl\":\"https:\\\/\\\/acana.com.pl\\\/karma\\\/wp-content\\\/uploads\\\/2018\\\/02\\\/logo-Acana-1.png\",\"width\":154,\"height\":74,\"caption\":\"ACANA POLSKA Sp. z o.o. Sp. K.\"},\"image\":{\"@id\":\"https:\\\/\\\/acana.com.pl\\\/karma\\\/#\\\/schema\\\/logo\\\/image\\\/\"},\"sameAs\":[\"https:\\\/\\\/www.facebook.com\\\/acanapolska\\\/\"]}]}<\/script>\n<!-- \/ Yoast SEO Premium plugin. -->","yoast_head_json":{"title":"Zarz\u0105d - Blog Acana Polska","robots":{"index":"index","follow":"follow","max-snippet":"max-snippet:-1","max-image-preview":"max-image-preview:large","max-video-preview":"max-video-preview:-1"},"canonical":"https:\/\/acana.com.pl\/karma\/o-nas\/dzialy\/zarzad\/","og_locale":"pl_PL","og_type":"article","og_title":"Zarz\u0105d","og_description":"Pa\u0144stwo Ewa i Dariusz Naworol to za\u0142o\u017cyciele Firmy Acana Polska, kt\u00f3rzy od 2001 roku wyznaczaj\u0105 kierunek jej rozwoju. To w\u0142a\u015bnie w biurach Zarz\u0105du zapadaj\u0105 najwa\u017cniejsze decyzje dotycz\u0105ce taktyki i strategii naszych dzia\u0142a\u0144, dlatego wst\u0119powa\u0107 tam nale\u017cy z najwy\u017csz\u0105 uwag\u0105 i gotowo\u015bci\u0105 do akcji. Zarz\u0105d Acana Polska skupia w sobie moc i si\u0142\u0119 sprawcz\u0105 wszystkich pozosta\u0142ych [&hellip;]","og_url":"https:\/\/acana.com.pl\/karma\/o-nas\/dzialy\/zarzad\/","og_site_name":"Blog Acana Polska","article_publisher":"https:\/\/www.facebook.com\/acanapolska\/","article_modified_time":"2021-05-17T06:43:36+00:00","og_image":[{"url":"https:\/\/acana.com.pl\/karma\/wp-content\/uploads\/2016\/07\/dariuszn.jpg","type":"","width":"","height":""}],"twitter_card":"summary_large_image","twitter_misc":{"Szacowany czas czytania":"2 minuty"},"schema":{"@context":"https:\/\/schema.org","@graph":[{"@type":"WebPage","@id":"https:\/\/acana.com.pl\/karma\/o-nas\/dzialy\/zarzad\/","url":"https:\/\/acana.com.pl\/karma\/o-nas\/dzialy\/zarzad\/","name":"Zarz\u0105d - Blog Acana Polska","isPartOf":{"@id":"https:\/\/acana.com.pl\/karma\/#website"},"primaryImageOfPage":{"@id":"https:\/\/acana.com.pl\/karma\/o-nas\/dzialy\/zarzad\/#primaryimage"},"image":{"@id":"https:\/\/acana.com.pl\/karma\/o-nas\/dzialy\/zarzad\/#primaryimage"},"thumbnailUrl":"https:\/\/acana.com.pl\/karma\/wp-content\/uploads\/2016\/07\/dariuszn.jpg","datePublished":"2014-01-09T11:43:40+00:00","dateModified":"2021-05-17T06:43:36+00:00","breadcrumb":{"@id":"https:\/\/acana.com.pl\/karma\/o-nas\/dzialy\/zarzad\/#breadcrumb"},"inLanguage":"pl-PL","potentialAction":[{"@type":"ReadAction","target":["https:\/\/acana.com.pl\/karma\/o-nas\/dzialy\/zarzad\/"]}]},{"@type":"ImageObject","inLanguage":"pl-PL","@id":"https:\/\/acana.com.pl\/karma\/o-nas\/dzialy\/zarzad\/#primaryimage","url":"https:\/\/acana.com.pl\/karma\/wp-content\/uploads\/2016\/07\/dariuszn.jpg","contentUrl":"https:\/\/acana.com.pl\/karma\/wp-content\/uploads\/2016\/07\/dariuszn.jpg","width":280,"height":400},{"@type":"BreadcrumbList","@id":"https:\/\/acana.com.pl\/karma\/o-nas\/dzialy\/zarzad\/#breadcrumb","itemListElement":[{"@type":"ListItem","position":1,"name":"Strona g\u0142\u00f3wna","item":"https:\/\/acana.com.pl\/karma\/"},{"@type":"ListItem","position":2,"name":"O nas","item":"https:\/\/acana.com.pl\/karma\/o-nas\/"},{"@type":"ListItem","position":3,"name":"Dzia\u0142y","item":"https:\/\/acana.com.pl\/karma\/o-nas\/dzialy\/"},{"@type":"ListItem","position":4,"name":"Zarz\u0105d"}]},{"@type":"WebSite","@id":"https:\/\/acana.com.pl\/karma\/#website","url":"https:\/\/acana.com.pl\/karma\/","name":"Blog Acana Polska","description":"","publisher":{"@id":"https:\/\/acana.com.pl\/karma\/#organization"},"potentialAction":[{"@type":"SearchAction","target":{"@type":"EntryPoint","urlTemplate":"https:\/\/acana.com.pl\/karma\/?s={search_term_string}"},"query-input":{"@type":"PropertyValueSpecification","valueRequired":true,"valueName":"search_term_string"}}],"inLanguage":"pl-PL"},{"@type":"Organization","@id":"https:\/\/acana.com.pl\/karma\/#organization","name":"ACANA POLSKA Sp. z o.o. Sp. K.","url":"https:\/\/acana.com.pl\/karma\/","logo":{"@type":"ImageObject","inLanguage":"pl-PL","@id":"https:\/\/acana.com.pl\/karma\/#\/schema\/logo\/image\/","url":"https:\/\/acana.com.pl\/karma\/wp-content\/uploads\/2018\/02\/logo-Acana-1.png","contentUrl":"https:\/\/acana.com.pl\/karma\/wp-content\/uploads\/2018\/02\/logo-Acana-1.png","width":154,"height":74,"caption":"ACANA POLSKA Sp. z o.o. Sp. K."},"image":{"@id":"https:\/\/acana.com.pl\/karma\/#\/schema\/logo\/image\/"},"sameAs":["https:\/\/www.facebook.com\/acanapolska\/"]}]}},"_links":{"self":[{"href":"https:\/\/acana.com.pl\/karma\/wp-json\/wp\/v2\/pages\/296","targetHints":{"allow":["GET"]}}],"collection":[{"href":"https:\/\/acana.com.pl\/karma\/wp-json\/wp\/v2\/pages"}],"about":[{"href":"https:\/\/acana.com.pl\/karma\/wp-json\/wp\/v2\/types\/page"}],"author":[{"embeddable":true,"href":"https:\/\/acana.com.pl\/karma\/wp-json\/wp\/v2\/users\/1"}],"replies":[{"embeddable":true,"href":"https:\/\/acana.com.pl\/karma\/wp-json\/wp\/v2\/comments?post=296"}],"version-history":[{"count":0,"href":"https:\/\/acana.com.pl\/karma\/wp-json\/wp\/v2\/pages\/296\/revisions"}],"up":[{"embeddable":true,"href":"https:\/\/acana.com.pl\/karma\/wp-json\/wp\/v2\/pages\/101"}],"wp:attachment":[{"href":"https:\/\/acana.com.pl\/karma\/wp-json\/wp\/v2\/media?parent=296"}],"curies":[{"name":"wp","href":"https:\/\/api.w.org\/{rel}","templated":true}]}}