{"id":32,"date":"2013-12-11T10:32:01","date_gmt":"2013-12-11T09:32:01","guid":{"rendered":"http:\/\/acana.com.pl\/?page_id=32"},"modified":"2026-04-14T09:15:56","modified_gmt":"2026-04-14T07:15:56","slug":"o-nas","status":"publish","type":"page","link":"https:\/\/acana.com.pl\/karma\/o-nas\/","title":{"rendered":"O nas"},"content":{"rendered":"<p>Jeste\u015bmy dystrybutorem jako\u015bci, najwy\u017cszych standard\u00f3w, pewno\u015bci i zaufania. Ju\u017c od 19 lat Acana Polska zapewnia mi\u0142o\u015bnikom zwierz\u0105t dost\u0119p do wysokiej klasy, r\u00f3\u017cnorodnych artyku\u0142\u00f3w dla ps\u00f3w i kot\u00f3w. Zwierz\u0119ta s\u0105 nasz\u0105 pasj\u0105, dlatego pragniemy zaoferowa\u0107 im i ich W\u0142a\u015bcicielom bezkonkurencyjne i wyj\u0105tkowe produkty.<\/p>\n<p><strong>Jeste\u015bmy wy\u0142\u0105cznym dystrybutorem:<\/strong><\/p>\n<ul>\n<li>Biologicznie Odpowiedniego Jedzenia ORIJEN &amp; ACANA<\/li>\n<li>gryzak\u00f3w dentystycznych Whimzees<\/li>\n<li>woreczk\u00f3w na odchody EarthRated<\/li>\n<li>mokrych karm i przysmak\u00f3w PLATINUM<\/li>\n<li>legowisk dla ps\u00f3w i kot\u00f3w ThermoSwitch<\/li>\n<\/ul>\n<p>Siedziba naszej firmy znajduje si\u0119 w miejscowo\u015bci Jelcz-Laskowice. Tutaj odnajd\u0105 Pa\u0144stwo zar\u00f3wno t\u0119tni\u0105ce \u017cyciem Centrum Dowodzenia \u2013 biura, w kt\u00f3rych zajmujemy si\u0119 obs\u0142ug\u0105 Klient\u00f3w z ca\u0142ej Polski, jak i Serce firmy Acana Polska \u2013 magazyn, w kt\u00f3rym przechowujemy ca\u0142\u0105 nasz\u0105 tajemnic\u0119 i klucz do sukcesu \u2013 bezkonkurencyjne produkty najlepszych \u015bwiatowych marek.<\/p>\n<p>Na terenie ca\u0142ego kraju reprezentuje nas \u201eSze\u015bciu Wspania\u0142ych\u201d \u2013 wykwalifikowanych Przedstawicieli Handlowych, kt\u00f3rzy dbaj\u0105 o to, aby w ka\u017cdym regionie Polski mi\u0142o\u015bnicy zwierz\u0105t mogli sprawia\u0107 rado\u015b\u0107 swoim pupilom i zadba\u0107 o ich zdrowie dzi\u0119ki naszym produktom.<\/p>\n<p><strong>Jeste\u015bmy rzetelni!<br \/>\n<\/strong><br \/>\nW trosce o jako\u015b\u0107 naszych us\u0142ug, od 2009 r.&nbsp; Acana Polska nieprzerwanie uczestniczy w Programie Rzetelna Firma. Udost\u0119pniamy wszelkie dane o naszej dzia\u0142alno\u015bci, poniewa\u017c to w\u0142a\u015bnie na czytelnych zasadach wsp\u00f3\u0142pracy ze wszystkimi Klientami i Kontrahentami zbudowali\u015bmy fundamenty firmy Acana Polska.<\/p>\n<p><strong>Pasja i zaanga\u017cowanie<br \/>\n<\/strong><br \/>\nJedn\u0105 z fundamentalnych zasad naszej dzia\u0142alno\u015bci jest pasja i zaanga\u017cowanie. Wspieramy nie tylko profesjonalne hodowle ps\u00f3w, ale tak\u017ce schroniska oraz uczestniczymy w r\u00f3\u017cnorodnych akcjach na rzecz zwierz\u0105t. Mo\u017cna \u015bmia\u0142o powiedzie\u0107, \u017ce nic co psie i kocie nie jest nam obce!<\/p>\n","protected":false},"excerpt":{"rendered":"<p>Jeste\u015bmy dystrybutorem jako\u015bci, najwy\u017cszych standard\u00f3w, pewno\u015bci i zaufania. Ju\u017c od 19 lat Acana Polska zapewnia mi\u0142o\u015bnikom zwierz\u0105t dost\u0119p do wysokiej klasy, r\u00f3\u017cnorodnych artyku\u0142\u00f3w dla ps\u00f3w i kot\u00f3w. Zwierz\u0119ta s\u0105 nasz\u0105 pasj\u0105, dlatego pragniemy zaoferowa\u0107 im i ich W\u0142a\u015bcicielom bezkonkurencyjne i wyj\u0105tkowe produkty. Jeste\u015bmy wy\u0142\u0105cznym dystrybutorem: Biologicznie Odpowiedniego Jedzenia ORIJEN &amp; ACANA gryzak\u00f3w dentystycznych Whimzees woreczk\u00f3w [&hellip;]<\/p>\n","protected":false},"author":1,"featured_media":0,"parent":0,"menu_order":0,"comment_status":"closed","ping_status":"closed","template":"submenu-page.php","meta":{"_acf_changed":false,"_editorskit_title_hidden":false,"_editorskit_reading_time":0,"_editorskit_is_block_options_detached":false,"_editorskit_block_options_position":"{}","ngg_post_thumbnail":0,"footnotes":""},"class_list":["post-32","page","type-page","status-publish","hentry"],"acf":[],"yoast_head":"<!-- This site is optimized with the Yoast SEO Premium plugin v27.4 (Yoast SEO v27.4) - https:\/\/yoast.com\/product\/yoast-seo-premium-wordpress\/ -->\n<title>O nas - Blog Acana Polska<\/title>\n<meta name=\"robots\" content=\"noindex, follow\" \/>\n<meta property=\"og:locale\" content=\"pl_PL\" \/>\n<meta property=\"og:type\" content=\"article\" \/>\n<meta property=\"og:title\" content=\"O nas\" \/>\n<meta property=\"og:description\" content=\"Jeste\u015bmy dystrybutorem jako\u015bci, najwy\u017cszych standard\u00f3w, pewno\u015bci i zaufania. Ju\u017c od 19 lat Acana Polska zapewnia mi\u0142o\u015bnikom zwierz\u0105t dost\u0119p do wysokiej klasy, r\u00f3\u017cnorodnych artyku\u0142\u00f3w dla ps\u00f3w i kot\u00f3w. Zwierz\u0119ta s\u0105 nasz\u0105 pasj\u0105, dlatego pragniemy zaoferowa\u0107 im i ich W\u0142a\u015bcicielom bezkonkurencyjne i wyj\u0105tkowe produkty. Jeste\u015bmy wy\u0142\u0105cznym dystrybutorem: Biologicznie Odpowiedniego Jedzenia ORIJEN &amp; ACANA gryzak\u00f3w dentystycznych Whimzees woreczk\u00f3w [&hellip;]\" \/>\n<meta property=\"og:url\" content=\"https:\/\/acana.com.pl\/karma\/o-nas\/nasza-firma\/\" \/>\n<meta property=\"og:site_name\" content=\"Blog Acana Polska\" \/>\n<meta property=\"article:publisher\" content=\"https:\/\/www.facebook.com\/acanapolska\/\" \/>\n<meta property=\"article:modified_time\" content=\"2026-04-14T07:15:56+00:00\" \/>\n<meta name=\"twitter:card\" content=\"summary_large_image\" \/>\n<meta name=\"twitter:label1\" content=\"Szacowany czas czytania\" \/>\n\t<meta name=\"twitter:data1\" content=\"2 minuty\" \/>\n<script type=\"application\/ld+json\" class=\"yoast-schema-graph\">{\"@context\":\"https:\\\/\\\/schema.org\",\"@graph\":[{\"@type\":\"WebPage\",\"@id\":\"https:\\\/\\\/acana.com.pl\\\/karma\\\/o-nas\\\/\",\"url\":\"https:\\\/\\\/acana.com.pl\\\/karma\\\/o-nas\\\/nasza-firma\\\/\",\"name\":\"O nas - Blog Acana Polska\",\"isPartOf\":{\"@id\":\"https:\\\/\\\/acana.com.pl\\\/karma\\\/#website\"},\"datePublished\":\"2013-12-11T09:32:01+00:00\",\"dateModified\":\"2026-04-14T07:15:56+00:00\",\"breadcrumb\":{\"@id\":\"https:\\\/\\\/acana.com.pl\\\/karma\\\/o-nas\\\/nasza-firma\\\/#breadcrumb\"},\"inLanguage\":\"pl-PL\",\"potentialAction\":[{\"@type\":\"ReadAction\",\"target\":[\"https:\\\/\\\/acana.com.pl\\\/karma\\\/o-nas\\\/nasza-firma\\\/\"]}]},{\"@type\":\"BreadcrumbList\",\"@id\":\"https:\\\/\\\/acana.com.pl\\\/karma\\\/o-nas\\\/nasza-firma\\\/#breadcrumb\",\"itemListElement\":[{\"@type\":\"ListItem\",\"position\":1,\"name\":\"Strona g\u0142\u00f3wna\",\"item\":\"https:\\\/\\\/acana.com.pl\\\/karma\\\/\"},{\"@type\":\"ListItem\",\"position\":2,\"name\":\"O nas\"}]},{\"@type\":\"WebSite\",\"@id\":\"https:\\\/\\\/acana.com.pl\\\/karma\\\/#website\",\"url\":\"https:\\\/\\\/acana.com.pl\\\/karma\\\/\",\"name\":\"Blog Acana Polska\",\"description\":\"\",\"publisher\":{\"@id\":\"https:\\\/\\\/acana.com.pl\\\/karma\\\/#organization\"},\"potentialAction\":[{\"@type\":\"SearchAction\",\"target\":{\"@type\":\"EntryPoint\",\"urlTemplate\":\"https:\\\/\\\/acana.com.pl\\\/karma\\\/?s={search_term_string}\"},\"query-input\":{\"@type\":\"PropertyValueSpecification\",\"valueRequired\":true,\"valueName\":\"search_term_string\"}}],\"inLanguage\":\"pl-PL\"},{\"@type\":\"Organization\",\"@id\":\"https:\\\/\\\/acana.com.pl\\\/karma\\\/#organization\",\"name\":\"ACANA POLSKA Sp. z o.o. Sp. K.\",\"url\":\"https:\\\/\\\/acana.com.pl\\\/karma\\\/\",\"logo\":{\"@type\":\"ImageObject\",\"inLanguage\":\"pl-PL\",\"@id\":\"https:\\\/\\\/acana.com.pl\\\/karma\\\/#\\\/schema\\\/logo\\\/image\\\/\",\"url\":\"https:\\\/\\\/acana.com.pl\\\/karma\\\/wp-content\\\/uploads\\\/2018\\\/02\\\/logo-Acana-1.png\",\"contentUrl\":\"https:\\\/\\\/acana.com.pl\\\/karma\\\/wp-content\\\/uploads\\\/2018\\\/02\\\/logo-Acana-1.png\",\"width\":154,\"height\":74,\"caption\":\"ACANA POLSKA Sp. z o.o. Sp. K.\"},\"image\":{\"@id\":\"https:\\\/\\\/acana.com.pl\\\/karma\\\/#\\\/schema\\\/logo\\\/image\\\/\"},\"sameAs\":[\"https:\\\/\\\/www.facebook.com\\\/acanapolska\\\/\"]}]}<\/script>\n<!-- \/ Yoast SEO Premium plugin. -->","yoast_head_json":{"title":"O nas - Blog Acana Polska","robots":{"index":"noindex","follow":"follow"},"og_locale":"pl_PL","og_type":"article","og_title":"O nas","og_description":"Jeste\u015bmy dystrybutorem jako\u015bci, najwy\u017cszych standard\u00f3w, pewno\u015bci i zaufania. Ju\u017c od 19 lat Acana Polska zapewnia mi\u0142o\u015bnikom zwierz\u0105t dost\u0119p do wysokiej klasy, r\u00f3\u017cnorodnych artyku\u0142\u00f3w dla ps\u00f3w i kot\u00f3w. Zwierz\u0119ta s\u0105 nasz\u0105 pasj\u0105, dlatego pragniemy zaoferowa\u0107 im i ich W\u0142a\u015bcicielom bezkonkurencyjne i wyj\u0105tkowe produkty. Jeste\u015bmy wy\u0142\u0105cznym dystrybutorem: Biologicznie Odpowiedniego Jedzenia ORIJEN &amp; ACANA gryzak\u00f3w dentystycznych Whimzees woreczk\u00f3w [&hellip;]","og_url":"https:\/\/acana.com.pl\/karma\/o-nas\/nasza-firma\/","og_site_name":"Blog Acana Polska","article_publisher":"https:\/\/www.facebook.com\/acanapolska\/","article_modified_time":"2026-04-14T07:15:56+00:00","twitter_card":"summary_large_image","twitter_misc":{"Szacowany czas czytania":"2 minuty"},"schema":{"@context":"https:\/\/schema.org","@graph":[{"@type":"WebPage","@id":"https:\/\/acana.com.pl\/karma\/o-nas\/","url":"https:\/\/acana.com.pl\/karma\/o-nas\/nasza-firma\/","name":"O nas - Blog Acana Polska","isPartOf":{"@id":"https:\/\/acana.com.pl\/karma\/#website"},"datePublished":"2013-12-11T09:32:01+00:00","dateModified":"2026-04-14T07:15:56+00:00","breadcrumb":{"@id":"https:\/\/acana.com.pl\/karma\/o-nas\/nasza-firma\/#breadcrumb"},"inLanguage":"pl-PL","potentialAction":[{"@type":"ReadAction","target":["https:\/\/acana.com.pl\/karma\/o-nas\/nasza-firma\/"]}]},{"@type":"BreadcrumbList","@id":"https:\/\/acana.com.pl\/karma\/o-nas\/nasza-firma\/#breadcrumb","itemListElement":[{"@type":"ListItem","position":1,"name":"Strona g\u0142\u00f3wna","item":"https:\/\/acana.com.pl\/karma\/"},{"@type":"ListItem","position":2,"name":"O nas"}]},{"@type":"WebSite","@id":"https:\/\/acana.com.pl\/karma\/#website","url":"https:\/\/acana.com.pl\/karma\/","name":"Blog Acana Polska","description":"","publisher":{"@id":"https:\/\/acana.com.pl\/karma\/#organization"},"potentialAction":[{"@type":"SearchAction","target":{"@type":"EntryPoint","urlTemplate":"https:\/\/acana.com.pl\/karma\/?s={search_term_string}"},"query-input":{"@type":"PropertyValueSpecification","valueRequired":true,"valueName":"search_term_string"}}],"inLanguage":"pl-PL"},{"@type":"Organization","@id":"https:\/\/acana.com.pl\/karma\/#organization","name":"ACANA POLSKA Sp. z o.o. Sp. K.","url":"https:\/\/acana.com.pl\/karma\/","logo":{"@type":"ImageObject","inLanguage":"pl-PL","@id":"https:\/\/acana.com.pl\/karma\/#\/schema\/logo\/image\/","url":"https:\/\/acana.com.pl\/karma\/wp-content\/uploads\/2018\/02\/logo-Acana-1.png","contentUrl":"https:\/\/acana.com.pl\/karma\/wp-content\/uploads\/2018\/02\/logo-Acana-1.png","width":154,"height":74,"caption":"ACANA POLSKA Sp. z o.o. Sp. K."},"image":{"@id":"https:\/\/acana.com.pl\/karma\/#\/schema\/logo\/image\/"},"sameAs":["https:\/\/www.facebook.com\/acanapolska\/"]}]}},"_links":{"self":[{"href":"https:\/\/acana.com.pl\/karma\/wp-json\/wp\/v2\/pages\/32","targetHints":{"allow":["GET"]}}],"collection":[{"href":"https:\/\/acana.com.pl\/karma\/wp-json\/wp\/v2\/pages"}],"about":[{"href":"https:\/\/acana.com.pl\/karma\/wp-json\/wp\/v2\/types\/page"}],"author":[{"embeddable":true,"href":"https:\/\/acana.com.pl\/karma\/wp-json\/wp\/v2\/users\/1"}],"replies":[{"embeddable":true,"href":"https:\/\/acana.com.pl\/karma\/wp-json\/wp\/v2\/comments?post=32"}],"version-history":[{"count":0,"href":"https:\/\/acana.com.pl\/karma\/wp-json\/wp\/v2\/pages\/32\/revisions"}],"wp:attachment":[{"href":"https:\/\/acana.com.pl\/karma\/wp-json\/wp\/v2\/media?parent=32"}],"curies":[{"name":"wp","href":"https:\/\/api.w.org\/{rel}","templated":true}]}}