{"id":63,"date":"2013-12-12T16:14:00","date_gmt":"2013-12-12T15:14:00","guid":{"rendered":"http:\/\/acana.com.pl\/?page_id=63"},"modified":"2023-09-15T11:04:39","modified_gmt":"2023-09-15T09:04:39","slug":"kontakt","status":"publish","type":"page","link":"https:\/\/acana.com.pl\/karma\/kontakt\/","title":{"rendered":"Kontakt"},"content":{"rendered":"<div class=\"contact-line\">\n<ul class=\"adres-lista adres-lista-1\">\n<li><span style=\"font-size: 20px;\"><strong>ACANA POLSKA sp. z o.o. sp. k.<\/strong><\/span><\/li>\n<li>Ul. Kasztanowa 9,&nbsp; 55-220 Jelcz \u2013 Laskowice<\/li>\n<li>NIP: 9121914100,&nbsp; Regon: 368889089<\/li>\n<li>Nr konta:&nbsp; 86 1140 1140 0000 2868 8600 1001<\/li>\n<\/ul>\n<ul class=\"adres-lista adres-lista-2\">\n<li><strong>Tel.: 71 318 84 28<\/strong><\/li>\n<li><strong> Tel. kom.: 664 061 735<br \/>\n<\/strong><strong><br \/>\n<\/strong><\/li>\n<\/ul>\n<ul class=\"adres-lista adres-lista-3\">\n<li><span style=\"color: #0000ff;\"><strong><a href=\"mailto:info@acana.com.pl\" target=\"_blank\" rel=\"noopener noreferrer\"><span style=\"color: #0000ff;\">info@acana.com.pl<\/span><\/a><\/strong><\/span><\/li>\n<li class=\"contact_spacer\"><strong>Dzia\u0142 Obs\u0142ugi Klienta <\/strong><br \/>\n71 318 84 28 wew.: 100, 114, 118, 120<\/li>\n<li class=\"contact_spacer\"><strong>Dzia\u0142 Marketingu:<\/strong><br \/>\n71 318 84 28 wew.: 115; <span style=\"color: #0000ff;\"><strong><a style=\"color: #0000ff;\" href=\"mailto:marketing@acana.com.pl\">marketing@acana.com.pl<\/a>&nbsp;<\/strong><\/span><\/li>\n<li><strong>Dzia\u0142 Ksi\u0119gowo\u015bci:<\/strong><br \/>\n71 318 84 28 wew.: 111<\/li>\n<\/ul>\n<p><strong>W sprawie reklamacji prosimy o kontakt:<\/strong><\/p>\n<ul>\n<li>Reklamacje od Klient\u00f3w Indywidualnych: Justyna Ochocka &#8211; Janus, 71 318 84 28 wew.: 100, <a href=\"mailto:j.ochocka@acana.com.pl\"><span style=\"color: #0000ff;\"><strong><span style=\"color: #0000ff;\">j.ochocka@acana.com.pl;<\/span><\/strong><\/span><\/a><\/li>\n<li>Reklamacje od Partner\u00f3w Biznesowych: 71 318 84 28 wew.: 103; <strong><a href=\"mailto:j.ochocka@acana.com.pl\"><span style=\"color: #0000ff;\">reklamacje@acana.com.pl <\/span><\/a><\/strong><\/li>\n<\/ul>\n<\/div>\n<h4>&nbsp;<\/h4>\n<div class=\"contact-line\">\n\n<div class=\"wpcf7 no-js\" id=\"wpcf7-f3862-o1\" lang=\"pl-PL\" dir=\"ltr\" data-wpcf7-id=\"3862\">\n<div class=\"screen-reader-response\"><p role=\"status\" aria-live=\"polite\" aria-atomic=\"true\"><\/p> <ul><\/ul><\/div>\n<form action=\"\/karma\/wp-json\/wp\/v2\/pages\/63#wpcf7-f3862-o1\" method=\"post\" class=\"wpcf7-form init\" aria-label=\"Formularz kontaktowy\" novalidate=\"novalidate\" data-status=\"init\">\n<fieldset class=\"hidden-fields-container\"><input type=\"hidden\" name=\"_wpcf7\" value=\"3862\" \/><input type=\"hidden\" name=\"_wpcf7_version\" value=\"6.1.5\" \/><input type=\"hidden\" name=\"_wpcf7_locale\" value=\"pl_PL\" \/><input type=\"hidden\" name=\"_wpcf7_unit_tag\" value=\"wpcf7-f3862-o1\" \/><input type=\"hidden\" name=\"_wpcf7_container_post\" value=\"0\" \/><input type=\"hidden\" name=\"_wpcf7_posted_data_hash\" value=\"\" \/>\n<\/fieldset>\n<div class=\"contact-form\">\n\t<fieldset>\n\t\t<legend>Wy\u015blij do nas wiadomo\u015b\u0107\n\t\t<\/legend>\n\t\t<div class=\"fields\">\n\t\t\t<div class=\"fields-left\">\n\t\t\t\t<div class=\"item rqui\">\n\t\t\t\t\t<p><span class=\"wpcf7-form-control-wrap\" data-name=\"your-name\"><input size=\"40\" maxlength=\"400\" class=\"wpcf7-form-control wpcf7-text wpcf7-validates-as-required\" aria-required=\"true\" aria-invalid=\"false\" value=\"\" type=\"text\" name=\"your-name\" \/><\/span><label>Imi\u0119:<\/label>\n\t\t\t\t\t<\/p>\n\t\t\t\t<\/div>\n\t\t\t\t<div class=\"item rqui\">\n\t\t\t\t\t<p><span class=\"wpcf7-form-control-wrap\" data-name=\"your-email\"><input size=\"40\" maxlength=\"400\" class=\"wpcf7-form-control wpcf7-email wpcf7-validates-as-required wpcf7-text wpcf7-validates-as-email\" aria-required=\"true\" aria-invalid=\"false\" value=\"\" type=\"email\" name=\"your-email\" \/><\/span><label>E-mail:<\/label>\n\t\t\t\t\t<\/p>\n\t\t\t\t<\/div>\n\t\t\t\t<div class=\"item\">\n\t\t\t\t\t<p><span class=\"wpcf7-form-control-wrap\" data-name=\"tel-903\"><input size=\"40\" maxlength=\"400\" class=\"wpcf7-form-control wpcf7-tel wpcf7-text wpcf7-validates-as-tel\" aria-invalid=\"false\" value=\"\" type=\"tel\" name=\"tel-903\" \/><\/span><label>Telefon:<\/label>\n\t\t\t\t\t<\/p>\n\t\t\t\t<\/div>\n\t\t\t\t<div class=\"item last_item\">\n\t\t\t\t\t<p><span class=\"wpcf7-form-control-wrap\" data-name=\"your-subject\"><input size=\"40\" maxlength=\"400\" class=\"wpcf7-form-control wpcf7-text\" aria-invalid=\"false\" value=\"\" type=\"text\" name=\"your-subject\" \/><\/span><label>Temat:<\/label>\n\t\t\t\t\t<\/p>\n\t\t\t\t<\/div>\n\t\t\t\t<div class=\"item last_item captcha_item\">\n\t\t\t\t\t<p><input type=\"hidden\" name=\"_wpcf7_captcha_challenge_captcha-582\" value=\"1900111173\" \/><img loading=\"lazy\" decoding=\"async\" class=\"wpcf7-form-control wpcf7-captchac wpcf7-captcha-captcha-582\" width=\"72\" height=\"24\" alt=\"captcha\" src=\"https:\/\/acana.com.pl\/karma\/wp-content\/uploads\/wpcf7_captcha\/1900111173.png\" \/><span class=\"wpcf7-form-control-wrap\" data-name=\"captcha-582\"><input size=\"40\" class=\"wpcf7-form-control wpcf7-captchar\" autocomplete=\"off\" aria-invalid=\"false\" value=\"\" type=\"text\" name=\"captcha-582\" \/><\/span>\n\t\t\t\t\t<\/p>\n\t\t\t\t<\/div>\n\t\t\t<\/div>\n\t\t\t<div class=\"fields-right\">\n\t\t\t\t<p><span class=\"wpcf7-form-control-wrap\" data-name=\"your-message\"><textarea cols=\"40\" rows=\"10\" maxlength=\"2000\" class=\"wpcf7-form-control wpcf7-textarea\" aria-invalid=\"false\" name=\"your-message\"><\/textarea><\/span>\n\t\t\t\t<\/p>\n\t\t\t<\/div>\n\t\t<\/div>\n\t\t<div class=\"infor\">\n\t\t\t<p>\u201eAdministratorem podanych przez Pa\u0144stwa w powy\u017cszym formularzu danych osobowych jest ACANA POLSKA Sp. z o.o. Sp. k., ul. Kasztanowa 9, 55-220 Jelcz-Laskowice, wpisana do rejestru przedsi\u0119biorc\u00f3w prowadzonego przez S\u0105d Rejonowy DLA WROC\u0141AWIA-FABRYCZNEJ WE WROC\u0141AWIU, IX WYDZIA\u0141 GOSPODARCZY KRAJOWEGO REJESTRU S\u0104DOWEGO pod numerem KRS 0000707114. Wszystkie pytania i w\u0105tpliwo\u015bci prosimy kierowa\u0107 na adres: rodo@acana.com.pl\n\t\t\t<\/p>\n\t\t\t<p>Pa\u0144stwa dane b\u0119d\u0105 przetwarzane:<br \/>\n\u2013 w celu udzielenia odpowiedzi na zapytanie zgodnie z Art. 6 Ust. 1 Lit. B Og\u00f3lnego Rozporz\u0105dzenia Ochrony Danych Osobowych 2016\/679 z dnia 27 kwietnia 2016 r., tj. w celu przygotowania oferty zgodnie z przes\u0142anym zapytaniem.\n\t\t\t<\/p>\n\t\t\t<p>Pa\u0144stwa dane b\u0119d\u0105 przetwarzane wy\u0142\u0105cznie w celu udzielenia odpowiedzi na zapytanie zgodnie z Art. 6 Ust. 1 Lit. B Og\u00f3lnego Rozporz\u0105dzenia Ochrony Danych Osobowych 2016\/679 z dnia 27 kwietnia 2016 r., tj. w celu przygotowania oferty zgodnie z przes\u0142anym zapytaniem. Dane te nie s\u0105 zapisywane, ani nie b\u0119d\u0105 wykorzystywane w innych celach.\n\t\t\t<\/p>\n\t\t\t<p><a href=\"\/\/acana.com.pl\/karma\/wp-content\/uploads\/2018\/05\/Acana-Polska_POLITYKA-PRYWATNOS\u0301CI.pdf\"><strong>Zapoznaj si\u0119 z Polityk\u0105 Prywatno\u015bci<\/strong><\/a>\n\t\t\t<\/p>\n\t\t<\/div>\n\t\t<p class=\"btnbuton\"><input type=\"submit\" class=\"submitmMessage\" value=\"Wy\u015blij wiadomo\u015b\u0107\" \/>\n\t\t<\/p>\n\t<\/fieldset>\n<\/div>\n<div style=\"clear:both;\">\n<\/div><input type='hidden' class='wpcf7-pum' value='{\"closepopup\":false,\"closedelay\":0,\"openpopup\":false,\"openpopup_id\":0}' \/><div class=\"wpcf7-response-output\" aria-hidden=\"true\"><\/div>\n<\/form>\n<\/div>\n\n<\/div>\n<h6 style=\"text-align: justify;\">&nbsp;<\/h6>\n","protected":false},"excerpt":{"rendered":"<p>ACANA POLSKA sp. z o.o. sp. k. Ul. Kasztanowa 9,&nbsp; 55-220 Jelcz \u2013 Laskowice NIP: 9121914100,&nbsp; Regon: 368889089 Nr konta:&nbsp; 86 1140 1140 0000 2868 8600 1001 Tel.: 71 318 84 28 Tel. kom.: 664 061 735 info@acana.com.pl Dzia\u0142 Obs\u0142ugi Klienta 71 318 84 28 wew.: 100, 114, 118, 120 Dzia\u0142 Marketingu: 71 318 84 [&hellip;]<\/p>\n","protected":false},"author":1,"featured_media":0,"parent":0,"menu_order":3,"comment_status":"closed","ping_status":"closed","template":"","meta":{"_acf_changed":false,"_editorskit_title_hidden":false,"_editorskit_reading_time":0,"_editorskit_is_block_options_detached":false,"_editorskit_block_options_position":"{}","ngg_post_thumbnail":0,"footnotes":""},"class_list":["post-63","page","type-page","status-publish","hentry"],"acf":[],"yoast_head":"<!-- This site is optimized with the Yoast SEO Premium plugin v27.4 (Yoast SEO v27.4) - https:\/\/yoast.com\/product\/yoast-seo-premium-wordpress\/ -->\n<title>Kontakt - Blog Acana Polska<\/title>\n<meta name=\"robots\" content=\"index, follow, max-snippet:-1, max-image-preview:large, max-video-preview:-1\" \/>\n<link rel=\"canonical\" href=\"https:\/\/acana.com.pl\/karma\/kontakt\/\" \/>\n<meta property=\"og:locale\" content=\"pl_PL\" \/>\n<meta property=\"og:type\" content=\"article\" \/>\n<meta property=\"og:title\" content=\"Kontakt\" \/>\n<meta property=\"og:description\" content=\"ACANA POLSKA sp. z o.o. sp. k. Ul. Kasztanowa 9,&nbsp; 55-220 Jelcz \u2013 Laskowice NIP: 9121914100,&nbsp; Regon: 368889089 Nr konta:&nbsp; 86 1140 1140 0000 2868 8600 1001 Tel.: 71 318 84 28 Tel. kom.: 664 061 735 info@acana.com.pl Dzia\u0142 Obs\u0142ugi Klienta 71 318 84 28 wew.: 100, 114, 118, 120 Dzia\u0142 Marketingu: 71 318 84 [&hellip;]\" \/>\n<meta property=\"og:url\" content=\"https:\/\/acana.com.pl\/karma\/kontakt\/\" \/>\n<meta property=\"og:site_name\" content=\"Blog Acana Polska\" \/>\n<meta property=\"article:publisher\" content=\"https:\/\/www.facebook.com\/acanapolska\/\" \/>\n<meta property=\"article:modified_time\" content=\"2023-09-15T09:04:39+00:00\" \/>\n<meta name=\"twitter:card\" content=\"summary_large_image\" \/>\n<meta name=\"twitter:label1\" content=\"Szacowany czas czytania\" \/>\n\t<meta name=\"twitter:data1\" content=\"1 minuta\" \/>\n<script type=\"application\/ld+json\" class=\"yoast-schema-graph\">{\"@context\":\"https:\\\/\\\/schema.org\",\"@graph\":[{\"@type\":\"WebPage\",\"@id\":\"https:\\\/\\\/acana.com.pl\\\/karma\\\/kontakt\\\/\",\"url\":\"https:\\\/\\\/acana.com.pl\\\/karma\\\/kontakt\\\/\",\"name\":\"Kontakt - Blog Acana Polska\",\"isPartOf\":{\"@id\":\"https:\\\/\\\/acana.com.pl\\\/karma\\\/#website\"},\"datePublished\":\"2013-12-12T15:14:00+00:00\",\"dateModified\":\"2023-09-15T09:04:39+00:00\",\"breadcrumb\":{\"@id\":\"https:\\\/\\\/acana.com.pl\\\/karma\\\/kontakt\\\/#breadcrumb\"},\"inLanguage\":\"pl-PL\",\"potentialAction\":[{\"@type\":\"ReadAction\",\"target\":[\"https:\\\/\\\/acana.com.pl\\\/karma\\\/kontakt\\\/\"]}]},{\"@type\":\"BreadcrumbList\",\"@id\":\"https:\\\/\\\/acana.com.pl\\\/karma\\\/kontakt\\\/#breadcrumb\",\"itemListElement\":[{\"@type\":\"ListItem\",\"position\":1,\"name\":\"Strona g\u0142\u00f3wna\",\"item\":\"https:\\\/\\\/acana.com.pl\\\/karma\\\/\"},{\"@type\":\"ListItem\",\"position\":2,\"name\":\"Kontakt\"}]},{\"@type\":\"WebSite\",\"@id\":\"https:\\\/\\\/acana.com.pl\\\/karma\\\/#website\",\"url\":\"https:\\\/\\\/acana.com.pl\\\/karma\\\/\",\"name\":\"Blog Acana Polska\",\"description\":\"\",\"publisher\":{\"@id\":\"https:\\\/\\\/acana.com.pl\\\/karma\\\/#organization\"},\"potentialAction\":[{\"@type\":\"SearchAction\",\"target\":{\"@type\":\"EntryPoint\",\"urlTemplate\":\"https:\\\/\\\/acana.com.pl\\\/karma\\\/?s={search_term_string}\"},\"query-input\":{\"@type\":\"PropertyValueSpecification\",\"valueRequired\":true,\"valueName\":\"search_term_string\"}}],\"inLanguage\":\"pl-PL\"},{\"@type\":\"Organization\",\"@id\":\"https:\\\/\\\/acana.com.pl\\\/karma\\\/#organization\",\"name\":\"ACANA POLSKA Sp. z o.o. Sp. K.\",\"url\":\"https:\\\/\\\/acana.com.pl\\\/karma\\\/\",\"logo\":{\"@type\":\"ImageObject\",\"inLanguage\":\"pl-PL\",\"@id\":\"https:\\\/\\\/acana.com.pl\\\/karma\\\/#\\\/schema\\\/logo\\\/image\\\/\",\"url\":\"https:\\\/\\\/acana.com.pl\\\/karma\\\/wp-content\\\/uploads\\\/2018\\\/02\\\/logo-Acana-1.png\",\"contentUrl\":\"https:\\\/\\\/acana.com.pl\\\/karma\\\/wp-content\\\/uploads\\\/2018\\\/02\\\/logo-Acana-1.png\",\"width\":154,\"height\":74,\"caption\":\"ACANA POLSKA Sp. z o.o. Sp. K.\"},\"image\":{\"@id\":\"https:\\\/\\\/acana.com.pl\\\/karma\\\/#\\\/schema\\\/logo\\\/image\\\/\"},\"sameAs\":[\"https:\\\/\\\/www.facebook.com\\\/acanapolska\\\/\"]}]}<\/script>\n<!-- \/ Yoast SEO Premium plugin. -->","yoast_head_json":{"title":"Kontakt - Blog Acana Polska","robots":{"index":"index","follow":"follow","max-snippet":"max-snippet:-1","max-image-preview":"max-image-preview:large","max-video-preview":"max-video-preview:-1"},"canonical":"https:\/\/acana.com.pl\/karma\/kontakt\/","og_locale":"pl_PL","og_type":"article","og_title":"Kontakt","og_description":"ACANA POLSKA sp. z o.o. sp. k. Ul. Kasztanowa 9,&nbsp; 55-220 Jelcz \u2013 Laskowice NIP: 9121914100,&nbsp; Regon: 368889089 Nr konta:&nbsp; 86 1140 1140 0000 2868 8600 1001 Tel.: 71 318 84 28 Tel. kom.: 664 061 735 info@acana.com.pl Dzia\u0142 Obs\u0142ugi Klienta 71 318 84 28 wew.: 100, 114, 118, 120 Dzia\u0142 Marketingu: 71 318 84 [&hellip;]","og_url":"https:\/\/acana.com.pl\/karma\/kontakt\/","og_site_name":"Blog Acana Polska","article_publisher":"https:\/\/www.facebook.com\/acanapolska\/","article_modified_time":"2023-09-15T09:04:39+00:00","twitter_card":"summary_large_image","twitter_misc":{"Szacowany czas czytania":"1 minuta"},"schema":{"@context":"https:\/\/schema.org","@graph":[{"@type":"WebPage","@id":"https:\/\/acana.com.pl\/karma\/kontakt\/","url":"https:\/\/acana.com.pl\/karma\/kontakt\/","name":"Kontakt - Blog Acana Polska","isPartOf":{"@id":"https:\/\/acana.com.pl\/karma\/#website"},"datePublished":"2013-12-12T15:14:00+00:00","dateModified":"2023-09-15T09:04:39+00:00","breadcrumb":{"@id":"https:\/\/acana.com.pl\/karma\/kontakt\/#breadcrumb"},"inLanguage":"pl-PL","potentialAction":[{"@type":"ReadAction","target":["https:\/\/acana.com.pl\/karma\/kontakt\/"]}]},{"@type":"BreadcrumbList","@id":"https:\/\/acana.com.pl\/karma\/kontakt\/#breadcrumb","itemListElement":[{"@type":"ListItem","position":1,"name":"Strona g\u0142\u00f3wna","item":"https:\/\/acana.com.pl\/karma\/"},{"@type":"ListItem","position":2,"name":"Kontakt"}]},{"@type":"WebSite","@id":"https:\/\/acana.com.pl\/karma\/#website","url":"https:\/\/acana.com.pl\/karma\/","name":"Blog Acana Polska","description":"","publisher":{"@id":"https:\/\/acana.com.pl\/karma\/#organization"},"potentialAction":[{"@type":"SearchAction","target":{"@type":"EntryPoint","urlTemplate":"https:\/\/acana.com.pl\/karma\/?s={search_term_string}"},"query-input":{"@type":"PropertyValueSpecification","valueRequired":true,"valueName":"search_term_string"}}],"inLanguage":"pl-PL"},{"@type":"Organization","@id":"https:\/\/acana.com.pl\/karma\/#organization","name":"ACANA POLSKA Sp. z o.o. Sp. K.","url":"https:\/\/acana.com.pl\/karma\/","logo":{"@type":"ImageObject","inLanguage":"pl-PL","@id":"https:\/\/acana.com.pl\/karma\/#\/schema\/logo\/image\/","url":"https:\/\/acana.com.pl\/karma\/wp-content\/uploads\/2018\/02\/logo-Acana-1.png","contentUrl":"https:\/\/acana.com.pl\/karma\/wp-content\/uploads\/2018\/02\/logo-Acana-1.png","width":154,"height":74,"caption":"ACANA POLSKA Sp. z o.o. Sp. K."},"image":{"@id":"https:\/\/acana.com.pl\/karma\/#\/schema\/logo\/image\/"},"sameAs":["https:\/\/www.facebook.com\/acanapolska\/"]}]}},"_links":{"self":[{"href":"https:\/\/acana.com.pl\/karma\/wp-json\/wp\/v2\/pages\/63","targetHints":{"allow":["GET"]}}],"collection":[{"href":"https:\/\/acana.com.pl\/karma\/wp-json\/wp\/v2\/pages"}],"about":[{"href":"https:\/\/acana.com.pl\/karma\/wp-json\/wp\/v2\/types\/page"}],"author":[{"embeddable":true,"href":"https:\/\/acana.com.pl\/karma\/wp-json\/wp\/v2\/users\/1"}],"replies":[{"embeddable":true,"href":"https:\/\/acana.com.pl\/karma\/wp-json\/wp\/v2\/comments?post=63"}],"version-history":[{"count":0,"href":"https:\/\/acana.com.pl\/karma\/wp-json\/wp\/v2\/pages\/63\/revisions"}],"wp:attachment":[{"href":"https:\/\/acana.com.pl\/karma\/wp-json\/wp\/v2\/media?parent=63"}],"curies":[{"name":"wp","href":"https:\/\/api.w.org\/{rel}","templated":true}]}}