{"id":7913,"date":"2018-04-23T14:48:23","date_gmt":"2018-04-23T12:48:23","guid":{"rendered":"http:\/\/acana.com.pl\/karma\/?page_id=7913"},"modified":"2024-07-02T12:19:27","modified_gmt":"2024-07-02T10:19:27","slug":"orijen","status":"publish","type":"page","link":"https:\/\/acana.com.pl\/karma\/nasze-marki\/orijen\/","title":{"rendered":"Orijen"},"content":{"rendered":"<p style=\"text-align: center;\"><a href=\"https:\/\/sklep.acana.com.pl\/68-orijen-dla-psa\" target=\"_blank\" rel=\"noopener\">Biologicznie Odpowiednie Jedzenie <strong>ORIJEN<\/strong> dla ps\u00f3w i kot\u00f3w z naszej Kuchni <span class=\"st\"><em>NorthStar<\/em>\u00ae<\/span> w Kanadzie<\/a><\/p>\n<p style=\"text-align: justify;\"><a href=\"https:\/\/www.orijenpetfoods.com\/en-US\/homepage\"><img loading=\"lazy\" decoding=\"async\" class=\"aligncenter wp-image-12055 size-full\" src=\"https:\/\/acana.com.pl\/karma\/wp-content\/uploads\/2021\/07\/ORIJEN.png\" alt=\"ORIJEN\" width=\"93\" height=\"75\"><\/a>ORIJEN to kanadyjska sucha karma dla ps\u00f3w i kot\u00f3w. ORIJEN tworzony jest w kuchni NorthStar\u00ae w Albercie. Wszystkie sk\u0142adniki zawarte w naszym Biologicznie Odpowiednim Jedzeniu pochodz\u0105 od sprawdzonych i zaufanych farmer\u00f3w i rybak\u00f3w, zapewniaj\u0105cych najlepsze sk\u0142adniki na \u015bwiecie.&nbsp; ORIJEN to karma bez zb\u00f3\u017c, przepe\u0142niona r\u00f3\u017cnorodnym mi\u0119sem \u2212 stanowi ono<strong> co najmniej 85%<\/strong> sk\u0142adu, z czego <strong>2\/3<\/strong> sk\u0142adnik\u00f3w mi\u0119snych jest \u015bwie\u017ce lub surowe, a <strong>1\/3<\/strong> delikatnie dehydratyzowane.<\/p>\n<p style=\"text-align: justify;\">Dzi\u0119ki proporcjom <strong>WholePrey<\/strong> w spos\u00f3b najbardziej naturalny i wysoce przyswajalny dostarczamy sk\u0142adnik\u00f3w od\u017cywczych. Niskoglikemiczne \u015bwie\u017ce owoce i warzywa oraz zio\u0142a dope\u0142niaj\u0105 moc od\u017cywcz\u0105 ORIJEN, stanowi\u0105c pozosta\u0142\u0105 cz\u0119\u015b\u0107 sk\u0142adu.<\/p>\n<p style=\"text-align: justify;\">W\u015br\u00f3d formu\u0142 naszej zdrowej i smacznej karmy <a href=\"https:\/\/sklep.acana.com.pl\/68-orijen-dla-psa\" target=\"_blank\" rel=\"noopener\"><strong>ORIJEN dla ps\u00f3w<\/strong><\/a> znajdziesz przeznaczone zar\u00f3wno dla szczeni\u0105t czy senior\u00f3w, a tak\u017ce takie, kt\u00f3rymi mo\u017cesz od\u017cywia\u0107 wi\u0119kszo\u015b\u0107 ps\u00f3w. Tw\u00f3j pies mo\u017ce rozkoszowa\u0107 si\u0119 smakiem m.in. \u015bwie\u017cego drobiu w ORIJEN ORIGINAL, surowych ryb w ORIJEN Six Fish, kompozycj\u0105 czerwonych mi\u0119s w ORIJEN Regional Red, czy jagni\u0119cin\u0105 i dziczyzn\u0105 w ORIJEN Tundra. Opiekunowie ma\u0142ych ras mog\u0105 znale\u017a\u0107 w naszej ofercie receptury stworzone specjalnie z my\u015bl\u0105 o ich pupilach: ORIJEN Small Breed, ORIJEN Small Breed Puppy i ORIJEN Small Breed Marine Fish.&nbsp;<\/p>\n<p style=\"text-align: justify;\"><a href=\"https:\/\/sklep.acana.com.pl\/83-orijen-dla-kota\" target=\"_blank\" rel=\"noopener\"><strong>ORIJEN dla kot\u00f3w<\/strong><\/a> to <strong>6 przepysznych receptur<\/strong>, \u0142aduj\u0105cych mrucz\u0105cych czworonog\u00f3w moc\u0105 od\u017cywczego bia\u0142ka pochodzenia zwierz\u0119cego, niezb\u0119dnego w diecie tych \u015bcis\u0142ych mi\u0119so\u017cerc\u00f3w. Start Biologicznie Odpowiedniej przygody zapewnisz pupilowi razem z ORIJEN Kitten przeznaczonym dla koci\u0105t do 52. tygodnia \u017cycia, zawieraj\u0105cym a\u017c 90% sk\u0142adnik\u00f3w mi\u0119snych. Dla kot\u00f3w doros\u0142ych wszystkich ras i w ka\u017cdym wieku oferujemy ORIJEN Original Cat z drobiem, ORIJEN Regional Red Cat z czerwonymi mi\u0119sami, ORIJEN Six Fish Cat z rybami oraz ORIJEN Tundra z kaczk\u0105, rybami i dziczyzn\u0105. Dla kot\u00f3w wymagaj\u0105cych kontroli masy cia\u0142a i\/lub maj\u0105cych tendencj\u0119 do przybierania na wadze po kastracji\/sterylizacji, polecamy ORIJEN Fit &amp; Trim Cat z obni\u017con\u0105 zawarto\u015bci\u0105 t\u0142uszcz\u00f3w, a tym samym kalorii.&nbsp; Dla doros\u0142ych kot\u00f3w doskonale sprawdzi si\u0119 ORIJEN Guardian 8 oddzia\u0142uj\u0105cy wielopoziomowo na zdrowie Twojego doros\u0142ego pupila.&nbsp;<\/p>\n","protected":false},"excerpt":{"rendered":"<p>Biologicznie Odpowiednie Jedzenie ORIJEN dla ps\u00f3w i kot\u00f3w z naszej Kuchni NorthStar\u00ae w Kanadzie ORIJEN to kanadyjska sucha karma dla ps\u00f3w i kot\u00f3w. ORIJEN tworzony jest w kuchni NorthStar\u00ae w Albercie. Wszystkie sk\u0142adniki zawarte w naszym Biologicznie Odpowiednim Jedzeniu pochodz\u0105 od sprawdzonych i zaufanych farmer\u00f3w i rybak\u00f3w, zapewniaj\u0105cych najlepsze sk\u0142adniki na \u015bwiecie.&nbsp; ORIJEN to karma [&hellip;]<\/p>\n","protected":false},"author":9,"featured_media":0,"parent":5,"menu_order":1,"comment_status":"closed","ping_status":"closed","template":"","meta":{"_acf_changed":false,"_editorskit_title_hidden":false,"_editorskit_reading_time":0,"_editorskit_is_block_options_detached":false,"_editorskit_block_options_position":"{}","ngg_post_thumbnail":0,"footnotes":""},"class_list":["post-7913","page","type-page","status-publish","hentry"],"acf":[],"yoast_head":"<!-- This site is optimized with the Yoast SEO Premium plugin v27.4 (Yoast SEO v27.4) - https:\/\/yoast.com\/product\/yoast-seo-premium-wordpress\/ -->\n<title>Orijen - Blog Acana Polska<\/title>\n<meta name=\"robots\" content=\"noindex, follow\" \/>\n<meta property=\"og:locale\" content=\"pl_PL\" \/>\n<meta property=\"og:type\" content=\"article\" \/>\n<meta property=\"og:title\" content=\"Orijen\" \/>\n<meta property=\"og:description\" content=\"Biologicznie Odpowiednie Jedzenie ORIJEN dla ps\u00f3w i kot\u00f3w z naszej Kuchni NorthStar\u00ae w Kanadzie ORIJEN to kanadyjska sucha karma dla ps\u00f3w i kot\u00f3w. ORIJEN tworzony jest w kuchni NorthStar\u00ae w Albercie. Wszystkie sk\u0142adniki zawarte w naszym Biologicznie Odpowiednim Jedzeniu pochodz\u0105 od sprawdzonych i zaufanych farmer\u00f3w i rybak\u00f3w, zapewniaj\u0105cych najlepsze sk\u0142adniki na \u015bwiecie.&nbsp; ORIJEN to karma [&hellip;]\" \/>\n<meta property=\"og:url\" content=\"https:\/\/acana.com.pl\/karma\/nasze-marki\/orijen\/\" \/>\n<meta property=\"og:site_name\" content=\"Blog Acana Polska\" \/>\n<meta property=\"article:publisher\" content=\"https:\/\/www.facebook.com\/acanapolska\/\" \/>\n<meta property=\"article:modified_time\" content=\"2024-07-02T10:19:27+00:00\" \/>\n<meta property=\"og:image\" content=\"https:\/\/acana.com.pl\/karma\/wp-content\/uploads\/2021\/07\/ORIJEN.png\" \/>\n<meta name=\"twitter:card\" content=\"summary_large_image\" \/>\n<meta name=\"twitter:label1\" content=\"Szacowany czas czytania\" \/>\n\t<meta name=\"twitter:data1\" content=\"3 minuty\" \/>\n<script type=\"application\/ld+json\" class=\"yoast-schema-graph\">{\"@context\":\"https:\\\/\\\/schema.org\",\"@graph\":[{\"@type\":\"WebPage\",\"@id\":\"https:\\\/\\\/acana.com.pl\\\/karma\\\/nasze-marki\\\/orijen\\\/\",\"url\":\"https:\\\/\\\/acana.com.pl\\\/karma\\\/nasze-marki\\\/orijen\\\/\",\"name\":\"Orijen - Blog Acana Polska\",\"isPartOf\":{\"@id\":\"https:\\\/\\\/acana.com.pl\\\/karma\\\/#website\"},\"primaryImageOfPage\":{\"@id\":\"https:\\\/\\\/acana.com.pl\\\/karma\\\/nasze-marki\\\/orijen\\\/#primaryimage\"},\"image\":{\"@id\":\"https:\\\/\\\/acana.com.pl\\\/karma\\\/nasze-marki\\\/orijen\\\/#primaryimage\"},\"thumbnailUrl\":\"https:\\\/\\\/acana.com.pl\\\/karma\\\/wp-content\\\/uploads\\\/2021\\\/07\\\/ORIJEN.png\",\"datePublished\":\"2018-04-23T12:48:23+00:00\",\"dateModified\":\"2024-07-02T10:19:27+00:00\",\"breadcrumb\":{\"@id\":\"https:\\\/\\\/acana.com.pl\\\/karma\\\/nasze-marki\\\/orijen\\\/#breadcrumb\"},\"inLanguage\":\"pl-PL\",\"potentialAction\":[{\"@type\":\"ReadAction\",\"target\":[\"https:\\\/\\\/acana.com.pl\\\/karma\\\/nasze-marki\\\/orijen\\\/\"]}]},{\"@type\":\"ImageObject\",\"inLanguage\":\"pl-PL\",\"@id\":\"https:\\\/\\\/acana.com.pl\\\/karma\\\/nasze-marki\\\/orijen\\\/#primaryimage\",\"url\":\"https:\\\/\\\/acana.com.pl\\\/karma\\\/wp-content\\\/uploads\\\/2021\\\/07\\\/ORIJEN.png\",\"contentUrl\":\"https:\\\/\\\/acana.com.pl\\\/karma\\\/wp-content\\\/uploads\\\/2021\\\/07\\\/ORIJEN.png\",\"width\":93,\"height\":75},{\"@type\":\"BreadcrumbList\",\"@id\":\"https:\\\/\\\/acana.com.pl\\\/karma\\\/nasze-marki\\\/orijen\\\/#breadcrumb\",\"itemListElement\":[{\"@type\":\"ListItem\",\"position\":1,\"name\":\"Strona g\u0142\u00f3wna\",\"item\":\"https:\\\/\\\/acana.com.pl\\\/karma\\\/\"},{\"@type\":\"ListItem\",\"position\":2,\"name\":\"Nasze marki\",\"item\":\"https:\\\/\\\/acana.com.pl\\\/karma\\\/nasze-marki\\\/\"},{\"@type\":\"ListItem\",\"position\":3,\"name\":\"Orijen\"}]},{\"@type\":\"WebSite\",\"@id\":\"https:\\\/\\\/acana.com.pl\\\/karma\\\/#website\",\"url\":\"https:\\\/\\\/acana.com.pl\\\/karma\\\/\",\"name\":\"Blog Acana Polska\",\"description\":\"\",\"publisher\":{\"@id\":\"https:\\\/\\\/acana.com.pl\\\/karma\\\/#organization\"},\"potentialAction\":[{\"@type\":\"SearchAction\",\"target\":{\"@type\":\"EntryPoint\",\"urlTemplate\":\"https:\\\/\\\/acana.com.pl\\\/karma\\\/?s={search_term_string}\"},\"query-input\":{\"@type\":\"PropertyValueSpecification\",\"valueRequired\":true,\"valueName\":\"search_term_string\"}}],\"inLanguage\":\"pl-PL\"},{\"@type\":\"Organization\",\"@id\":\"https:\\\/\\\/acana.com.pl\\\/karma\\\/#organization\",\"name\":\"ACANA POLSKA Sp. z o.o. Sp. K.\",\"url\":\"https:\\\/\\\/acana.com.pl\\\/karma\\\/\",\"logo\":{\"@type\":\"ImageObject\",\"inLanguage\":\"pl-PL\",\"@id\":\"https:\\\/\\\/acana.com.pl\\\/karma\\\/#\\\/schema\\\/logo\\\/image\\\/\",\"url\":\"https:\\\/\\\/acana.com.pl\\\/karma\\\/wp-content\\\/uploads\\\/2018\\\/02\\\/logo-Acana-1.png\",\"contentUrl\":\"https:\\\/\\\/acana.com.pl\\\/karma\\\/wp-content\\\/uploads\\\/2018\\\/02\\\/logo-Acana-1.png\",\"width\":154,\"height\":74,\"caption\":\"ACANA POLSKA Sp. z o.o. Sp. K.\"},\"image\":{\"@id\":\"https:\\\/\\\/acana.com.pl\\\/karma\\\/#\\\/schema\\\/logo\\\/image\\\/\"},\"sameAs\":[\"https:\\\/\\\/www.facebook.com\\\/acanapolska\\\/\"]}]}<\/script>\n<!-- \/ Yoast SEO Premium plugin. -->","yoast_head_json":{"title":"Orijen - Blog Acana Polska","robots":{"index":"noindex","follow":"follow"},"og_locale":"pl_PL","og_type":"article","og_title":"Orijen","og_description":"Biologicznie Odpowiednie Jedzenie ORIJEN dla ps\u00f3w i kot\u00f3w z naszej Kuchni NorthStar\u00ae w Kanadzie ORIJEN to kanadyjska sucha karma dla ps\u00f3w i kot\u00f3w. ORIJEN tworzony jest w kuchni NorthStar\u00ae w Albercie. Wszystkie sk\u0142adniki zawarte w naszym Biologicznie Odpowiednim Jedzeniu pochodz\u0105 od sprawdzonych i zaufanych farmer\u00f3w i rybak\u00f3w, zapewniaj\u0105cych najlepsze sk\u0142adniki na \u015bwiecie.&nbsp; ORIJEN to karma [&hellip;]","og_url":"https:\/\/acana.com.pl\/karma\/nasze-marki\/orijen\/","og_site_name":"Blog Acana Polska","article_publisher":"https:\/\/www.facebook.com\/acanapolska\/","article_modified_time":"2024-07-02T10:19:27+00:00","og_image":[{"url":"https:\/\/acana.com.pl\/karma\/wp-content\/uploads\/2021\/07\/ORIJEN.png","type":"","width":"","height":""}],"twitter_card":"summary_large_image","twitter_misc":{"Szacowany czas czytania":"3 minuty"},"schema":{"@context":"https:\/\/schema.org","@graph":[{"@type":"WebPage","@id":"https:\/\/acana.com.pl\/karma\/nasze-marki\/orijen\/","url":"https:\/\/acana.com.pl\/karma\/nasze-marki\/orijen\/","name":"Orijen - Blog Acana Polska","isPartOf":{"@id":"https:\/\/acana.com.pl\/karma\/#website"},"primaryImageOfPage":{"@id":"https:\/\/acana.com.pl\/karma\/nasze-marki\/orijen\/#primaryimage"},"image":{"@id":"https:\/\/acana.com.pl\/karma\/nasze-marki\/orijen\/#primaryimage"},"thumbnailUrl":"https:\/\/acana.com.pl\/karma\/wp-content\/uploads\/2021\/07\/ORIJEN.png","datePublished":"2018-04-23T12:48:23+00:00","dateModified":"2024-07-02T10:19:27+00:00","breadcrumb":{"@id":"https:\/\/acana.com.pl\/karma\/nasze-marki\/orijen\/#breadcrumb"},"inLanguage":"pl-PL","potentialAction":[{"@type":"ReadAction","target":["https:\/\/acana.com.pl\/karma\/nasze-marki\/orijen\/"]}]},{"@type":"ImageObject","inLanguage":"pl-PL","@id":"https:\/\/acana.com.pl\/karma\/nasze-marki\/orijen\/#primaryimage","url":"https:\/\/acana.com.pl\/karma\/wp-content\/uploads\/2021\/07\/ORIJEN.png","contentUrl":"https:\/\/acana.com.pl\/karma\/wp-content\/uploads\/2021\/07\/ORIJEN.png","width":93,"height":75},{"@type":"BreadcrumbList","@id":"https:\/\/acana.com.pl\/karma\/nasze-marki\/orijen\/#breadcrumb","itemListElement":[{"@type":"ListItem","position":1,"name":"Strona g\u0142\u00f3wna","item":"https:\/\/acana.com.pl\/karma\/"},{"@type":"ListItem","position":2,"name":"Nasze marki","item":"https:\/\/acana.com.pl\/karma\/nasze-marki\/"},{"@type":"ListItem","position":3,"name":"Orijen"}]},{"@type":"WebSite","@id":"https:\/\/acana.com.pl\/karma\/#website","url":"https:\/\/acana.com.pl\/karma\/","name":"Blog Acana Polska","description":"","publisher":{"@id":"https:\/\/acana.com.pl\/karma\/#organization"},"potentialAction":[{"@type":"SearchAction","target":{"@type":"EntryPoint","urlTemplate":"https:\/\/acana.com.pl\/karma\/?s={search_term_string}"},"query-input":{"@type":"PropertyValueSpecification","valueRequired":true,"valueName":"search_term_string"}}],"inLanguage":"pl-PL"},{"@type":"Organization","@id":"https:\/\/acana.com.pl\/karma\/#organization","name":"ACANA POLSKA Sp. z o.o. Sp. K.","url":"https:\/\/acana.com.pl\/karma\/","logo":{"@type":"ImageObject","inLanguage":"pl-PL","@id":"https:\/\/acana.com.pl\/karma\/#\/schema\/logo\/image\/","url":"https:\/\/acana.com.pl\/karma\/wp-content\/uploads\/2018\/02\/logo-Acana-1.png","contentUrl":"https:\/\/acana.com.pl\/karma\/wp-content\/uploads\/2018\/02\/logo-Acana-1.png","width":154,"height":74,"caption":"ACANA POLSKA Sp. z o.o. Sp. K."},"image":{"@id":"https:\/\/acana.com.pl\/karma\/#\/schema\/logo\/image\/"},"sameAs":["https:\/\/www.facebook.com\/acanapolska\/"]}]}},"_links":{"self":[{"href":"https:\/\/acana.com.pl\/karma\/wp-json\/wp\/v2\/pages\/7913","targetHints":{"allow":["GET"]}}],"collection":[{"href":"https:\/\/acana.com.pl\/karma\/wp-json\/wp\/v2\/pages"}],"about":[{"href":"https:\/\/acana.com.pl\/karma\/wp-json\/wp\/v2\/types\/page"}],"author":[{"embeddable":true,"href":"https:\/\/acana.com.pl\/karma\/wp-json\/wp\/v2\/users\/9"}],"replies":[{"embeddable":true,"href":"https:\/\/acana.com.pl\/karma\/wp-json\/wp\/v2\/comments?post=7913"}],"version-history":[{"count":0,"href":"https:\/\/acana.com.pl\/karma\/wp-json\/wp\/v2\/pages\/7913\/revisions"}],"up":[{"embeddable":true,"href":"https:\/\/acana.com.pl\/karma\/wp-json\/wp\/v2\/pages\/5"}],"wp:attachment":[{"href":"https:\/\/acana.com.pl\/karma\/wp-json\/wp\/v2\/media?parent=7913"}],"curies":[{"name":"wp","href":"https:\/\/api.w.org\/{rel}","templated":true}]}}