{"id":7924,"date":"2018-04-23T14:52:07","date_gmt":"2018-04-23T12:52:07","guid":{"rendered":"http:\/\/acana.com.pl\/karma\/?page_id=7924"},"modified":"2024-11-08T14:49:29","modified_gmt":"2024-11-08T13:49:29","slug":"earth-rated","status":"publish","type":"page","link":"https:\/\/acana.com.pl\/karma\/nasze-marki\/earth-rated\/","title":{"rendered":"Earth Rated"},"content":{"rendered":"<p style=\"text-align: center;\"><a href=\"https:\/\/sklep.acana.com.pl\/content\/18-earth-rated\" target=\"_blank\" rel=\"noopener noreferrer\">Woreczki <strong>EARTH RATED<\/strong> na odchody z Kanady i nie tylko!<\/a><\/p>\n<p><a href=\"https:\/\/sklep.acana.com.pl\/content\/18-earth-rated\"><img loading=\"lazy\" decoding=\"async\" class=\"aligncenter size-full wp-image-12614\" src=\"https:\/\/acana.com.pl\/karma\/wp-content\/uploads\/2023\/06\/Earth-Rated-sklep-logo.png\" alt=\"Logo Earth Rated\" width=\"266\" height=\"133\"><\/a><\/p>\n<p style=\"text-align: justify;\">Nic tak nie psuje humoru jak wdepni\u0119cie w psi\u0105 kup\u0119. \u201ePami\u0105tki\u201d po psich spacerach to nie tylko problem natury estetycznej, ale przede wszystkim higienicznej. W odchodach naszych czworono\u017cnych kompan\u00f3w znajduj\u0105 si\u0119 bakterie (m.in. Salmonella, E. coli) i mog\u0105 paso\u017cyty (tasiemce i glisty). Poza tym psie odchody maj\u0105 kwa\u015bny odczyn szkodliwy dla ro\u015blin.<\/p>\n<p>Aby sprz\u0105tanie odchod\u00f3w po naszych zwierzakach by\u0142o bardziej komfortowe we\u017a ze sob\u0105 na spacer woreczki na psie kupy od Earth Rated. Do Twojej decyzji pozostawiamy wyb\u00f3r czy maj\u0105 one by\u0107 bezzapachowe lub pachn\u0105ce lawend\u0105.<\/p>\n<p>Dlaczego <a href=\"https:\/\/sklep.acana.com.pl\/64-woreczki-degradowalne-na-odchody\" target=\"_blank\" rel=\"noopener\"><strong>woreczki na psie odchod<\/strong><\/a>y robi\u0105 furor\u0119 w\u015br\u00f3d psiarzy?<\/p>\n<p style=\"text-align: justify;\">&#8211; s\u0105 pojemne, wytrzyma\u0142e i szczelne \u2013 nie musisz obawia\u0107 si\u0119, \u017ce rozerw\u0105 si\u0119 w czasie spaceru,<\/p>\n<p style=\"text-align: justify;\">&#8211; powstaj\u0105 w 65% z plastiku z recyklingu pokonsumpcyjnego &#8211; wybieraj\u0105ce je, Ty tak\u017ce pomagasz zmniejsza\u0107 liczb\u0119 plastikowych odpad\u00f3w,<\/p>\n<p style=\"text-align: justify;\">&#8211; w przypadku woreczk\u00f3w lawendowych niezwykle przyjemnie pachn\u0105&nbsp; \u2013 zapewniamy, \u017ce zapach lawendy umili sprz\u0105tanie brzydko pachn\u0105cych kupek!<\/p>\n<p style=\"text-align: justify;\">Woreczki Earth Rated sprawdz\u0105 si\u0119 r\u00f3wnie\u017c idealnie w sprz\u0105taniu kociej kuwety, szczeg\u00f3lnie w postaci reklam\u00f3wek z wygodnymi r\u0105czkami.&nbsp;<\/p>\n<p>Earth Rated nie zapomina r\u00f3wnie\u017c o czysto\u015bci i piel\u0119gnacji samego pupila, oferuj\u0105c <span style=\"color: #000000;\">nawil\u017cane, hipoalergiczne chusteczki <\/span>dla ps\u00f3w i kot\u00f3w.<\/p>\n<p>Od niedawna marka oferuje r\u00f3wnie\u017c wytrzyma\u0142e, ergonomiczne i zaprojektowane z zachowaniem standard\u00f3w bezpiecze\u0144stwa &#8211; zabawki dla ps\u00f3w! Wzboga\u0107 \u015brodowisko swojego pupila o zabawki pozwalaj\u0105ce na zdobywanie jedzenia, do aportowania i \u0142apania, a tak\u017ce do wsp\u00f3lnego przeci\u0105gania z Tob\u0105!<\/p>\n<p><span style=\"color: #99cc00;\"><a style=\"color: #99cc00;\" href=\"https:\/\/sklep.acana.com.pl\/58-akcesoria-earth-rated\" target=\"_blank\" rel=\"noopener\"><strong>Przekonaj si\u0119, jak u\u0142atwi\u0107 sobie \u017cycie z pupilem!<\/strong><\/a><\/span><\/p>\n","protected":false},"excerpt":{"rendered":"<p>Woreczki EARTH RATED na odchody z Kanady i nie tylko! Nic tak nie psuje humoru jak wdepni\u0119cie w psi\u0105 kup\u0119. \u201ePami\u0105tki\u201d po psich spacerach to nie tylko problem natury estetycznej, ale przede wszystkim higienicznej. W odchodach naszych czworono\u017cnych kompan\u00f3w znajduj\u0105 si\u0119 bakterie (m.in. Salmonella, E. coli) i mog\u0105 paso\u017cyty (tasiemce i glisty). Poza tym psie [&hellip;]<\/p>\n","protected":false},"author":9,"featured_media":0,"parent":5,"menu_order":6,"comment_status":"closed","ping_status":"closed","template":"","meta":{"_acf_changed":false,"_editorskit_title_hidden":false,"_editorskit_reading_time":0,"_editorskit_is_block_options_detached":false,"_editorskit_block_options_position":"{}","ngg_post_thumbnail":0,"footnotes":""},"class_list":["post-7924","page","type-page","status-publish","hentry"],"acf":[],"yoast_head":"<!-- This site is optimized with the Yoast SEO Premium plugin v27.4 (Yoast SEO v27.4) - https:\/\/yoast.com\/product\/yoast-seo-premium-wordpress\/ -->\n<title>Earth Rated - Blog Acana Polska<\/title>\n<meta name=\"robots\" content=\"noindex, follow\" \/>\n<meta property=\"og:locale\" content=\"pl_PL\" \/>\n<meta property=\"og:type\" content=\"article\" \/>\n<meta property=\"og:title\" content=\"Earth Rated\" \/>\n<meta property=\"og:description\" content=\"Woreczki EARTH RATED na odchody z Kanady i nie tylko! Nic tak nie psuje humoru jak wdepni\u0119cie w psi\u0105 kup\u0119. \u201ePami\u0105tki\u201d po psich spacerach to nie tylko problem natury estetycznej, ale przede wszystkim higienicznej. W odchodach naszych czworono\u017cnych kompan\u00f3w znajduj\u0105 si\u0119 bakterie (m.in. Salmonella, E. coli) i mog\u0105 paso\u017cyty (tasiemce i glisty). Poza tym psie [&hellip;]\" \/>\n<meta property=\"og:url\" content=\"https:\/\/acana.com.pl\/karma\/nasze-marki\/earth-rated\/\" \/>\n<meta property=\"og:site_name\" content=\"Blog Acana Polska\" \/>\n<meta property=\"article:publisher\" content=\"https:\/\/www.facebook.com\/acanapolska\/\" \/>\n<meta property=\"article:modified_time\" content=\"2024-11-08T13:49:29+00:00\" \/>\n<meta property=\"og:image\" content=\"https:\/\/acana.com.pl\/karma\/wp-content\/uploads\/2023\/06\/Earth-Rated-sklep-logo.png\" \/>\n\t<meta property=\"og:image:width\" content=\"266\" \/>\n\t<meta property=\"og:image:height\" content=\"133\" \/>\n\t<meta property=\"og:image:type\" content=\"image\/png\" \/>\n<meta name=\"twitter:card\" content=\"summary_large_image\" \/>\n<meta name=\"twitter:label1\" content=\"Szacowany czas czytania\" \/>\n\t<meta name=\"twitter:data1\" content=\"2 minuty\" \/>\n<script type=\"application\/ld+json\" class=\"yoast-schema-graph\">{\"@context\":\"https:\\\/\\\/schema.org\",\"@graph\":[{\"@type\":\"WebPage\",\"@id\":\"https:\\\/\\\/acana.com.pl\\\/karma\\\/nasze-marki\\\/earth-rated\\\/\",\"url\":\"https:\\\/\\\/acana.com.pl\\\/karma\\\/nasze-marki\\\/earth-rated\\\/\",\"name\":\"Earth Rated - Blog Acana Polska\",\"isPartOf\":{\"@id\":\"https:\\\/\\\/acana.com.pl\\\/karma\\\/#website\"},\"primaryImageOfPage\":{\"@id\":\"https:\\\/\\\/acana.com.pl\\\/karma\\\/nasze-marki\\\/earth-rated\\\/#primaryimage\"},\"image\":{\"@id\":\"https:\\\/\\\/acana.com.pl\\\/karma\\\/nasze-marki\\\/earth-rated\\\/#primaryimage\"},\"thumbnailUrl\":\"https:\\\/\\\/acana.com.pl\\\/karma\\\/wp-content\\\/uploads\\\/2023\\\/06\\\/Earth-Rated-sklep-logo.png\",\"datePublished\":\"2018-04-23T12:52:07+00:00\",\"dateModified\":\"2024-11-08T13:49:29+00:00\",\"breadcrumb\":{\"@id\":\"https:\\\/\\\/acana.com.pl\\\/karma\\\/nasze-marki\\\/earth-rated\\\/#breadcrumb\"},\"inLanguage\":\"pl-PL\",\"potentialAction\":[{\"@type\":\"ReadAction\",\"target\":[\"https:\\\/\\\/acana.com.pl\\\/karma\\\/nasze-marki\\\/earth-rated\\\/\"]}]},{\"@type\":\"ImageObject\",\"inLanguage\":\"pl-PL\",\"@id\":\"https:\\\/\\\/acana.com.pl\\\/karma\\\/nasze-marki\\\/earth-rated\\\/#primaryimage\",\"url\":\"https:\\\/\\\/acana.com.pl\\\/karma\\\/wp-content\\\/uploads\\\/2023\\\/06\\\/Earth-Rated-sklep-logo.png\",\"contentUrl\":\"https:\\\/\\\/acana.com.pl\\\/karma\\\/wp-content\\\/uploads\\\/2023\\\/06\\\/Earth-Rated-sklep-logo.png\",\"width\":266,\"height\":133,\"caption\":\"Logo Earth Rated\"},{\"@type\":\"BreadcrumbList\",\"@id\":\"https:\\\/\\\/acana.com.pl\\\/karma\\\/nasze-marki\\\/earth-rated\\\/#breadcrumb\",\"itemListElement\":[{\"@type\":\"ListItem\",\"position\":1,\"name\":\"Strona g\u0142\u00f3wna\",\"item\":\"https:\\\/\\\/acana.com.pl\\\/karma\\\/\"},{\"@type\":\"ListItem\",\"position\":2,\"name\":\"Nasze marki\",\"item\":\"https:\\\/\\\/acana.com.pl\\\/karma\\\/nasze-marki\\\/\"},{\"@type\":\"ListItem\",\"position\":3,\"name\":\"Earth Rated\"}]},{\"@type\":\"WebSite\",\"@id\":\"https:\\\/\\\/acana.com.pl\\\/karma\\\/#website\",\"url\":\"https:\\\/\\\/acana.com.pl\\\/karma\\\/\",\"name\":\"Blog Acana Polska\",\"description\":\"\",\"publisher\":{\"@id\":\"https:\\\/\\\/acana.com.pl\\\/karma\\\/#organization\"},\"potentialAction\":[{\"@type\":\"SearchAction\",\"target\":{\"@type\":\"EntryPoint\",\"urlTemplate\":\"https:\\\/\\\/acana.com.pl\\\/karma\\\/?s={search_term_string}\"},\"query-input\":{\"@type\":\"PropertyValueSpecification\",\"valueRequired\":true,\"valueName\":\"search_term_string\"}}],\"inLanguage\":\"pl-PL\"},{\"@type\":\"Organization\",\"@id\":\"https:\\\/\\\/acana.com.pl\\\/karma\\\/#organization\",\"name\":\"ACANA POLSKA Sp. z o.o. Sp. K.\",\"url\":\"https:\\\/\\\/acana.com.pl\\\/karma\\\/\",\"logo\":{\"@type\":\"ImageObject\",\"inLanguage\":\"pl-PL\",\"@id\":\"https:\\\/\\\/acana.com.pl\\\/karma\\\/#\\\/schema\\\/logo\\\/image\\\/\",\"url\":\"https:\\\/\\\/acana.com.pl\\\/karma\\\/wp-content\\\/uploads\\\/2018\\\/02\\\/logo-Acana-1.png\",\"contentUrl\":\"https:\\\/\\\/acana.com.pl\\\/karma\\\/wp-content\\\/uploads\\\/2018\\\/02\\\/logo-Acana-1.png\",\"width\":154,\"height\":74,\"caption\":\"ACANA POLSKA Sp. z o.o. Sp. K.\"},\"image\":{\"@id\":\"https:\\\/\\\/acana.com.pl\\\/karma\\\/#\\\/schema\\\/logo\\\/image\\\/\"},\"sameAs\":[\"https:\\\/\\\/www.facebook.com\\\/acanapolska\\\/\"]}]}<\/script>\n<!-- \/ Yoast SEO Premium plugin. -->","yoast_head_json":{"title":"Earth Rated - Blog Acana Polska","robots":{"index":"noindex","follow":"follow"},"og_locale":"pl_PL","og_type":"article","og_title":"Earth Rated","og_description":"Woreczki EARTH RATED na odchody z Kanady i nie tylko! Nic tak nie psuje humoru jak wdepni\u0119cie w psi\u0105 kup\u0119. \u201ePami\u0105tki\u201d po psich spacerach to nie tylko problem natury estetycznej, ale przede wszystkim higienicznej. W odchodach naszych czworono\u017cnych kompan\u00f3w znajduj\u0105 si\u0119 bakterie (m.in. Salmonella, E. coli) i mog\u0105 paso\u017cyty (tasiemce i glisty). Poza tym psie [&hellip;]","og_url":"https:\/\/acana.com.pl\/karma\/nasze-marki\/earth-rated\/","og_site_name":"Blog Acana Polska","article_publisher":"https:\/\/www.facebook.com\/acanapolska\/","article_modified_time":"2024-11-08T13:49:29+00:00","og_image":[{"width":266,"height":133,"url":"https:\/\/acana.com.pl\/karma\/wp-content\/uploads\/2023\/06\/Earth-Rated-sklep-logo.png","type":"image\/png"}],"twitter_card":"summary_large_image","twitter_misc":{"Szacowany czas czytania":"2 minuty"},"schema":{"@context":"https:\/\/schema.org","@graph":[{"@type":"WebPage","@id":"https:\/\/acana.com.pl\/karma\/nasze-marki\/earth-rated\/","url":"https:\/\/acana.com.pl\/karma\/nasze-marki\/earth-rated\/","name":"Earth Rated - Blog Acana Polska","isPartOf":{"@id":"https:\/\/acana.com.pl\/karma\/#website"},"primaryImageOfPage":{"@id":"https:\/\/acana.com.pl\/karma\/nasze-marki\/earth-rated\/#primaryimage"},"image":{"@id":"https:\/\/acana.com.pl\/karma\/nasze-marki\/earth-rated\/#primaryimage"},"thumbnailUrl":"https:\/\/acana.com.pl\/karma\/wp-content\/uploads\/2023\/06\/Earth-Rated-sklep-logo.png","datePublished":"2018-04-23T12:52:07+00:00","dateModified":"2024-11-08T13:49:29+00:00","breadcrumb":{"@id":"https:\/\/acana.com.pl\/karma\/nasze-marki\/earth-rated\/#breadcrumb"},"inLanguage":"pl-PL","potentialAction":[{"@type":"ReadAction","target":["https:\/\/acana.com.pl\/karma\/nasze-marki\/earth-rated\/"]}]},{"@type":"ImageObject","inLanguage":"pl-PL","@id":"https:\/\/acana.com.pl\/karma\/nasze-marki\/earth-rated\/#primaryimage","url":"https:\/\/acana.com.pl\/karma\/wp-content\/uploads\/2023\/06\/Earth-Rated-sklep-logo.png","contentUrl":"https:\/\/acana.com.pl\/karma\/wp-content\/uploads\/2023\/06\/Earth-Rated-sklep-logo.png","width":266,"height":133,"caption":"Logo Earth Rated"},{"@type":"BreadcrumbList","@id":"https:\/\/acana.com.pl\/karma\/nasze-marki\/earth-rated\/#breadcrumb","itemListElement":[{"@type":"ListItem","position":1,"name":"Strona g\u0142\u00f3wna","item":"https:\/\/acana.com.pl\/karma\/"},{"@type":"ListItem","position":2,"name":"Nasze marki","item":"https:\/\/acana.com.pl\/karma\/nasze-marki\/"},{"@type":"ListItem","position":3,"name":"Earth Rated"}]},{"@type":"WebSite","@id":"https:\/\/acana.com.pl\/karma\/#website","url":"https:\/\/acana.com.pl\/karma\/","name":"Blog Acana Polska","description":"","publisher":{"@id":"https:\/\/acana.com.pl\/karma\/#organization"},"potentialAction":[{"@type":"SearchAction","target":{"@type":"EntryPoint","urlTemplate":"https:\/\/acana.com.pl\/karma\/?s={search_term_string}"},"query-input":{"@type":"PropertyValueSpecification","valueRequired":true,"valueName":"search_term_string"}}],"inLanguage":"pl-PL"},{"@type":"Organization","@id":"https:\/\/acana.com.pl\/karma\/#organization","name":"ACANA POLSKA Sp. z o.o. Sp. K.","url":"https:\/\/acana.com.pl\/karma\/","logo":{"@type":"ImageObject","inLanguage":"pl-PL","@id":"https:\/\/acana.com.pl\/karma\/#\/schema\/logo\/image\/","url":"https:\/\/acana.com.pl\/karma\/wp-content\/uploads\/2018\/02\/logo-Acana-1.png","contentUrl":"https:\/\/acana.com.pl\/karma\/wp-content\/uploads\/2018\/02\/logo-Acana-1.png","width":154,"height":74,"caption":"ACANA POLSKA Sp. z o.o. Sp. K."},"image":{"@id":"https:\/\/acana.com.pl\/karma\/#\/schema\/logo\/image\/"},"sameAs":["https:\/\/www.facebook.com\/acanapolska\/"]}]}},"_links":{"self":[{"href":"https:\/\/acana.com.pl\/karma\/wp-json\/wp\/v2\/pages\/7924","targetHints":{"allow":["GET"]}}],"collection":[{"href":"https:\/\/acana.com.pl\/karma\/wp-json\/wp\/v2\/pages"}],"about":[{"href":"https:\/\/acana.com.pl\/karma\/wp-json\/wp\/v2\/types\/page"}],"author":[{"embeddable":true,"href":"https:\/\/acana.com.pl\/karma\/wp-json\/wp\/v2\/users\/9"}],"replies":[{"embeddable":true,"href":"https:\/\/acana.com.pl\/karma\/wp-json\/wp\/v2\/comments?post=7924"}],"version-history":[{"count":0,"href":"https:\/\/acana.com.pl\/karma\/wp-json\/wp\/v2\/pages\/7924\/revisions"}],"up":[{"embeddable":true,"href":"https:\/\/acana.com.pl\/karma\/wp-json\/wp\/v2\/pages\/5"}],"wp:attachment":[{"href":"https:\/\/acana.com.pl\/karma\/wp-json\/wp\/v2\/media?parent=7924"}],"curies":[{"name":"wp","href":"https:\/\/api.w.org\/{rel}","templated":true}]}}